{"id":1792,"date":"2022-03-28T13:19:10","date_gmt":"2022-03-28T11:19:10","guid":{"rendered":"https:\/\/shop.kappavu.it\/KV\/?post_type=product&#038;p=1792"},"modified":"2025-12-10T17:17:17","modified_gmt":"2025-12-10T16:17:17","slug":"una-degna-figlia-di-israele","status":"publish","type":"product","link":"https:\/\/shop.kappavu.it\/KV\/prodotto\/una-degna-figlia-di-israele\/","title":{"rendered":"\u00abUNA DEGNA FIGLIA DI ISRAELE\u00bb"},"content":{"rendered":"<h4><\/h4>\n<h4>\u00abQuella passeggiata intorno al lago,<br \/>\nin lieta comitiva, con le tue dilette sorelle,<br \/>\nal tramonto dorato riflesso sulla sommit\u00e0 dei monti,<br \/>\nnello specchio dell\u2019acque trasparenti,<br \/>\nsulle vostre gaie vesti, o giovinette fervide\u2026\u00bb.<\/h4>\n<h4><em>(Annibale Cignolini)<\/em><\/h4>\n<p>&nbsp;<\/p>\n<h4>Lina Gentilli \u00e8 una presenza e un\u2019assenza: compare, scompare e riappare tra le pagine del libro di cui \u00e8 protagonista. Questa scelta dell\u2019autore di gestire una trattazione storica che si avvale di una corposa documentazione, frutto di studio e di continua ricerca, partendo da una figura intermittente, mi trova in piena sintonia, e mi auguro che lo stesso valga anche per il lettore che si appresta a lasciarsi guidare nel percorso proposto. Ed \u00e8 sorprendente come si dipani un gomitolo di eventi, di problematiche, di tematiche di forte impatto culturale, di inequivocabile attualit\u00e0 e soprattutto di ampia risonanza e solido spessore storico. Il testo \u00e8 allora come un sovrapporsi di stratificazioni, legate l\u2019una all\u2019altra ma nello stesso tempo autonome. In fondo, \u00e8 come un libro che ne conservi in s\u00e9 altri; sceglier\u00e0 poi il lettore da quale raggio di questa fonte luminosa lasciarsi consapevolmente trasportare.<\/h4>\n<h4><em>(dalla prefazione della prof.ssa Fiammetta Bonsignore)<\/em><\/h4>\n<p>&nbsp;<\/p>\n","protected":false},"excerpt":{"rendered":"<h4><span style=\"color: #800000;\"><em>LINA GENTILLI DI GIUSEPPE (SAN DANIELE DEL FRIULI 1883 &#8211; VENEZIA 1901)<\/em><\/span><\/h4>\n<p>&nbsp;<\/p>\n<h4>di <strong><a href=\"http:\/\/shop.kappavu.it\/KV\/autori-mz\/#valerio-marchi\">VALERIO MARCHI<\/a><\/strong><\/h4>\n<p><strong>Lina Gentilli, ebrea di San Daniele del Friuli, mor\u00ec diciottenne. Prenderla come perno attorno cui fare ruotare le diverse anime di questo libro ci porta ad abbozzarne l\u2019interiorit\u00e0, descrivendo altres\u00ec aspetti del piccolo mondo in cui era immersa, alla soglia di quel secolo che corse verso destinazioni anche inaudite e atroci, e il fascio di temi e di problemi suscitati anche da una figura come la sua pu\u00f2 essere osservato attraverso il prisma di ci\u00f2 che anche in lei e attraverso di lei si sperava, si auspicava, prima che il fiume della Storia pronunciasse i suoi responsi. L\u2019assenza di Lina dal proprio futuro, inoltre, ci rimanda a idee, aspirazioni e progetti sui quali \u00e8 tuttora possibile riflettere.<\/strong><\/p>\n<p>&nbsp;<\/p>\n","protected":false},"featured_media":1793,"comment_status":"open","ping_status":"closed","template":"","meta":[],"product_brand":[],"product_cat":[23,19,213],"product_tag":[1705,1358,224,1709,225,1339,927,1340,1717,1341,554,228,928,1718,1719,1707,1720,233,1721],"class_list":{"0":"post-1792","1":"product","2":"type-product","3":"status-publish","4":"has-post-thumbnail","6":"product_cat-biografie","7":"product_cat-storia","8":"product_cat-valerio-marchi","9":"product_tag-antisemitismo","10":"product_tag-antisemitismo-in-friuli","11":"product_tag-cultura-ebraica","12":"product_tag-ebraico","13":"product_tag-ebrei-a-udine","14":"product_tag-ebrei-friulani","15":"product_tag-ebrei-in-friuli","16":"product_tag-famiglia-gentilli","17":"product_tag-famiglie-ebraiche","18":"product_tag-famiglie-ebree-friulane","19":"product_tag-friuli","20":"product_tag-friuli-ottocento","21":"product_tag-gentilli","22":"product_tag-israele","23":"product_tag-nina-gentilli","24":"product_tag-ottocento-in-friuli","25":"product_tag-san-daniele","26":"product_tag-valerio-marchi","27":"product_tag-venezia","29":"first","30":"instock","31":"sale","32":"shipping-taxable","33":"purchasable","34":"product-type-simple","35":"customify-col"},"_links":{"self":[{"href":"https:\/\/shop.kappavu.it\/KV\/wp-json\/wp\/v2\/product\/1792","targetHints":{"allow":["GET"]}}],"collection":[{"href":"https:\/\/shop.kappavu.it\/KV\/wp-json\/wp\/v2\/product"}],"about":[{"href":"https:\/\/shop.kappavu.it\/KV\/wp-json\/wp\/v2\/types\/product"}],"replies":[{"embeddable":true,"href":"https:\/\/shop.kappavu.it\/KV\/wp-json\/wp\/v2\/comments?post=1792"}],"wp:featuredmedia":[{"embeddable":true,"href":"https:\/\/shop.kappavu.it\/KV\/wp-json\/wp\/v2\/media\/1793"}],"wp:attachment":[{"href":"https:\/\/shop.kappavu.it\/KV\/wp-json\/wp\/v2\/media?parent=1792"}],"wp:term":[{"taxonomy":"product_brand","embeddable":true,"href":"https:\/\/shop.kappavu.it\/KV\/wp-json\/wp\/v2\/product_brand?post=1792"},{"taxonomy":"product_cat","embeddable":true,"href":"https:\/\/shop.kappavu.it\/KV\/wp-json\/wp\/v2\/product_cat?post=1792"},{"taxonomy":"product_tag","embeddable":true,"href":"https:\/\/shop.kappavu.it\/KV\/wp-json\/wp\/v2\/product_tag?post=1792"}],"curies":[{"name":"wp","href":"https:\/\/api.w.org\/{rel}","templated":true}]}}