{"id":1785,"date":"2022-04-30T16:13:00","date_gmt":"2022-04-30T14:13:00","guid":{"rendered":"https:\/\/shop.kappavu.it\/KV\/?post_type=product&#038;p=1785"},"modified":"2023-12-05T04:01:45","modified_gmt":"2023-12-05T03:01:45","slug":"viac-aes-origjins-dal-logos","status":"publish","type":"product","link":"https:\/\/shop.kappavu.it\/KV\/prodotto\/viac-aes-origjins-dal-logos\/","title":{"rendered":"VIA\u00c7 AES ORIGJINS DAL LOGOS \/ VIAGGIO ALLE ORIGINI DEL LOGOS"},"content":{"rendered":"<h4><\/h4>\n<h4 class=\"p1\">Un libri bileng\u00e2l, un esperiment linguistic e didatic tra talian e furlan, tra archeologjie e leterature antighis, vivudis sui puescj de bande di students e insegnants, studiadis dal v\u00eef in n\u00fbf l\u00fbcs rapresentat\u00eefs de civilt\u00e2t greghe: Delfs, Olimpie, Atenis, Micenis, Itache, P\u00eel, Epidaur, D\u00eal, Mistr\u00e0.<\/h4>\n<h4><em>\u00c8 il risultato di un esperimento linguistico e didattico tra italiano e friulano, tra archeologia e letteratura antiche, vissute sui luoghi da parte degli studenti e degli insegnanti, studiate dal vivo in nove siti rappresentativi della civilt\u00e0 greca: Delfi, Olimpia, Micene, Itaca, Pilo, Epidauro, Delo, Mistr\u00e0.<\/em><\/h4>\n<p>&nbsp;<\/p>\n","protected":false},"excerpt":{"rendered":"<p>&nbsp;<\/p>\n<h4>di <strong><a href=\"http:\/\/shop.kappavu.it\/KV\/autori-al\/#adrian-cescje\">ADRIAN CESCJE<\/a><\/strong><\/h4>\n<p class=\"p1\"><strong>Un straordenari via\u00e7 re\u00e2l, storic e filosofic inte Grecie antighe e moderne.<\/strong><br \/>\n<strong>Al \u00e8 il risult\u00e2t di une esperience didatiche decen\u00e2l cun fantats e fantatis di un liceu furlan.<\/strong><br \/>\n<strong>Il Logos de Grecie antighe: un messa\u00e7 e un strument inteletu\u00e2l pal d\u00ec di vu\u00ea.<\/strong><br \/>\n<strong>\u00a0<\/strong><br \/>\n<em><strong>Un viaggio straordinario, reale, storico e filosofico nella Grecia antica e moderna.<\/strong><\/em><br \/>\n<em><strong>\u00c8 il risultato di un esperimento linguistico e didattico tra italiano e friulano, tra archeologia e letteratura antiche.<\/strong><\/em><br \/>\n<em><strong>Il Logos della Grecia antica: un messaggio e uno strumento intellettuale per i tempi attuali.<\/strong><\/em><\/p>\n<p>&nbsp;<\/p>\n","protected":false},"featured_media":1554,"comment_status":"open","ping_status":"closed","template":"","meta":[],"product_brand":[],"product_cat":[81,24,21],"product_tag":[1312,1313,1662,1677,1666,551,376,1673,1667,1672,1664,1679,1678,528,1663,1670,1314,1674,1675,1661,1660,1669,1665,1668,1671,1676],"class_list":{"0":"post-1785","1":"product","2":"type-product","3":"status-publish","4":"has-post-thumbnail","6":"product_cat-adrian-cescje","7":"product_cat-didatiche","8":"product_cat-friulano","9":"product_tag-adrian-cescje","10":"product_tag-adriano-ceschia","11":"product_tag-antica-grecia","12":"product_tag-archeologia","13":"product_tag-atene","14":"product_tag-autore-friulano","15":"product_tag-autori-friulani","16":"product_tag-dei-greci","17":"product_tag-delfi","18":"product_tag-delo","19":"product_tag-epidauro","20":"product_tag-filosofi-greci","21":"product_tag-filosofia-greca","22":"product_tag-friulano","23":"product_tag-grecie-antighe","24":"product_tag-itaca","25":"product_tag-lenghe-furlane","26":"product_tag-liceo-copernico","27":"product_tag-liceo-scientifico-copernico","28":"product_tag-logos","29":"product_tag-logos-greco","30":"product_tag-micene","31":"product_tag-mistra","32":"product_tag-olimpia","33":"product_tag-pilo","34":"product_tag-storia-dellantica-grecia","36":"first","37":"instock","38":"shipping-taxable","39":"purchasable","40":"product-type-simple","41":"customify-col"},"_links":{"self":[{"href":"https:\/\/shop.kappavu.it\/KV\/wp-json\/wp\/v2\/product\/1785","targetHints":{"allow":["GET"]}}],"collection":[{"href":"https:\/\/shop.kappavu.it\/KV\/wp-json\/wp\/v2\/product"}],"about":[{"href":"https:\/\/shop.kappavu.it\/KV\/wp-json\/wp\/v2\/types\/product"}],"replies":[{"embeddable":true,"href":"https:\/\/shop.kappavu.it\/KV\/wp-json\/wp\/v2\/comments?post=1785"}],"wp:featuredmedia":[{"embeddable":true,"href":"https:\/\/shop.kappavu.it\/KV\/wp-json\/wp\/v2\/media\/1554"}],"wp:attachment":[{"href":"https:\/\/shop.kappavu.it\/KV\/wp-json\/wp\/v2\/media?parent=1785"}],"wp:term":[{"taxonomy":"product_brand","embeddable":true,"href":"https:\/\/shop.kappavu.it\/KV\/wp-json\/wp\/v2\/product_brand?post=1785"},{"taxonomy":"product_cat","embeddable":true,"href":"https:\/\/shop.kappavu.it\/KV\/wp-json\/wp\/v2\/product_cat?post=1785"},{"taxonomy":"product_tag","embeddable":true,"href":"https:\/\/shop.kappavu.it\/KV\/wp-json\/wp\/v2\/product_tag?post=1785"}],"curies":[{"name":"wp","href":"https:\/\/api.w.org\/{rel}","templated":true}]}}