{"id":1778,"date":"2022-03-14T19:23:44","date_gmt":"2022-03-14T18:23:44","guid":{"rendered":"https:\/\/shop.kappavu.it\/KV\/?post_type=product&#038;p=1778"},"modified":"2024-04-27T11:31:51","modified_gmt":"2024-04-27T09:31:51","slug":"un-operaio-comunista-tra-friuli-francia-e-spagna","status":"publish","type":"product","link":"https:\/\/shop.kappavu.it\/KV\/prodotto\/un-operaio-comunista-tra-friuli-francia-e-spagna\/","title":{"rendered":"UN OPERAIO COMUNISTA TRA FRIULI, FRANCIA E SPAGNA"},"content":{"rendered":"<h4><\/h4>\n<h4>Felice parte da lontano, dalla sua fanciullezza passata nelle fornaci tedesche, in Baviera. Parla della sua formazione sociale e politica maturata attraverso le lotte rivoluzionarie dei primi anni Venti a Torino. Racconta l\u2019attivit\u00e0 sindacale ed antifascista a Lione, in Francia, gli arresti, la clandestinit\u00e0, l\u2019arruolamento per la guerra di Spagna, la ferita al fronte, il rientro in Francia e l\u2019internamento nel campo di Vernet. Infine il rientro in Italia, rinchiuso in un vagone cellulare, il confino a Ventotene, la lotta partigiana in Friuli della quale \u00e8 uno dei primi organizzatori. Il suo \u00e8 un percorso che comprende momenti di vita politica e collettiva, ma anche familiare, quotidiana, gli amori e le amicizie, in un intreccio tra dimensione pubblica e privata che \u201cPolo\u201d non ha voluto e potuto separare.<\/h4>\n<h4><i class=\"\">Un diario fitto non solo di avvenimenti ma denso, pregnante di vita, ideali, forti convinzioni, di appassionata appartenenza, di dedizione continua. Di per s\u00e9 \u00e8 un insegnamento di vita. Il contesto storico oggi \u00e8 assai mutato, ma a guardare in profondit\u00e0 le situazioni di dominio, di violenza, di guerra, di discriminazione sono ugualmente presenti anche nella nostra societ\u00e0 e in modo pi\u00f9 esteso e drammatico in due terzi del pianeta e riguardano centinaia di milioni di persone. Anche oggi c\u2019\u00e8 un popolo immenso di donne e di uomini impegnati per la giustizia, l\u2019uguaglianza, la libert\u00e0 e la pace, ma \u00e8 indubbia la constatazione in questa nostra societ\u00e0 di un rallentamento di questa prospettiva, di questa dedizione, di questo impegno, di un minor coinvolgimento, fino a parlare, con particolare riferimento all\u2019Europa, all\u2019Italia, alla nostra Regione, di crisi profonda delle sinistre come idealit\u00e0, contenuti, rappresentanza, coraggio, determinazione. A me par necessario, indispensabile che gli ideali che hanno animato Polo, che trovano affermazione esplicita e solenne nella nostra Costituzione, continuino ad animare, orientare, coinvolgere il pi\u00f9 gran numero delle persone; che rispetto a giustizia, libert\u00e0, uguaglianza, fratellanza, non si dovrebbe mai cedere per un attimo, mai retrocedere neanche di una minima posizione; si potranno rendere pi\u00f9 efficaci la partecipazione, il metodo, la rappresentanza, ma vivere e cercare di attuare giorno dopo giorno questi ideali, che sono esigenze di una vita umana per tutti, riguarda il senso stesso della nostra vita, l\u2019impegno a contribuire a rendere migliore, pi\u00f9 umano questo mondo.\u00a0<\/i><\/h4>\n<h4>(dalla Prefazione di Pierluigi Di Piazza)<\/h4>\n<p>&nbsp;<\/p>\n","protected":false},"excerpt":{"rendered":"<h4><span style=\"color: #800000;\"><em>LE MEMORIE DI GIOVANNI GIUSEPPE FELICE &#8220;POLO&#8221; L&#8217;IRRIDUCIBILE (1905-1979)<\/em><\/span><\/h4>\n<p>&nbsp;<\/p>\n<h4>di <strong><a href=\"http:\/\/shop.kappavu.it\/KV\/autori-al\/#giovanni-giuseppe-felice\">GIOVANNI GIUSEPPE FELICE<\/a><\/strong><\/h4>\n<h5><strong><span style=\"color: #800000;\"><em>Autobiografia con apparato fotografico<\/em><\/span><\/strong><\/h5>\n<h5><strong>a cura di\u00a0<a href=\"http:\/\/shop.kappavu.it\/KV\/autori-mz\/#marco-puppini\">MARCO PUPPINI<\/a><\/strong><\/h5>\n<p>&nbsp;<\/p>\n<p><strong>La storia dell\u2019emigrazione politica friulana tra le due guerre mondiali \u00e8 un tema affascinante, ancora oggi poco indagato. Attraverso le esperienze di quelle migliaia di lavoratori antifascisti che hanno partecipato al grande laboratorio politico e culturale rappresentato dalla Francia di quegli anni e combattuto in Spagna, allora fronte principale della lotta al fascismo internazionale, la storia del Friuli si \u00e8 trovata intrecciata alla storia politica e culturale europea, attraverso un percorso straordinario di solidariet\u00e0 e di lotta. Queste sono le esperienze e la stagione che Giovanni Giuseppe Felice, \u201cPolo\u201d, antifascista e comunista irriducibile, condivide con tanti compagni e descrive in questo libro.<\/strong><\/p>\n<h5><span style=\"color: #800000;\"><strong>Prefazione di Pierluigi Di Piazza<\/strong><\/span><\/h5>\n<p>&nbsp;<\/p>\n<p>&nbsp;<\/p>\n","protected":false},"featured_media":1550,"comment_status":"open","ping_status":"closed","template":"","meta":[],"product_brand":[],"product_cat":[23,149,68,19],"product_tag":[1614,753,1576,995,1615,1616,1617,826,1618,1619,1245,273,752,1620,1559,282,1147,1621,1622,1623,758,610,760,1624,1625],"class_list":{"0":"post-1778","1":"product","2":"type-product","3":"status-publish","4":"has-post-thumbnail","6":"product_cat-biografie","7":"product_cat-giovanni-giuseppe-felice","8":"product_cat-marco-puppini","9":"product_cat-storia","10":"product_tag-autobiografia","11":"product_tag-biografia","12":"product_tag-biografie","13":"product_tag-emigrazione","14":"product_tag-emigrazione-friulana","15":"product_tag-emigrazione-in-francia","16":"product_tag-giovanni-felice","17":"product_tag-guerra-di-spagna","18":"product_tag-lione","19":"product_tag-lotta-di-classe","20":"product_tag-lotta-di-liberazione","21":"product_tag-marco-puppini","22":"product_tag-novecento-friulano","23":"product_tag-operai-friulani","24":"product_tag-partigiani","25":"product_tag-partigiani-friulani","26":"product_tag-partigiani-in-friuli","27":"product_tag-partito-comunista","28":"product_tag-partito-comunista-francese","29":"product_tag-partito-comunista-italiano","30":"product_tag-resistenza","31":"product_tag-resistenza-in-friuli","32":"product_tag-storia-del-friuli","33":"product_tag-storia-politica-europea","34":"product_tag-torino","36":"first","37":"instock","38":"shipping-taxable","39":"purchasable","40":"product-type-simple","41":"customify-col"},"_links":{"self":[{"href":"https:\/\/shop.kappavu.it\/KV\/wp-json\/wp\/v2\/product\/1778","targetHints":{"allow":["GET"]}}],"collection":[{"href":"https:\/\/shop.kappavu.it\/KV\/wp-json\/wp\/v2\/product"}],"about":[{"href":"https:\/\/shop.kappavu.it\/KV\/wp-json\/wp\/v2\/types\/product"}],"replies":[{"embeddable":true,"href":"https:\/\/shop.kappavu.it\/KV\/wp-json\/wp\/v2\/comments?post=1778"}],"wp:featuredmedia":[{"embeddable":true,"href":"https:\/\/shop.kappavu.it\/KV\/wp-json\/wp\/v2\/media\/1550"}],"wp:attachment":[{"href":"https:\/\/shop.kappavu.it\/KV\/wp-json\/wp\/v2\/media?parent=1778"}],"wp:term":[{"taxonomy":"product_brand","embeddable":true,"href":"https:\/\/shop.kappavu.it\/KV\/wp-json\/wp\/v2\/product_brand?post=1778"},{"taxonomy":"product_cat","embeddable":true,"href":"https:\/\/shop.kappavu.it\/KV\/wp-json\/wp\/v2\/product_cat?post=1778"},{"taxonomy":"product_tag","embeddable":true,"href":"https:\/\/shop.kappavu.it\/KV\/wp-json\/wp\/v2\/product_tag?post=1778"}],"curies":[{"name":"wp","href":"https:\/\/api.w.org\/{rel}","templated":true}]}}