{"id":1777,"date":"2022-03-14T18:30:05","date_gmt":"2022-03-14T17:30:05","guid":{"rendered":"https:\/\/shop.kappavu.it\/KV\/?post_type=product&#038;p=1777"},"modified":"2023-03-23T11:50:45","modified_gmt":"2023-03-23T10:50:45","slug":"un-cane-da-catena","status":"publish","type":"product","link":"https:\/\/shop.kappavu.it\/KV\/prodotto\/un-cane-da-catena\/","title":{"rendered":"UN CANE DA CATENA"},"content":{"rendered":"<h4><\/h4>\n<h4>Il catastrofico terremoto che nel 1976 sconvolse il Friuli viene raccontato per la prima volta in un romanzo, completato a 10 anni dal tragico evento. In molti casi ogni riferimento a persone reali \u00e8 puramente casuale, e del resto i paesi attraverso i quali il protagonista snoda la sua triste esperienza non portano un nome. Ci\u00f2 \u00e8 intenzionale perch\u00e9 ogni paese vuole essere tutti i paesi del Friuli, e i bambini, i vecchi, le donne, gli uomini vogliono essere tutti i bambini, i vecchi, le donne, gli uomini del Friuli.<\/h4>\n<h4>\u00c8 per rendere omaggio alla propria terra che Bruna Sibille-Sizia ha raccolto in questi paesi imprecisati le tragiche vicende avvenute un po\u2019 dovunque. Non aveva importanza che il paese si chiamasse Gemona, Osoppo, Trasaghis, Buja, Tarcento, e il fiume Tagliamento, e il torrente Torre, e la montagna Glemina, San Simeone, Brancot, Musi, perch\u00e9 il terremoto, pi\u00f9 o meno duramente, ha colpito con effetti ripetitivi tutta una vasta zona e le storie che troviamo nel romanzo sono simili a quelle delle centinaia di vittime e delle decine di migliaia di superstiti la cui vita rest\u00f2 segnata dalla drammatica esperienza. Gli avvenimenti scorrono sotto lo sguardo del protagonista principale, che \u00e8 un cane, come attraverso un filtro: un effetto non privo di magia. Come ha scritto Gianfranco Ellero: \u201c<em>Un cane da catena<\/em>\u00a0\u00e8 un romanzo splendido, intensamente poetico e ben degno di pubblicazione\u201d.<\/h4>\n<h4><em>Con un ricco inserto fotografico con immagini scattate dall\u2019autrice nei luoghi descritti nel romanzo.<\/em><\/h4>\n<p>&nbsp;<\/p>\n","protected":false},"excerpt":{"rendered":"<h4><span style=\"color: #800000;\"><em>IL PRIMO ROMANZO SUL TERREMOTO DEL FRIULI<\/em><\/span><\/h4>\n<p>&nbsp;<\/p>\n<h4>di <strong><a href=\"http:\/\/shop.kappavu.it\/KV\/autori-al\/#bruna-sibille-sizia\">BRUNA SIBILLE-SIZIA<\/a><\/strong><\/h4>\n<p><strong>Il catastrofico terremoto che nel 1976 sconvolse il Friuli viene raccontato per la prima volta in un romanzo, completato a 10 anni dal tragico evento.\u00a0\u00c8 per rendere omaggio alla propria terra che Bruna Sibille-Sizia ha raccolto in questi paesi imprecisati le tragiche vicende avvenute un po\u2019 dovunque. Non aveva importanza che il paese si chiamasse Gemona, Osoppo, Trasaghis, Buja, Tarcento, e il fiume Tagliamento, e il torrente Torre, e la montagna Glemina, San Simeone, Brancot, Musi, perch\u00e9 il terremoto, pi\u00f9 o meno duramente, ha colpito con effetti ripetitivi tutta una vasta zona e le storie che troviamo nel romanzo sono simili a quelle delle centinaia di vittime e delle decine di migliaia di superstiti la cui vita rest\u00f2 segnata dalla drammatica esperienza. Gli avvenimenti scorrono sotto lo sguardo del protagonista principale, che \u00e8 un cane, come attraverso un filtro: un effetto non privo di magia.<\/strong><\/p>\n<p>&nbsp;<\/p>\n","protected":false},"featured_media":1549,"comment_status":"open","ping_status":"closed","template":"","meta":[],"product_brand":[],"product_cat":[100,18],"product_tag":[1601,385,969,1602,1603,1604,1249,459,1605,1606,538,1247,667,1607,1608,1609,566,1610],"class_list":{"0":"post-1777","1":"product","2":"type-product","3":"status-publish","4":"has-post-thumbnail","6":"product_cat-bruna-sibille-sizia","7":"product_cat-narrativa","8":"product_tag-6-maggio-1976","9":"product_tag-autrici-friulane","10":"product_tag-bruna-sibille-sizia","11":"product_tag-buja","12":"product_tag-gemona","13":"product_tag-majano","14":"product_tag-martina-delpiccolo","15":"product_tag-narrativa-friulana","16":"product_tag-orcolat","17":"product_tag-osoppo","18":"product_tag-romanzo-ambientato-in-friuli","19":"product_tag-romanzo-femminile","20":"product_tag-romanzo-storico","21":"product_tag-romanzo-sul-terremoto","22":"product_tag-terremoto-friulano","23":"product_tag-terremoto-in-friuli","24":"product_tag-tito-maniacco","25":"product_tag-trasaghis","27":"first","28":"outofstock","29":"shipping-taxable","30":"purchasable","31":"product-type-simple","32":"customify-col"},"_links":{"self":[{"href":"https:\/\/shop.kappavu.it\/KV\/wp-json\/wp\/v2\/product\/1777","targetHints":{"allow":["GET"]}}],"collection":[{"href":"https:\/\/shop.kappavu.it\/KV\/wp-json\/wp\/v2\/product"}],"about":[{"href":"https:\/\/shop.kappavu.it\/KV\/wp-json\/wp\/v2\/types\/product"}],"replies":[{"embeddable":true,"href":"https:\/\/shop.kappavu.it\/KV\/wp-json\/wp\/v2\/comments?post=1777"}],"wp:featuredmedia":[{"embeddable":true,"href":"https:\/\/shop.kappavu.it\/KV\/wp-json\/wp\/v2\/media\/1549"}],"wp:attachment":[{"href":"https:\/\/shop.kappavu.it\/KV\/wp-json\/wp\/v2\/media?parent=1777"}],"wp:term":[{"taxonomy":"product_brand","embeddable":true,"href":"https:\/\/shop.kappavu.it\/KV\/wp-json\/wp\/v2\/product_brand?post=1777"},{"taxonomy":"product_cat","embeddable":true,"href":"https:\/\/shop.kappavu.it\/KV\/wp-json\/wp\/v2\/product_cat?post=1777"},{"taxonomy":"product_tag","embeddable":true,"href":"https:\/\/shop.kappavu.it\/KV\/wp-json\/wp\/v2\/product_tag?post=1777"}],"curies":[{"name":"wp","href":"https:\/\/api.w.org\/{rel}","templated":true}]}}