{"id":1775,"date":"2022-03-14T18:09:45","date_gmt":"2022-03-14T17:09:45","guid":{"rendered":"https:\/\/shop.kappavu.it\/KV\/?post_type=product&#038;p=1775"},"modified":"2025-05-03T12:59:53","modified_gmt":"2025-05-03T10:59:53","slug":"un-campo-di-concentramento-fascista","status":"publish","type":"product","link":"https:\/\/shop.kappavu.it\/KV\/prodotto\/un-campo-di-concentramento-fascista\/","title":{"rendered":"UN CAMPO DI CONCENTRAMENTO FASCISTA. Gonars 1942-1943"},"content":{"rendered":"<h4><\/h4>\n<h4>Ricordare la tragedia del campo di Gonars e riconoscerne le responsabilit\u00e0 italiane non \u00e8 solo una questione storica o di politica internazionale ma anche di sensibilit\u00e0 civile ed \u00e8 per questo che l\u2019Amministrazione Comunale di Gonars ritiene che sia un dovere civico far conoscere quali sono state le responsabilit\u00e0 dell\u2019Italia che pesano sul destino subito dalle popolazioni slovene e croate durante l\u2019occupazione della Jugoslavia.<br \/>\nNel campo di Gonars, che fu aperto nel 1941 e fu attivo fino al settembre 1943, vennero internati in maggioranza sloveni e croati. Durante questo periodo il regime di vita particolarmente duro caus\u00f2 la morte di oltre 400 internati civili tra cui molte donne e bambini.<\/h4>\n<h4>La memoria delle vittime di questo campo italiano \u00e8 custodita oggi da un grande sacrario sorto nel cimitero di Gonars, su progetto dello scultore accademico Miograd Zivkovi\u0107, di cui quest\u2019anno ricorre il 30\u00b0 anniversario dell\u2019inaugurazione che avvenne nel dicembre 1973. Nel mese di novembre di ogni anno questo luogo della memoria ospita una sentita cerimonia a cui partecipano rappresentanti delle repubbliche slovena e croata ed ex internati.<\/h4>\n<h4>Poco lontano dal complesso commemorativo sorgeva il campo di cui oggi non resta praticamente nulla, se non le fosse in cemento delle latrine, alcuni resti di piazzole in cemento che servivano a basamento di alloggiamenti e baracche ed un terrapieno che sfuggono allo sguardo dei passanti. La loro presenza, per\u00f2, potr\u00e0 permettere la realizzazione di un \u201cparco della memoria\u201d in grado di rievocare in modo autentico il progetto angosciante che lo Stato italiano fascista aveva riservato alle popolazioni della Jugoslavia assoggettate al suo dominio: la deportazione di massa della popolazione civile.<\/h4>\n<h4>Questi imbarazzanti memorie ci impongono nuove considerazioni e maggiori ricerche. Il sistema dei campi di concentramento fascisti, anche se non ha raggiunto il livello di orrore e sterminio nazista, non deve essere giudicato marginale e la dimenticanza di questa parte di storia accompagnata dalla distruzione di molte delle strutture che la simboleggiano, ci obbliga ad acquisire una maggiore consapevolezza del nostro passato attraverso una corretta divulgazione della memoria per trarne una lezione civile in questa nostra societ\u00e0 che deve essere sempre pi\u00f9 aperta alla convivenza tra i popoli. Solo in questo modo si potr\u00e0 contribuire ad una pi\u00f9 attenta conservazione di questi luoghi e a mantenere alto il monito contro ogni forma di prevaricazione dei diritti e delle libert\u00e0 personali.<\/h4>\n<h4>Gonars, novembre 2003<\/h4>\n<h4><em>Ivan Cignola<\/em>, sindaco del Comune di Gonars<\/h4>\n<p>&nbsp;<\/p>\n","protected":false},"excerpt":{"rendered":"<p>&nbsp;<\/p>\n<h4>di <strong><a href=\"http:\/\/shop.kappavu.it\/KV\/autori-al\/#alessandra-kersevan\">ALESSANDRA KERSEVAN<\/a><\/strong><\/h4>\n<p><strong>Una storia che non pu\u00f2 essere minimizzata, e che richiede una presa di coscienza collettiva degli Italiani e un suo inserimento anche nel patrimonio conoscitivo delle nuove generazioni.<\/strong><\/p>\n<p>&nbsp;<\/p>\n<h5><strong><em>Il 60\u00b0 anniversario della liberazione del campo di concentramento di Gonars \u00e8 l\u2019occasione per la presentazione della pubblicazione che Alessandra Kersevan ha dedicato a questa vicenda.<\/em><\/strong><br \/>\n<strong><em>Un libro nuovo che approfondisce i contenuti di \u201cOltre il filo\u201d di Nadja Pahor Verri, edito nel 1993, grazie a documentazione inedita e ad una ricerca di grande interesse ed attualit\u00e0, commissionata dal Comune di Gonars con il contributo della Provincia di Udine, che concorre ad un risveglio della nostra memoria atrofizzata in merito all\u2019esistenza dei campi di concentramento per civili allestiti dal regime fascista durante il secondo conflitto mondiale.<\/em><\/strong><\/h5>\n<p>&nbsp;<\/p>\n","protected":false},"featured_media":1548,"comment_status":"open","ping_status":"closed","template":"","meta":[],"product_brand":[],"product_cat":[46,20,19],"product_tag":[1175,1584,529,535,385,1585,887,1586,1587,1588,1589,1590,1591,1592,1593,1143,1594,1595,1218,1596,1597,1598,1599],"class_list":{"0":"post-1775","1":"product","2":"type-product","3":"status-publish","4":"has-post-thumbnail","6":"product_cat-alessandra-kersevan","7":"product_cat-resistenza_storica","8":"product_cat-storia","9":"product_tag-adriatisches-kustenland","10":"product_tag-aggressione-alla-jugoslavia","11":"product_tag-alessandra-kersevan","12":"product_tag-autrice-friulana","13":"product_tag-autrici-friulane","14":"product_tag-campi-di-concentramento","15":"product_tag-campi-di-concentramento-fascisti","16":"product_tag-campi-di-concentramento-in-italia","17":"product_tag-campi-di-sterminio-fascisti","18":"product_tag-campo-di-arbe","19":"product_tag-campo-di-concentramento-di-gonars","20":"product_tag-campo-di-gonars","21":"product_tag-campo-di-rab","22":"product_tag-deportazione-in-italia","23":"product_tag-deportazione-popolazioni-slave","24":"product_tag-fascismo-in-friuli","25":"product_tag-internamento-civili-slavi","26":"product_tag-internamento-di-civili","27":"product_tag-invasione-della-jugoslavia","28":"product_tag-miograd-zivkovic","29":"product_tag-politica-annessionista","30":"product_tag-repressione-fascista","31":"product_tag-sacrario-di-gonars","33":"first","34":"instock","35":"shipping-taxable","36":"purchasable","37":"product-type-simple","38":"customify-col"},"_links":{"self":[{"href":"https:\/\/shop.kappavu.it\/KV\/wp-json\/wp\/v2\/product\/1775","targetHints":{"allow":["GET"]}}],"collection":[{"href":"https:\/\/shop.kappavu.it\/KV\/wp-json\/wp\/v2\/product"}],"about":[{"href":"https:\/\/shop.kappavu.it\/KV\/wp-json\/wp\/v2\/types\/product"}],"replies":[{"embeddable":true,"href":"https:\/\/shop.kappavu.it\/KV\/wp-json\/wp\/v2\/comments?post=1775"}],"wp:featuredmedia":[{"embeddable":true,"href":"https:\/\/shop.kappavu.it\/KV\/wp-json\/wp\/v2\/media\/1548"}],"wp:attachment":[{"href":"https:\/\/shop.kappavu.it\/KV\/wp-json\/wp\/v2\/media?parent=1775"}],"wp:term":[{"taxonomy":"product_brand","embeddable":true,"href":"https:\/\/shop.kappavu.it\/KV\/wp-json\/wp\/v2\/product_brand?post=1775"},{"taxonomy":"product_cat","embeddable":true,"href":"https:\/\/shop.kappavu.it\/KV\/wp-json\/wp\/v2\/product_cat?post=1775"},{"taxonomy":"product_tag","embeddable":true,"href":"https:\/\/shop.kappavu.it\/KV\/wp-json\/wp\/v2\/product_tag?post=1775"}],"curies":[{"name":"wp","href":"https:\/\/api.w.org\/{rel}","templated":true}]}}