{"id":1774,"date":"2022-03-14T17:50:25","date_gmt":"2022-03-14T16:50:25","guid":{"rendered":"https:\/\/shop.kappavu.it\/KV\/?post_type=product&#038;p=1774"},"modified":"2024-06-24T16:22:24","modified_gmt":"2024-06-24T14:22:24","slug":"sulle-tracce-di-gasperina","status":"publish","type":"product","link":"https:\/\/shop.kappavu.it\/KV\/prodotto\/sulle-tracce-di-gasperina\/","title":{"rendered":"SULLE TRACCE DI GASPERINA"},"content":{"rendered":"<h4><\/h4>\n<h4><em>\u201cE mi dico: non \u00e8 proprio questo la biografia? Una logica artificiosa che imponiamo a \u201cuna successione incoerente di quadri\u201d?\u201d<\/em><br \/>\nMilan Kundera<\/h4>\n<h4>Fino a che punto una biografia pu\u00f2 essere veritiera? Molti sostengono che non lo pu\u00f2 mai, e forse hanno ragione. Ma a me interessa confrontarmi con la discontinuit\u00e0 e la frammentariet\u00e0 della vita, accettando da subito il suo esser fatta di istanti, di bagliori colti nel loro splendore transitorio. Il mio intento \u00e8 di adoperarmi per ridare spessore a esistenze che rischiano di sfocare all\u2019interno di una nebulosa composta di ombre, di evocare, anche solo a tratti, per \u201cquadri incoerenti\u201d, come suggerisce Kundera, alcuni momenti di una vita, intessuti inevitabilmente di gioia e dolore, di piccole banalit\u00e0 quotidiane o di attimi insperati e meravigliosi, che a volte dipendono da un contesto storico generale ma in altri casi sembrano sfuggire a logiche strettamente temporali. Mi piacerebbe che questo lavoro venisse letto con lo stesso spirito gioioso che mi anima nella ricerca dei documenti e delle testimonianze, poich\u00e9 se \u00e8 vero, e per me lo \u00e8, che ogni esistenza vale per se stessa, nella sua individuale rilevanza, essa non pu\u00f2 che trasmettere quel flusso di energia che l\u2019ha sospinta nello scorrere del tempo, nel bene o nel male che ha attraversato.<br \/>\n(<em>dall\u2019introduzione di Marina Giovannelli<\/em>)<\/h4>\n<p>&nbsp;<\/p>\n<h4><strong><span style=\"color: #ff0000;\">RECENSIONE<\/span><\/strong> di <strong><span style=\"color: #3366ff;\">Carmen Gasparotto<\/span><\/strong> su\u00a0IUNCTURAE.EU<\/h4>\n<h4><a href=\"http:\/\/www.iuncturae.eu\/2021\/01\/02\/sulle-tracce-di-gasperina-una-biografia-congetturale\/\">http:\/\/www.iuncturae.eu\/2021\/01\/02\/sulle-tracce-di-gasperina-una-biografia-congetturale\/<\/a><\/h4>\n<p>&nbsp;<\/p>\n","protected":false},"excerpt":{"rendered":"<h4><span style=\"color: #800000;\"><em>UNA BIOGRAFIA CONGETTURALE<\/em><\/span><\/h4>\n<p>&nbsp;<\/p>\n<h4>di <strong><a href=\"http:\/\/shop.kappavu.it\/KV\/autori-mz\/#marina-giovannelli\">MARINA GIOVANNELLI<\/a><\/strong><\/h4>\n<p><strong>La realt\u00e0 oggettiva si limita a mostrare evidenze e in nessun luogo, nemmeno nelle cronache pi\u00f9 dettagliate, \u00e8 dato leggere i segreti del cuore, i dubbi della mente, i sogni che accompagnano chi abbia sensibilit\u00e0 e intelletto; tuttavia ogni vita \u00e8 riconoscibile come unica, diversa da ogni altra, con un suo particolare mistero e un suo \u2018colore\u2019. Ogni biografia, in definitiva, ambisce a cogliere questo tratto rivelatore del chi \u00e8 stata una persona.<\/strong><\/p>\n<p>&nbsp;<\/p>\n<h5><a href=\"https:\/\/www.youtube.com\/watch?v=D6pP0xG2Jxg\"><span style=\"color: #000080;\"><strong>GUARDA IL VIDEO DI PRESENTAZIONE<\/strong><\/span><\/a><\/h5>\n<p>&nbsp;<\/p>\n","protected":false},"featured_media":1547,"comment_status":"open","ping_status":"closed","template":"","meta":[],"product_brand":[],"product_cat":[23,48,19],"product_tag":[753,1575,1576,1577,395,901,398,1578,394,752,402,403,1579,404,405,1580],"class_list":{"0":"post-1774","1":"product","2":"type-product","3":"status-publish","4":"has-post-thumbnail","6":"product_cat-biografie","7":"product_cat-marina-giovannelli","8":"product_cat-storia","9":"product_tag-biografia","10":"product_tag-biografia-congetturale","11":"product_tag-biografie","12":"product_tag-biografie-di-donne","13":"product_tag-conflitto-di-genere","14":"product_tag-donne-friulane","15":"product_tag-genere-femminile","16":"product_tag-maestra-di-scuola","17":"product_tag-marina-giovannelli","18":"product_tag-novecento-friulano","19":"product_tag-racconti-di-donne","20":"product_tag-romanzi-al-femminile","21":"product_tag-romanzo-biografico","22":"product_tag-storie-al-femminile","23":"product_tag-storie-di-donne","24":"product_tag-tarvisio","26":"first","27":"instock","28":"shipping-taxable","29":"purchasable","30":"product-type-simple","31":"customify-col"},"_links":{"self":[{"href":"https:\/\/shop.kappavu.it\/KV\/wp-json\/wp\/v2\/product\/1774","targetHints":{"allow":["GET"]}}],"collection":[{"href":"https:\/\/shop.kappavu.it\/KV\/wp-json\/wp\/v2\/product"}],"about":[{"href":"https:\/\/shop.kappavu.it\/KV\/wp-json\/wp\/v2\/types\/product"}],"replies":[{"embeddable":true,"href":"https:\/\/shop.kappavu.it\/KV\/wp-json\/wp\/v2\/comments?post=1774"}],"wp:featuredmedia":[{"embeddable":true,"href":"https:\/\/shop.kappavu.it\/KV\/wp-json\/wp\/v2\/media\/1547"}],"wp:attachment":[{"href":"https:\/\/shop.kappavu.it\/KV\/wp-json\/wp\/v2\/media?parent=1774"}],"wp:term":[{"taxonomy":"product_brand","embeddable":true,"href":"https:\/\/shop.kappavu.it\/KV\/wp-json\/wp\/v2\/product_brand?post=1774"},{"taxonomy":"product_cat","embeddable":true,"href":"https:\/\/shop.kappavu.it\/KV\/wp-json\/wp\/v2\/product_cat?post=1774"},{"taxonomy":"product_tag","embeddable":true,"href":"https:\/\/shop.kappavu.it\/KV\/wp-json\/wp\/v2\/product_tag?post=1774"}],"curies":[{"name":"wp","href":"https:\/\/api.w.org\/{rel}","templated":true}]}}