{"id":1773,"date":"2022-03-14T17:44:27","date_gmt":"2022-03-14T16:44:27","guid":{"rendered":"https:\/\/shop.kappavu.it\/KV\/?post_type=product&#038;p=1773"},"modified":"2023-12-02T16:04:24","modified_gmt":"2023-12-02T15:04:24","slug":"gjat-ut-e-nadal","status":"publish","type":"product","link":"https:\/\/shop.kappavu.it\/KV\/prodotto\/gjat-ut-e-nadal\/","title":{"rendered":"GJAT UT E NAD\u00c2L"},"content":{"rendered":"<h4><\/h4>\n<h4>Tescj di\u00a0Deborah Crapiz<br \/>\nDissens di\u00a0Doriana Alessio<\/h4>\n<h4>Consulence linguistiche: Dot.e Raffaella Picco<br \/>\nImpagjinazion: Paola D\u2019Elia<\/h4>\n<h4>Coordinament editori\u00e2l:\u00a0Alessandra Kersevan<\/h4>\n<p>&nbsp;<\/p>\n","protected":false},"excerpt":{"rendered":"<p>&nbsp;<\/p>\n<h4>di <strong><a href=\"http:\/\/shop.kappavu.it\/KV\/autori-al\/#deborah-crapiz\">DEBORAH CRAPIZ<\/a><\/strong> e <strong><a href=\"http:\/\/shop.kappavu.it\/KV\/autori-al\/#deborah-crapiz\">DORIANA ALESSIO<\/a><\/strong><\/h4>\n<p><strong>Lis aventuris di Gjat Ut a son scritis e ilustradis di d\u00f4s mestris pai frutins de scuele primarie, ma ancje par chei gjenit\u00f4rs che a \u00e0n voie di l\u00eai ai l\u00f4r fruts in furlan.<\/strong><\/p>\n<p><em><strong>Le avventure di Gjat Ut scritte e illustrate da due maestre per i bambini delle scuole primarie, ma anche per quei genitori che hanno voglia di leggere in friulano ai loro figli.<\/strong><\/em><\/p>\n<h5><strong><span style=\"color: #800000;\">Dissens di \/\u00a0<em>Disegni di<\/em>\u00a0Doriana Alessio<\/span><\/strong><\/h5>\n<h5><strong><span style=\"color: #800000;\">Tescj di \/\u00a0<em>Testi di<\/em>\u00a0Deborah Crapiz<\/span><\/strong><\/h5>\n<h5><strong><span style=\"color: #800000;\">Consulence linguistiche di \/\u00a0<em>Consulenza linguistica di<\/em>\u00a0Dot.e Raffaella Picco<\/span><\/strong><\/h5>\n<p>&nbsp;<\/p>\n","protected":false},"featured_media":1466,"comment_status":"open","ping_status":"closed","template":"","meta":[],"product_brand":[],"product_cat":[123,24,124,21],"product_tag":[1563,985,684,685,686,687,984,986,869,870,974,1564,699,1571,1572,1565,1573,1566,1567,635,1570,878,879],"class_list":{"0":"post-1773","1":"product","2":"type-product","3":"status-publish","4":"has-post-thumbnail","6":"product_cat-deborah-crapiz","7":"product_cat-didatiche","8":"product_cat-doriana-alessio","9":"product_cat-friulano","10":"product_tag-avventure-in-friulano","11":"product_tag-deborah-crapiz","12":"product_tag-didatiche","13":"product_tag-didatiche-furlane","14":"product_tag-didatiche-par-furlan","15":"product_tag-didattica-in-friulano","16":"product_tag-doriana-alessio","17":"product_tag-giochi-con-gli-animali","18":"product_tag-giochi-in-friulano","19":"product_tag-giochi-per-bambini","20":"product_tag-gioco-in-friulano","21":"product_tag-gjat-ut","22":"product_tag-libruts-par-furlan","23":"product_tag-nadal-pai-frutins","24":"product_tag-regal-di-nadal","25":"product_tag-storie-illustrate-in-friulano","26":"product_tag-storie-natalizie","27":"product_tag-storielle-illustrate","28":"product_tag-storielle-per-bambini-in-friulano","29":"product_tag-storiis-par-furlan","30":"product_tag-storiutis-di-nadal","31":"product_tag-storiutis-pai-frutins","32":"product_tag-storiutis-par-furlan","34":"first","35":"instock","36":"shipping-taxable","37":"purchasable","38":"product-type-simple","39":"customify-col"},"_links":{"self":[{"href":"https:\/\/shop.kappavu.it\/KV\/wp-json\/wp\/v2\/product\/1773","targetHints":{"allow":["GET"]}}],"collection":[{"href":"https:\/\/shop.kappavu.it\/KV\/wp-json\/wp\/v2\/product"}],"about":[{"href":"https:\/\/shop.kappavu.it\/KV\/wp-json\/wp\/v2\/types\/product"}],"replies":[{"embeddable":true,"href":"https:\/\/shop.kappavu.it\/KV\/wp-json\/wp\/v2\/comments?post=1773"}],"wp:featuredmedia":[{"embeddable":true,"href":"https:\/\/shop.kappavu.it\/KV\/wp-json\/wp\/v2\/media\/1466"}],"wp:attachment":[{"href":"https:\/\/shop.kappavu.it\/KV\/wp-json\/wp\/v2\/media?parent=1773"}],"wp:term":[{"taxonomy":"product_brand","embeddable":true,"href":"https:\/\/shop.kappavu.it\/KV\/wp-json\/wp\/v2\/product_brand?post=1773"},{"taxonomy":"product_cat","embeddable":true,"href":"https:\/\/shop.kappavu.it\/KV\/wp-json\/wp\/v2\/product_cat?post=1773"},{"taxonomy":"product_tag","embeddable":true,"href":"https:\/\/shop.kappavu.it\/KV\/wp-json\/wp\/v2\/product_tag?post=1773"}],"curies":[{"name":"wp","href":"https:\/\/api.w.org\/{rel}","templated":true}]}}