{"id":1769,"date":"2022-03-14T16:22:45","date_gmt":"2022-03-14T15:22:45","guid":{"rendered":"https:\/\/shop.kappavu.it\/KV\/?post_type=product&#038;p=1769"},"modified":"2022-10-21T15:43:59","modified_gmt":"2022-10-21T13:43:59","slug":"spigolature","status":"publish","type":"product","link":"https:\/\/shop.kappavu.it\/KV\/prodotto\/spigolature\/","title":{"rendered":"SPIGOLATURE"},"content":{"rendered":"<h4><\/h4>\n<h4 class=\"std\">L\u2019autore ha spigolato fra le cose sue e dopo le sue mietiture. Ma, quando si va a ritroso, si incontra un se stesso che \u00e8 sempre anche un altro: ci\u00f2 che si \u00e8 oggi e ci\u00f2 che si era. Ci si legge da dentro, ma anche da fuori, con piena immedesimazione e, al tempo stesso, con una sorta di paradossale distacco. Si cerca, poi, di ricomporre i pezzi, ma intanto lo scenario \u00e8 mutato, \u00e8 stato disfatto per alimentarsi e per preparare un\u2019altra stagione. Restano chicchi, acini, grani, foglie\u2026 brandelli. Eppure ci si riconosce, ci si ritrova: uniti e disuniti, coerenti ed incoerenti, formati e sfumati, consolidati ed evaporati. Intanto, comunque sia, si sopravvive. Si sopravvive con il cibo residuo delle emozioni, delle sensazioni, dei sentimenti, degli affetti, delle volont\u00e0, dei progetti, dei successi, dei fallimenti\u2026 un giorno alla volta, poveri di tutto, ricchi per quel poco che si raccatta. Ma quel poco \u00e8 tutto, e lascia intravedere un nuovo giorno.<\/h4>\n<p>&nbsp;<\/p>\n","protected":false},"excerpt":{"rendered":"<h4><span style=\"color: #800000;\"><em>POESIE INEDITE 1995-2013<\/em><\/span><\/h4>\n<p>&nbsp;<\/p>\n<h4>di <strong><a href=\"http:\/\/shop.kappavu.it\/KV\/autori-mz\/#valerio-marchi\">VALERIO MARCHI<\/a><\/strong><\/h4>\n<p><strong>\u00abSpigolare: racimolare ci\u00f2 che avanza dalle raccolte e dalle mietiture altrui per saziare la propria fame, cibandosi dello stretto necessario. Un\u2019azione tipica del mondo agricolo, fonte di sopravvivenza, lungo i millenni, per poveri di intere generazioni\u00bb. Una metafora che ben si adatta anche alla poesia.<\/strong><\/p>\n<p>&nbsp;<\/p>\n","protected":false},"featured_media":1545,"comment_status":"open","ping_status":"closed","template":"","meta":[],"product_brand":[],"product_cat":[27,213],"product_tag":[1405,1544,379,1545,303,304,233],"class_list":{"0":"post-1769","1":"product","2":"type-product","3":"status-publish","4":"has-post-thumbnail","6":"product_cat-poesia","7":"product_cat-valerio-marchi","8":"product_tag-poesia","9":"product_tag-poesie-autori-friulani","10":"product_tag-poesie-friulane","11":"product_tag-poesie-inedite","12":"product_tag-raccolta-di-poesie","13":"product_tag-raccolta-di-poesie-friulane","14":"product_tag-valerio-marchi","16":"first","17":"instock","18":"sale","19":"shipping-taxable","20":"purchasable","21":"product-type-simple","22":"customify-col"},"_links":{"self":[{"href":"https:\/\/shop.kappavu.it\/KV\/wp-json\/wp\/v2\/product\/1769","targetHints":{"allow":["GET"]}}],"collection":[{"href":"https:\/\/shop.kappavu.it\/KV\/wp-json\/wp\/v2\/product"}],"about":[{"href":"https:\/\/shop.kappavu.it\/KV\/wp-json\/wp\/v2\/types\/product"}],"replies":[{"embeddable":true,"href":"https:\/\/shop.kappavu.it\/KV\/wp-json\/wp\/v2\/comments?post=1769"}],"wp:featuredmedia":[{"embeddable":true,"href":"https:\/\/shop.kappavu.it\/KV\/wp-json\/wp\/v2\/media\/1545"}],"wp:attachment":[{"href":"https:\/\/shop.kappavu.it\/KV\/wp-json\/wp\/v2\/media?parent=1769"}],"wp:term":[{"taxonomy":"product_brand","embeddable":true,"href":"https:\/\/shop.kappavu.it\/KV\/wp-json\/wp\/v2\/product_brand?post=1769"},{"taxonomy":"product_cat","embeddable":true,"href":"https:\/\/shop.kappavu.it\/KV\/wp-json\/wp\/v2\/product_cat?post=1769"},{"taxonomy":"product_tag","embeddable":true,"href":"https:\/\/shop.kappavu.it\/KV\/wp-json\/wp\/v2\/product_tag?post=1769"}],"curies":[{"name":"wp","href":"https:\/\/api.w.org\/{rel}","templated":true}]}}