{"id":1767,"date":"2022-03-14T15:53:49","date_gmt":"2022-03-14T14:53:49","guid":{"rendered":"https:\/\/shop.kappavu.it\/KV\/?post_type=product&#038;p=1767"},"modified":"2022-10-21T15:36:13","modified_gmt":"2022-10-21T13:36:13","slug":"sfueis-damor","status":"publish","type":"product","link":"https:\/\/shop.kappavu.it\/KV\/prodotto\/sfueis-damor\/","title":{"rendered":"SFUEIS D\u2019AM\u00d4R &#8211; FOGLI D&#8217;AMORE"},"content":{"rendered":"<h4><\/h4>\n<h4>Un viaggio fatto di parole, fotografie e disegni attraverso la figura-guida di un albero, alla scoperta di un paesaggio fisico e interiore. Un percorso attraverso le origini, le aspirazioni, le speranze e le disillusioni di un\u2019emigrante friulana. Un invito anche a riflettere, per non dimenticare da dove veniamo, per sapere sempre dove andiamo.<\/h4>\n<h4><em>Un invito anche a riflettere, per non dimenticare da dove veniamo, per sapere sempre dove andiamo.<\/em><\/h4>\n<p><strong>Un inv\u00eet ancje a pens\u00e2, par no dismente\u00e2 di dul\u00e0 che o vign\u00ecn, par sav\u00ea simpri l\u00e0 che o lin.<\/strong><\/p>\n<p>&nbsp;<\/p>\n","protected":false},"excerpt":{"rendered":"<p>&nbsp;<\/p>\n<h4>di <strong><a href=\"http:\/\/shop.kappavu.it\/KV\/autori-al\/#cristina-noacco\">CRISTINA NOACCO<\/a><\/strong><\/h4>\n<p><strong>Un viaggio fatto di parole, fotografie e disegni attraverso la figura-guida di un albero, alla scoperta di un paesaggio fisico e interiore. Un percorso attraverso le origini, le aspirazioni, le speranze e le disillusioni di un\u2019emigrante friulana. Un invito anche a riflettere, per non dimenticare da dove veniamo, per sapere sempre dove andiamo.<\/strong><\/p>\n<p><strong><em>Un inv\u00eet ancje a pens\u00e2, par no dismente\u00e2 di dul\u00e0 che o vign\u00ecn, par sav\u00ea simpri l\u00e0 che o lin.<\/em><\/strong><\/p>\n<p>&nbsp;<\/p>\n","protected":false},"featured_media":1543,"comment_status":"open","ping_status":"closed","template":"","meta":[],"product_brand":[],"product_cat":[114,21,27],"product_tag":[741,297,1532,1533,595,379,560,743,1534,1535,303,304,745,1536],"class_list":{"0":"post-1767","1":"product","2":"type-product","3":"status-publish","4":"has-post-thumbnail","6":"product_cat-cristina-noacco","7":"product_cat-friulano","8":"product_cat-poesia","9":"product_tag-albero-damore","10":"product_tag-cristina-noacco","11":"product_tag-foto-del-friuli","12":"product_tag-immagini-del-friuli","13":"product_tag-poesia-friulana","14":"product_tag-poesie-friulane","15":"product_tag-poesie-in-friulano","16":"product_tag-poesie-tradotte","17":"product_tag-poesiis-furlanis","18":"product_tag-poesiis-par-furlan","19":"product_tag-raccolta-di-poesie","20":"product_tag-raccolta-di-poesie-friulane","21":"product_tag-raccolta-di-poesie-in-friulano","22":"product_tag-reana-del-rojale","24":"first","25":"outofstock","26":"shipping-taxable","27":"purchasable","28":"product-type-simple","29":"customify-col"},"_links":{"self":[{"href":"https:\/\/shop.kappavu.it\/KV\/wp-json\/wp\/v2\/product\/1767","targetHints":{"allow":["GET"]}}],"collection":[{"href":"https:\/\/shop.kappavu.it\/KV\/wp-json\/wp\/v2\/product"}],"about":[{"href":"https:\/\/shop.kappavu.it\/KV\/wp-json\/wp\/v2\/types\/product"}],"replies":[{"embeddable":true,"href":"https:\/\/shop.kappavu.it\/KV\/wp-json\/wp\/v2\/comments?post=1767"}],"wp:featuredmedia":[{"embeddable":true,"href":"https:\/\/shop.kappavu.it\/KV\/wp-json\/wp\/v2\/media\/1543"}],"wp:attachment":[{"href":"https:\/\/shop.kappavu.it\/KV\/wp-json\/wp\/v2\/media?parent=1767"}],"wp:term":[{"taxonomy":"product_brand","embeddable":true,"href":"https:\/\/shop.kappavu.it\/KV\/wp-json\/wp\/v2\/product_brand?post=1767"},{"taxonomy":"product_cat","embeddable":true,"href":"https:\/\/shop.kappavu.it\/KV\/wp-json\/wp\/v2\/product_cat?post=1767"},{"taxonomy":"product_tag","embeddable":true,"href":"https:\/\/shop.kappavu.it\/KV\/wp-json\/wp\/v2\/product_tag?post=1767"}],"curies":[{"name":"wp","href":"https:\/\/api.w.org\/{rel}","templated":true}]}}