{"id":1766,"date":"2022-03-14T15:32:09","date_gmt":"2022-03-14T14:32:09","guid":{"rendered":"https:\/\/shop.kappavu.it\/KV\/?post_type=product&#038;p=1766"},"modified":"2022-10-21T15:33:35","modified_gmt":"2022-10-21T13:33:35","slug":"servitore-di-compagnia","status":"publish","type":"product","link":"https:\/\/shop.kappavu.it\/KV\/prodotto\/servitore-di-compagnia\/","title":{"rendered":"SERVITORE DI COMPAGNIA"},"content":{"rendered":"<h4><\/h4>\n<h4 class=\"p1\">Brutta bestia la realt\u00e0, troppo grande e complessa per\u00a0poterla guardare a tuttotondo e troppo stratificata per\u00a0poterla metabolizzare rapidamente. GPN, all\u2019occhio\u00a0del lettore pi\u00f9 attento, mostra una profondit\u00e0 a tratti\u00a0addirittura insondabile. E se al primo approccio\u00a0l\u2019aspetto che affiora \u00e8 quell\u2019estetica lieve e ricercata\u00a0che \u00e8 il suo marchio di fabbrica, essa poi si circonda di\u00a0un alone, di un rumore di fondo, di una \u201cmacchia nera\u201d\u00a0incombente (cfr. Dame in Moskau di Wassily Kandinsky,\u00a01912, Mu\u0308nchen, Lenbachhaus), che \u00e8 poi il\u00a0pretesto \u2013 solo il pretesto \u2013 per la scrittura (e di fronte\u00a0alla quale il lettore casuale potrebbe anche restare\u00a0perplesso), e non ne esaurisce la portata. Non bisogna,\u00a0per\u00f2, fermarsi qui: \u00e8 un libro a cui chiedere molto,\u00a0poich\u00e9 molto gli chiede l\u2019autore attraverso le voci dei\u00a0personaggi che, nella dualit\u00e0 degli impulsi spesso in\u00a0contrasto tra loro, esprimono l\u2019unica possibile, autentica,\u00a0sincerit\u00e0 degli archetipi ad essi sottostanti. La\u00a0realt\u00e0? Sta al lettore trovarla.<\/h4>\n<h4><em>Il Signorino<\/em><\/h4>\n<p>&nbsp;<\/p>\n<h4 class=\"p1\">C\u2019\u00e8 sofferenza e apprensione, nella Villa, per gli sviluppi della\u00a0malattia della Signora: il pericolo di vita, poi l\u2019incerto decorso e\u00a0il difficile recupero della parola e \u2013 privazione pi\u00f9 dolorosa\u00a0ancora per il Signore \u2013 dell\u2019affettivit\u00e0 di prima. Un dramma che\u00a0egli registra giorno per giorno, fino alle soglie della speranza:\u00a0diario apotropaico e catartico, come questo romanzo stesso.\u00a0Non \u00e8 solo: gli \u00e8 compagno un giovane servitore. Neppure lui\u00a0pu\u00f2 comunicare, troppo diversa la sua lingua, ma l\u2019affetto\u00a0supplisce, al punto che il buon Tosolini impara a interpretare\u00a0discorsi e gesti e persino la scrittura del Signore. \u00c8 lui, in ogni\u00a0senso, l\u2019eroe del romanzo.\u00a0Come sempre la scrittura di Nimis \u00e8 felicissima, densa eppure\u00a0leggera nella sua essenzialit\u00e0, ma qui c\u2019\u00e8 di pi\u00f9, molto di pi\u00f9, ed\u00a0\u00e8 con grandissimo piacere che soltanto alla fine il lettore scopre\u00a0con quanta abilit\u00e0 l\u2019autore abbia architettato la sorpresa che\u00a0induce a una seconda lettura\u2026 Se la soluzione di un giallo\u00a0risolve e chiude l\u2019indagine, la rivelazione finale qui riconfigura\u00a0e riapre un\u2019invenzione poetica e toccante.<\/h4>\n<h4 class=\"p1\"><em>Mario Turello<\/em><\/h4>\n<p>&nbsp;<\/p>\n","protected":false},"excerpt":{"rendered":"<p>&nbsp;<\/p>\n<h4>di <strong><a href=\"http:\/\/shop.kappavu.it\/KV\/autori-al\/#giovanni-pietro-nimis\">GIOVANNI PIETRO NIMIS<\/a><\/strong><\/h4>\n<p class=\"p1\"><strong>La realt\u00e0 non \u00e8 mai quello che sembra ma, quale che\u00a0sia, torna ciclicamente e prepotentemente a irrompere\u00a0sulla trama di illusioni che i suoi abitanti si cuciono\u00a0addosso, come un abito rassicurante e avvolgente, il\u00a0quale, per\u00f2, in un battito di ciglia, pu\u00f2 diventare\u00a0freddo e trasparente come il vetro. Questa \u00e8 solo una\u00a0delle riflessioni possibili a partire dalle pagine di\u00a0GPN, che \u2013 in questo libro pi\u00f9 radicalmente rispetto ai\u00a0suoi precedenti \u2013 usa il racconto a scopo non tanto\u00a0narrativo quanto catartico e fortemente simbolico.\u00a0Drammatico, quindi, nel senso classico del termine, e\u00a0scomposto in pi\u00f9 piani sovrapposti come i diversi\u00a0layers di un\u2019illustrazione in policromia.<\/strong><\/p>\n<p class=\"p1\"><strong><em>Il Signorino<\/em><\/strong><\/p>\n<p>&nbsp;<\/p>\n","protected":false},"featured_media":1542,"comment_status":"open","ping_status":"closed","template":"","meta":[],"product_brand":[],"product_cat":[150,18],"product_tag":[647,650,1374,459,1527,1528,653,1529,654,655,550,656,1530],"class_list":{"0":"post-1766","1":"product","2":"type-product","3":"status-publish","4":"has-post-thumbnail","6":"product_cat-giovanni-pietro-nimis","7":"product_cat-narrativa","8":"product_tag-giovanni-pietro-nimis","9":"product_tag-letteratura-friulana","10":"product_tag-mario-turello","11":"product_tag-narrativa-friulana","12":"product_tag-narrativa-in-friuli","13":"product_tag-narrativa-moderna","14":"product_tag-romanzi-autori-friulani","15":"product_tag-romanzo-autore-friulano","16":"product_tag-romanzo-breve","17":"product_tag-romanzo-dindagine","18":"product_tag-romanzo-friulano","19":"product_tag-romanzo-in-friuli","20":"product_tag-servitore-di-compagnia","22":"first","23":"instock","24":"shipping-taxable","25":"purchasable","26":"product-type-simple","27":"customify-col"},"_links":{"self":[{"href":"https:\/\/shop.kappavu.it\/KV\/wp-json\/wp\/v2\/product\/1766","targetHints":{"allow":["GET"]}}],"collection":[{"href":"https:\/\/shop.kappavu.it\/KV\/wp-json\/wp\/v2\/product"}],"about":[{"href":"https:\/\/shop.kappavu.it\/KV\/wp-json\/wp\/v2\/types\/product"}],"replies":[{"embeddable":true,"href":"https:\/\/shop.kappavu.it\/KV\/wp-json\/wp\/v2\/comments?post=1766"}],"wp:featuredmedia":[{"embeddable":true,"href":"https:\/\/shop.kappavu.it\/KV\/wp-json\/wp\/v2\/media\/1542"}],"wp:attachment":[{"href":"https:\/\/shop.kappavu.it\/KV\/wp-json\/wp\/v2\/media?parent=1766"}],"wp:term":[{"taxonomy":"product_brand","embeddable":true,"href":"https:\/\/shop.kappavu.it\/KV\/wp-json\/wp\/v2\/product_brand?post=1766"},{"taxonomy":"product_cat","embeddable":true,"href":"https:\/\/shop.kappavu.it\/KV\/wp-json\/wp\/v2\/product_cat?post=1766"},{"taxonomy":"product_tag","embeddable":true,"href":"https:\/\/shop.kappavu.it\/KV\/wp-json\/wp\/v2\/product_tag?post=1766"}],"curies":[{"name":"wp","href":"https:\/\/api.w.org\/{rel}","templated":true}]}}