{"id":1765,"date":"2022-03-14T12:11:46","date_gmt":"2022-03-14T11:11:46","guid":{"rendered":"https:\/\/shop.kappavu.it\/KV\/?post_type=product&#038;p=1765"},"modified":"2022-11-04T13:27:09","modified_gmt":"2022-11-04T12:27:09","slug":"sepegrepetipi","status":"publish","type":"product","link":"https:\/\/shop.kappavu.it\/KV\/prodotto\/sepegrepetipi\/","title":{"rendered":"SEPEGREPETIPI"},"content":{"rendered":"<h4><\/h4>\n<h4>Sepegrepetipi, non vuol dire nulla. Vuol dire tanto.<br \/>\nCi siamo arrivate con lentezza, a piccoli passi e con soste frequenti, macinando pensiero, letture, rinviando la scrittura, azzerando il gi\u00e0 scritto, in un procedere perplesso e irrisolto pronto a ripartire daccapo ma non a rinunciare. Ne andava di ciascuna di noi, della capacit\u00e0 di dirci, di risalire all\u2019origine.<br \/>\nAll\u2019inizio sembr\u00f2 facile: che cosa ci vuole a parlare della propria lingua? Dopotutto \u00e8 quella che conosciamo da sempre, descriverla sarebbe stato un gioco perfino troppo puerile. Forse definirla poteva creare qualche problema, dato che nel tempo si \u00e8 mescolata con altre, ma in fondo di \u2018lingua materna\u2019 si trattava.<br \/>\nDa questo aggettivo, \u2018materna\u2019, sono invece divampate le questioni: \u2018materna\u2019 o \u2018dell\u2019infanzia\u2019, \u2018nativa\u2019 o \u2018della comunit\u00e0\u2019, \u2018dell\u2019origine\u2019 o \u2018primaria?<br \/>\nCi siamo rese conto che la questione era pi\u00f9 complessa di quanto avevamo supposto.<br \/>\nLo strano era che l\u2019argomento non si dipanava lungo il filo del pensiero, nessuna riusciva a comporlo ordinatamente in un susseguirsi di enunciati ben costruiti, al contrario la logica si inceppava di continuo in ostacoli imprevisti, quali la molteplicit\u00e0 delle lingue compresenti, la sensazione che qualcosa restasse comunque al di fuori del dicibile, la certezza che dietro al discorso sulla lingua ci fosse dell\u2019altro, la consapevolezza che questo \u2018altro\u2019 faceva male, la tentazione di omettere, di barare.<\/h4>\n<p>&nbsp;<\/p>\n","protected":false},"excerpt":{"rendered":"<h4><span style=\"color: #800000;\"><em>LA LINGUA DELL&#8217;ORIGINE FRA PAROLA E AFASIA<\/em><\/span><\/h4>\n<p>&nbsp;<\/p>\n<h4>di <strong><a href=\"http:\/\/shop.kappavu.it\/KV\/autori-al\/#gruppo-anna-achmatova\">GRUPPO ANNA ACHMATOVA<\/a><\/strong><\/h4>\n<h5>a cura di <strong><a href=\"http:\/\/shop.kappavu.it\/KV\/autori-mz\/#marina-giovannelli\">MARINA GIOVANNELLI<\/a><\/strong><\/h5>\n<p>&nbsp;<\/p>\n<p><strong>Otto donne, raccolte nel gruppo Anna Achmatova, si incontrano e parlano della propria infanzia, del rapporto con il linguaggio, con la madre, la famiglia, il gruppo di appartenenza. Un percorso apparentemente facile ma che via via si fa pi\u00f9 profondo, pi\u00f9 articolato, pi\u00f9 coinvolgente. Ne nascono otto storie che offrono un delicato quadro d\u2019insieme del rapporto fra linguaggio, crescita e vita.<\/strong><\/p>\n<p>&nbsp;<\/p>\n","protected":false},"featured_media":1541,"comment_status":"open","ping_status":"closed","template":"","meta":[],"product_brand":[],"product_cat":[154,48,18],"product_tag":[464,1518,466,385,1519,469,470,1520,1521,1522,1523,1524,1525,394,459,261,475,476,260,478],"class_list":{"0":"post-1765","1":"product","2":"type-product","3":"status-publish","4":"has-post-thumbnail","6":"product_cat-gruppo-anna-achmatova","7":"product_cat-marina-giovannelli","8":"product_cat-narrativa","9":"product_tag-achmatova","10":"product_tag-afasia","11":"product_tag-anna-achmatova","12":"product_tag-autrici-friulane","13":"product_tag-gruppi-di-appartenenza","14":"product_tag-gruppi-di-scrittura","15":"product_tag-gruppo-di-scrittura","16":"product_tag-lingua-delladolescenza","17":"product_tag-lingua-dellinfanzia","18":"product_tag-lingua-dellorigine","19":"product_tag-lingua-e-afasia","20":"product_tag-lingua-e-crescita","21":"product_tag-lingua-materna","22":"product_tag-marina-giovannelli","23":"product_tag-narrativa-friulana","24":"product_tag-raccolta-di-racconti","25":"product_tag-raccolta-di-racconti-brevi","26":"product_tag-raccolta-di-riacconti","27":"product_tag-racconti-brevi","28":"product_tag-scrittrici-friulane","30":"first","31":"instock","32":"sale","33":"shipping-taxable","34":"purchasable","35":"product-type-simple","36":"customify-col"},"_links":{"self":[{"href":"https:\/\/shop.kappavu.it\/KV\/wp-json\/wp\/v2\/product\/1765","targetHints":{"allow":["GET"]}}],"collection":[{"href":"https:\/\/shop.kappavu.it\/KV\/wp-json\/wp\/v2\/product"}],"about":[{"href":"https:\/\/shop.kappavu.it\/KV\/wp-json\/wp\/v2\/types\/product"}],"replies":[{"embeddable":true,"href":"https:\/\/shop.kappavu.it\/KV\/wp-json\/wp\/v2\/comments?post=1765"}],"wp:featuredmedia":[{"embeddable":true,"href":"https:\/\/shop.kappavu.it\/KV\/wp-json\/wp\/v2\/media\/1541"}],"wp:attachment":[{"href":"https:\/\/shop.kappavu.it\/KV\/wp-json\/wp\/v2\/media?parent=1765"}],"wp:term":[{"taxonomy":"product_brand","embeddable":true,"href":"https:\/\/shop.kappavu.it\/KV\/wp-json\/wp\/v2\/product_brand?post=1765"},{"taxonomy":"product_cat","embeddable":true,"href":"https:\/\/shop.kappavu.it\/KV\/wp-json\/wp\/v2\/product_cat?post=1765"},{"taxonomy":"product_tag","embeddable":true,"href":"https:\/\/shop.kappavu.it\/KV\/wp-json\/wp\/v2\/product_tag?post=1765"}],"curies":[{"name":"wp","href":"https:\/\/api.w.org\/{rel}","templated":true}]}}