{"id":1759,"date":"2022-03-11T23:42:59","date_gmt":"2022-03-11T22:42:59","guid":{"rendered":"https:\/\/shop.kappavu.it\/KV\/?post_type=product&#038;p=1759"},"modified":"2022-10-21T15:15:34","modified_gmt":"2022-10-21T13:15:34","slug":"rosa-e-noir-sul-grande-fiume","status":"publish","type":"product","link":"https:\/\/shop.kappavu.it\/KV\/prodotto\/rosa-e-noir-sul-grande-fiume\/","title":{"rendered":"ROSA E NOIR SUL GRANDE FIUME"},"content":{"rendered":"<h4><\/h4>\n<h4>Quel luogo pieno di natura e di storia, meta delle passeggiate quotidiane e ispiratore con i suoi colori della passione di Matteo per la pittura, diventa improvvisamente scenario di una vicenda misteriosa e tragica. Cos\u00ec il rosa si volge in noir e i drammi del mondo entrano prorompenti nella tranquilla vita dei protagonisti e di tutto il borgo. La delicata storia d\u2019amore dei due pensionati, sconvolta dalla scoperta di strani tumuli nel fiume, e l\u2019indagine per capire le identit\u00e0 e i motivi di quelle strane morti, diventano la metafora del rapporto tra persona e societ\u00e0, tra indifferenza e solidariet\u00e0, tra egoismo e umanit\u00e0. Un romanzo avvincente, che coinvolge il lettore in una trama che appassiona e fa riflettere.<\/h4>\n<h4><\/h4>\n<h4>Il ROSA:<br \/>\n\u2026 \u201cCiao Matteo, chiamami \u2013 disse con voce calda \u2013 abito nella vecchia casa dei miei, porta anche il cagnolino se vuoi, giocher\u00e0 in cortile!\u201d \u201cCiao Teresa, credo proprio che ci vedremo e\u2026 \u2013 aggiunse piano \u2013 ho bisogno di compagnia anch\u2019io!\u201d\u2026<br \/>\nIL NOIR:<br \/>\n\u2026 passarono i giorni, la piena si esaur\u00ec e, a parte i rami e gli oggetti rimasti appesi ai cespugli, tutto torn\u00f2 alla normalit\u00e0. Del capanno erano rimasti solo tre pali, dei sei piantati saldamente e profondamente, ma niente altro, bisognava rifarlo se voleva ancora dedicarsi alla pesca di passaggio. Del cadavere che aveva visto passare, nessuna notizia\u2026<\/h4>\n<p>&nbsp;<\/p>\n<h4><span style=\"color: #ff0000;\"><strong>RECENSIONE<\/strong><\/span>\u00a0di\u00a0<span style=\"color: #3366ff;\">TANIA CARLINI<\/span>\u00a0sul blog La valigia del tempo:<\/h4>\n<h4><a href=\"https:\/\/valigiadeltempo.blogspot.com\/2021\/02\/recensione-rosa-e-noir-sul-grande-fiume.html\">https:\/\/valigiadeltempo.blogspot.com\/2021\/02\/recensione-rosa-e-noir-sul-grande-fiume.html<\/a><\/h4>\n<p>&nbsp;<\/p>\n","protected":false},"excerpt":{"rendered":"<p>&nbsp;<\/p>\n<h4>di <strong><a href=\"http:\/\/shop.kappavu.it\/KV\/autori-mz\/#william-bertoia\">WILLIAM BERTOIA<\/a><\/strong><\/h4>\n<p><strong>Un borgo storico friulano, situato presso le rive del \u201cGrande Fiume\u201d, il Tagliamento. Diverse le storie che\u00a0s\u2019intersecano e diversi gli uomini che si avvicendano lungo le sue rive e nel suo vasto letto di ghiaie millenarie.\u00a0Matteo, un ex emigrante ormai in pensione e Ringhio, il suo piccolo cane, ne sono i protagonisti, insieme\u00a0a Teresa, vecchio amore appena ritrovato. La storia del loro nuovo rapporto, dolce, coinvolgente, vivificante,\u00a0si intreccia con un dramma che si svolge tra le barene, i cespugli, i pioppi e la corrente del vasto Fiume.<\/strong><\/p>\n<p>&nbsp;<\/p>\n","protected":false},"featured_media":1535,"comment_status":"open","ping_status":"closed","template":"","meta":[],"product_brand":[],"product_cat":[18,215],"product_tag":[1373,376,1467,1468,1469,1470,650,1471,459,653,538,550,656,1158,1376,1472,1473,1474,1475],"class_list":{"0":"post-1759","1":"product","2":"type-product","3":"status-publish","4":"has-post-thumbnail","6":"product_cat-narrativa","7":"product_cat-william-bertoia","8":"product_tag-autori-di-narrativa-friulana","9":"product_tag-autori-friulani","10":"product_tag-borgo-friulano","11":"product_tag-borgo-storico","12":"product_tag-fiume-tagliamento","13":"product_tag-friul-mosaic","14":"product_tag-letteratura-friulana","15":"product_tag-mosaicisti","16":"product_tag-narrativa-friulana","17":"product_tag-romanzi-autori-friulani","18":"product_tag-romanzo-ambientato-in-friuli","19":"product_tag-romanzo-friulano","20":"product_tag-romanzo-in-friuli","21":"product_tag-romanzo-noir","22":"product_tag-scrittori-friulani","23":"product_tag-scuola-mosaico","24":"product_tag-scuola-mosaico-di-spilimbergo","25":"product_tag-tagliamento","26":"product_tag-william-bertoia","28":"first","29":"instock","30":"sale","31":"shipping-taxable","32":"purchasable","33":"product-type-simple","34":"customify-col"},"_links":{"self":[{"href":"https:\/\/shop.kappavu.it\/KV\/wp-json\/wp\/v2\/product\/1759","targetHints":{"allow":["GET"]}}],"collection":[{"href":"https:\/\/shop.kappavu.it\/KV\/wp-json\/wp\/v2\/product"}],"about":[{"href":"https:\/\/shop.kappavu.it\/KV\/wp-json\/wp\/v2\/types\/product"}],"replies":[{"embeddable":true,"href":"https:\/\/shop.kappavu.it\/KV\/wp-json\/wp\/v2\/comments?post=1759"}],"wp:featuredmedia":[{"embeddable":true,"href":"https:\/\/shop.kappavu.it\/KV\/wp-json\/wp\/v2\/media\/1535"}],"wp:attachment":[{"href":"https:\/\/shop.kappavu.it\/KV\/wp-json\/wp\/v2\/media?parent=1759"}],"wp:term":[{"taxonomy":"product_brand","embeddable":true,"href":"https:\/\/shop.kappavu.it\/KV\/wp-json\/wp\/v2\/product_brand?post=1759"},{"taxonomy":"product_cat","embeddable":true,"href":"https:\/\/shop.kappavu.it\/KV\/wp-json\/wp\/v2\/product_cat?post=1759"},{"taxonomy":"product_tag","embeddable":true,"href":"https:\/\/shop.kappavu.it\/KV\/wp-json\/wp\/v2\/product_tag?post=1759"}],"curies":[{"name":"wp","href":"https:\/\/api.w.org\/{rel}","templated":true}]}}