{"id":1754,"date":"2022-03-11T16:49:34","date_gmt":"2022-03-11T15:49:34","guid":{"rendered":"https:\/\/shop.kappavu.it\/KV\/?post_type=product&#038;p=1754"},"modified":"2026-03-29T16:11:53","modified_gmt":"2026-03-29T14:11:53","slug":"repressione-antipartigiana-in-friuli","status":"publish","type":"product","link":"https:\/\/shop.kappavu.it\/KV\/prodotto\/repressione-antipartigiana-in-friuli\/","title":{"rendered":"REPRESSIONE ANTIPARTIGIANA IN FRIULI"},"content":{"rendered":"<h4><\/h4>\n<h4>Dal settembre 1944 ai primi giorni dell\u2019aprile 1945 fu operativo nel territorio del Friuli-Venezia Giulia, presso la Caserma \u201cPiave\u201d di Palmanova, uno dei pi\u00f9 importanti centri di repressione antipartigiana istituito dall\u2019occupatore nazista con lo scopo di debellare la vivace ed organizzata attivit\u00e0 della Resistenza della Bassa friulana. Odorico Borsatti, tenente a capo di un plotone di volontari italiani e tedeschi della SS, ed Ernesto Ruggiero, comandante di una compagnia della Milizia di Difesa Territoriale ne furono i principali responsabili operativi. La loro attivit\u00e0 si tradusse in un\u2019azione repressiva che vide il susseguirsi incessante di rastrellamenti, saccheggi, arresti, torture, e fucilazioni arbitrarie che seminarono il terrore nelle campagne friulane, portando all\u2019arresto e alla morte di centinaia di persone tra partigiani e civili. I processi intentati nel dopoguerra a carico degli uomini della Caserma divengono oggi strumenti importanti per analizzare e valutare nel dettaglio una delle pi\u00f9 violente e controverse storie che attraversarono la regione nel periodo dell\u2019occupazione nazista, riportando alla luce la voce e la testimonianza dei protagonisti e vittime di quei fatti.<\/h4>\n<p>&nbsp;<\/p>\n","protected":false},"excerpt":{"rendered":"<h4><span style=\"color: #800000;\"><em>LA CASERMA &#8220;PIAVE&#8221; DI PALMANOVA E I PROCESSI DEL DOPOGUERRA<\/em><\/span><\/h4>\n<p>&nbsp;<\/p>\n<h4>di <strong><a href=\"http:\/\/shop.kappavu.it\/KV\/autori-al\/#irene-bolzon\">IRENE BOLZON<\/a><\/strong><\/h4>\n<div class=\"\">\n<p><strong>Dal settembre 1944 fino alla fine del conflitto la Caserma \u201cPiave\u201d di Palmanova fu uno dei principali centri della repressione antipartigiana in Friuli, in un\u2019area nella quale la Resistenza era ben organizzata e in grado di precludere all\u2019occupante il controllo pieno del territorio, con un\u2019attivit\u00e0 di guerriglia ramificata e articolata nelle sue modalit\u00e0. Le formazioni della Resistenza, precocemente organizzate e attive nella regione e che giunsero nella Bassa friulana, superando rivalit\u00e0 e diffidenze tra forze garibaldine e osovane, alla costituzione di un Comando Unificato, seppero dimostrare una capacit\u00e0 combattiva che ostacol\u00f2 i piani tedeschi per quell\u2019area, sottratta di fatto alla sovranit\u00e0 italiana con la costituzione dell\u2019Operationszone Adriatisches K\u00fcstenland, la Zona di Operazioni Litorale adriatico.<\/strong><\/p>\n<p><strong><em>dalla prefazione di Paolo Ferrari \u2013 Universit\u00e0 degli studi di Udine<\/em><\/strong><\/p>\n<p>&nbsp;<\/p>\n<\/div>\n","protected":false},"featured_media":1532,"comment_status":"open","ping_status":"closed","template":"","meta":[],"product_brand":[],"product_cat":[132,19],"product_tag":[1437,1438,1439,1440,1441,813,1442,1219,606,440,282,1181,286,610,1443,760,1421,1422,1444],"class_list":{"0":"post-1754","1":"product","2":"type-product","3":"status-publish","4":"has-post-thumbnail","6":"product_cat-irene-bolzon","7":"product_cat-storia","8":"product_tag-anpi","9":"product_tag-caserma-piave","10":"product_tag-caserma-piave-di-palmanova","11":"product_tag-gap","12":"product_tag-gruppi-di-azione-patriottica","13":"product_tag-guerra-partigiana","14":"product_tag-guerriglia-partigiana","15":"product_tag-irene-bolzon","16":"product_tag-lotta-partigiana","17":"product_tag-paolo-ferrari","18":"product_tag-partigiani-friulani","19":"product_tag-repressione-antipartigiana","20":"product_tag-resistenza-friulana","21":"product_tag-resistenza-in-friuli","22":"product_tag-resistenza-nella-bassa-friulana","23":"product_tag-storia-del-friuli","24":"product_tag-storia-del-friuli-del-novecento","25":"product_tag-storia-della-bassa-friulana","26":"product_tag-storia-partigiana","28":"first","29":"instock","30":"sale","31":"shipping-taxable","32":"purchasable","33":"product-type-simple","34":"customify-col"},"_links":{"self":[{"href":"https:\/\/shop.kappavu.it\/KV\/wp-json\/wp\/v2\/product\/1754","targetHints":{"allow":["GET"]}}],"collection":[{"href":"https:\/\/shop.kappavu.it\/KV\/wp-json\/wp\/v2\/product"}],"about":[{"href":"https:\/\/shop.kappavu.it\/KV\/wp-json\/wp\/v2\/types\/product"}],"replies":[{"embeddable":true,"href":"https:\/\/shop.kappavu.it\/KV\/wp-json\/wp\/v2\/comments?post=1754"}],"wp:featuredmedia":[{"embeddable":true,"href":"https:\/\/shop.kappavu.it\/KV\/wp-json\/wp\/v2\/media\/1532"}],"wp:attachment":[{"href":"https:\/\/shop.kappavu.it\/KV\/wp-json\/wp\/v2\/media?parent=1754"}],"wp:term":[{"taxonomy":"product_brand","embeddable":true,"href":"https:\/\/shop.kappavu.it\/KV\/wp-json\/wp\/v2\/product_brand?post=1754"},{"taxonomy":"product_cat","embeddable":true,"href":"https:\/\/shop.kappavu.it\/KV\/wp-json\/wp\/v2\/product_cat?post=1754"},{"taxonomy":"product_tag","embeddable":true,"href":"https:\/\/shop.kappavu.it\/KV\/wp-json\/wp\/v2\/product_tag?post=1754"}],"curies":[{"name":"wp","href":"https:\/\/api.w.org\/{rel}","templated":true}]}}