{"id":1745,"date":"2022-03-11T12:28:17","date_gmt":"2022-03-11T11:28:17","guid":{"rendered":"https:\/\/shop.kappavu.it\/KV\/?post_type=product&#038;p=1745"},"modified":"2022-10-21T14:47:55","modified_gmt":"2022-10-21T12:47:55","slug":"premiata-impresa-paradiso","status":"publish","type":"product","link":"https:\/\/shop.kappavu.it\/KV\/prodotto\/premiata-impresa-paradiso\/","title":{"rendered":"PREMIATA IMPRESA PARADISO"},"content":{"rendered":"<h4><\/h4>\n<h4>Vita di famiglia, anche oltre la vita. Memoria e fantasia suppliscono: autentici i rimpianti, virtuali i piaceri, il m\u00e9nage \u00e8 pi\u00f9 o meno lo stesso: straniato, pi\u00f9 che stravolto. Un aldil\u00e0 pre-(o post-)cristiano, dove ci si interroga sul perch\u00e9 della morte (stipendium peccati?) e sulle cose ultime (il \u201cmaxiprocesso generale\u201d) ma molto pi\u00f9 sulle prossime (e ancora terrene): i progetti della Premiata Impresa Paradiso. Che ne sar\u00e0 del pozzo che ospita, ciascuno nel suo loculo, nonni figli e nipoti con i propri e reciproci rimorsi, fissazioni, chimere? Che sono i fantasmi d\u2019un secolo e pi\u00f9, i fantasmi d\u2019Italia dall\u2019unit\u00e0 ad oggi: le colonie, il fascismo, le guerre, il boom economico, l\u2019affarismo che non risparmia neppure i morti\u2026 Nessuna passione spenta, i sette (poi otto personaggi, e l\u2019avo Giovanni, e i congiunti ancora vivi, i \u201cfuorusciti\u201d e i \u201cforesti\u201d) compendiano, nel bene e nel male, la nostra storia \u2013 in chiave critica soprattutto nei confronti della modernit\u00e0 e dei suoi guasti, a cominciare da quelli urbanistici e ambientali. Ma del mondo di quass\u00f9 hanno ugualmente nostalgia, se de profundis lo vagheggiano e lo replicano, o forse altro non ne conoscono, o altro non c\u2019\u00e8. A meno che il Sistema\u2026<\/h4>\n<h4><em>Mario Turello<\/em><\/h4>\n<p>&nbsp;<\/p>\n<h4><span style=\"color: #ff0000;\"><strong>RECENSIONE<\/strong><\/span>\u00a0di\u00a0<span style=\"color: #3366ff;\">TANIA CARLINI<\/span>\u00a0sul blog La valigia del tempo:<\/h4>\n<h4><a href=\"https:\/\/valigiadeltempo.blogspot.com\/2021\/03\/recensine-premiata-impresa-paradiso-di.html\">https:\/\/valigiadeltempo.blogspot.com\/2021\/03\/recensine-premiata-impresa-paradiso-di.html<\/a><\/h4>\n<p>&nbsp;<\/p>\n","protected":false},"excerpt":{"rendered":"<p>&nbsp;<\/p>\n<h4>di <strong><a href=\"http:\/\/shop.kappavu.it\/KV\/autori-al\/#giovanni-pietro-nimis\">GIOVANNI PIETRO NIMIS<\/a><\/strong><\/h4>\n<p><strong>\u201c\u2026 in apparenza irriverente eppure per costituzione \u2018politico\u2019; godibilissimo, anzi divertente, alla lettura quanto amaro al pensiero; per certi versi dissacratorio nell\u2019affrontare vita e morte senza remore, ma pervaso da un forte sentimento di umana pietas per i vivi che sono aridi come morti e per i morti che inevitabilmente riproducono il mondo a loro noto, gli uni e gli altri mai padroni a pieno del proprio destino.\u201d<\/strong><\/p>\n<p><strong><em>Marina Giovannelli<\/em><\/strong><\/p>\n<p>&nbsp;<\/p>\n","protected":false},"featured_media":1527,"comment_status":"open","ping_status":"closed","template":"","meta":[],"product_brand":[],"product_cat":[150,18],"product_tag":[1373,647,650,394,1374,459,1375,653,550,656,1376],"class_list":{"0":"post-1745","1":"product","2":"type-product","3":"status-publish","4":"has-post-thumbnail","6":"product_cat-giovanni-pietro-nimis","7":"product_cat-narrativa","8":"product_tag-autori-di-narrativa-friulana","9":"product_tag-giovanni-pietro-nimis","10":"product_tag-letteratura-friulana","11":"product_tag-marina-giovannelli","12":"product_tag-mario-turello","13":"product_tag-narrativa-friulana","14":"product_tag-prof-nimis","15":"product_tag-romanzi-autori-friulani","16":"product_tag-romanzo-friulano","17":"product_tag-romanzo-in-friuli","18":"product_tag-scrittori-friulani","20":"first","21":"instock","22":"sale","23":"shipping-taxable","24":"purchasable","25":"product-type-simple","26":"customify-col"},"_links":{"self":[{"href":"https:\/\/shop.kappavu.it\/KV\/wp-json\/wp\/v2\/product\/1745","targetHints":{"allow":["GET"]}}],"collection":[{"href":"https:\/\/shop.kappavu.it\/KV\/wp-json\/wp\/v2\/product"}],"about":[{"href":"https:\/\/shop.kappavu.it\/KV\/wp-json\/wp\/v2\/types\/product"}],"replies":[{"embeddable":true,"href":"https:\/\/shop.kappavu.it\/KV\/wp-json\/wp\/v2\/comments?post=1745"}],"wp:featuredmedia":[{"embeddable":true,"href":"https:\/\/shop.kappavu.it\/KV\/wp-json\/wp\/v2\/media\/1527"}],"wp:attachment":[{"href":"https:\/\/shop.kappavu.it\/KV\/wp-json\/wp\/v2\/media?parent=1745"}],"wp:term":[{"taxonomy":"product_brand","embeddable":true,"href":"https:\/\/shop.kappavu.it\/KV\/wp-json\/wp\/v2\/product_brand?post=1745"},{"taxonomy":"product_cat","embeddable":true,"href":"https:\/\/shop.kappavu.it\/KV\/wp-json\/wp\/v2\/product_cat?post=1745"},{"taxonomy":"product_tag","embeddable":true,"href":"https:\/\/shop.kappavu.it\/KV\/wp-json\/wp\/v2\/product_tag?post=1745"}],"curies":[{"name":"wp","href":"https:\/\/api.w.org\/{rel}","templated":true}]}}