{"id":1743,"date":"2022-03-11T12:17:57","date_gmt":"2022-03-11T11:17:57","guid":{"rendered":"https:\/\/shop.kappavu.it\/KV\/?post_type=product&#038;p=1743"},"modified":"2024-10-01T10:47:07","modified_gmt":"2024-10-01T08:47:07","slug":"poesiis-letis-dal-autor","status":"publish","type":"product","link":"https:\/\/shop.kappavu.it\/KV\/prodotto\/poesiis-letis-dal-autor\/","title":{"rendered":"POESIIS letis dal aut\u00f4r + CD"},"content":{"rendered":"<h4><\/h4>\n<h4>Questa registrazione \u00e8 stata fatta nel 1980, negli studi della AVF di Nimis. La riproponiamo, dopo pi\u00f9 di trenta anni, come testimonianza nello stesso tempo letteraria e storica, sia per l\u2019epoca in cui \u00e8 stata realizzata, in cui non c\u2019erano ancora leggi di tutela e il friulano era ancora considerato da buona parte del mondo politico e culturale come una lingua adatta solo per il folklore; sia perch\u00e9 dalla voce di Leo Zanier possiamo sentire una selezione delle sue prime raccolte di poesie, e ci\u00f2 \u00e8 anche un suggerimento come \u201cpercorso di lettura\u201d di questa sua produzione che va dagli anni precedenti a quelli successivi al terremoto, quindi in un passaggio fondamentale della vita del Friuli.<\/h4>\n<h4>Sullo sfondo Claudio Cojaniz con il suo piano jazz, a testimonianza di collaborazioni e amicizie \u201cantiche\u201d che durano nel tempo e che hanno arricchito un Friuli che per\u00f2 non sempre se n\u2019\u00e8 accorto.<\/h4>\n<p>&nbsp;<\/p>\n","protected":false},"excerpt":{"rendered":"<p>&nbsp;<\/p>\n<h4>di <strong><a href=\"http:\/\/shop.kappavu.it\/KV\/autori-al\/#leonardo-zanier\">LEONARDO ZANIER<\/a><\/strong><\/h4>\n<p><strong>Cheste regjistrazion e je stade fate intal 1980, l\u00ec dai studis de AVF di Nimis. Le propon\u00ecn di gn\u00fbf, dopo di plui di trente agns, come testemoneance leterarie e storiche, intal stes timp, sei pe epoche cuant che je stade realizade, che no jerin ancjem\u00f2 l\u00ea\u00e7s di tutele e il furlan al jere ancjem\u00f2 consider\u00e2t, de bande di une buine part dal mont politic e cultur\u00e2l, tant che une lenghe buine pal folcl\u00f4r; sei parc\u00e8 che de v\u00f4s di Leo Zanier o pod\u00ecn sint\u00ee une selezion de s\u00f4s primis racueltis di poesiis, che al \u00e8 ancje un sugjeriment come \u201cpercors di leture\u201d di cheste s\u00f4 produzion, che e va dai agns prime e chei dopo dal taramot, duncje intun passa\u00e7 fondament\u00e2l de vite dal Fri\u00fbl.<\/strong><\/p>\n<p><strong>Sul sfont\u00a0<\/strong><strong><a href=\"http:\/\/shop.kappavu.it\/KV\/autori-al\/#claudio-cojaniz\">CLAUDIO COJANIZ<\/a><\/strong><strong>\u00a0cul so piano jazz, a testemoneance di colaborazions e amiciziis \u201cantighis\u201d che a durin intal timp e che a \u00e0n inricj\u00eet un Fri\u00fbl che per\u00f2 no simpri si \u2018nd \u00e0 inacuart.<\/strong><\/p>\n<p>&nbsp;<\/p>\n","protected":false},"featured_media":1526,"comment_status":"open","ping_status":"closed","template":"","meta":[],"product_brand":[],"product_cat":[21,160,27],"product_tag":[908,328,1370,909,838,1278,605,1371,1297,380,379,560,910,303,304,745,911,912],"class_list":{"0":"post-1743","1":"product","2":"type-product","3":"status-publish","4":"has-post-thumbnail","6":"product_cat-friulano","7":"product_cat-leonardo-zanier","8":"product_cat-poesia","9":"product_tag-canzoniere-di-aiello","10":"product_tag-carnia","11":"product_tag-cd-di-poesie","12":"product_tag-che-diaz-us-al-meriti","13":"product_tag-claudio-cojaniz","14":"product_tag-leo-zanier","15":"product_tag-leonardo-zanier","16":"product_tag-lettura-di-poesie","17":"product_tag-poesie-carniche","18":"product_tag-poesie-di-autori-friulani","19":"product_tag-poesie-friulane","20":"product_tag-poesie-in-friulano","21":"product_tag-prose-friulane","22":"product_tag-raccolta-di-poesie","23":"product_tag-raccolta-di-poesie-friulane","24":"product_tag-raccolta-di-poesie-in-friulano","25":"product_tag-sboradura-e-sanc","26":"product_tag-vita-in-carnia","28":"first","29":"instock","30":"sale","31":"shipping-taxable","32":"purchasable","33":"product-type-simple","34":"customify-col","35":"product-has-gallery"},"_links":{"self":[{"href":"https:\/\/shop.kappavu.it\/KV\/wp-json\/wp\/v2\/product\/1743","targetHints":{"allow":["GET"]}}],"collection":[{"href":"https:\/\/shop.kappavu.it\/KV\/wp-json\/wp\/v2\/product"}],"about":[{"href":"https:\/\/shop.kappavu.it\/KV\/wp-json\/wp\/v2\/types\/product"}],"replies":[{"embeddable":true,"href":"https:\/\/shop.kappavu.it\/KV\/wp-json\/wp\/v2\/comments?post=1743"}],"wp:featuredmedia":[{"embeddable":true,"href":"https:\/\/shop.kappavu.it\/KV\/wp-json\/wp\/v2\/media\/1526"}],"wp:attachment":[{"href":"https:\/\/shop.kappavu.it\/KV\/wp-json\/wp\/v2\/media?parent=1743"}],"wp:term":[{"taxonomy":"product_brand","embeddable":true,"href":"https:\/\/shop.kappavu.it\/KV\/wp-json\/wp\/v2\/product_brand?post=1743"},{"taxonomy":"product_cat","embeddable":true,"href":"https:\/\/shop.kappavu.it\/KV\/wp-json\/wp\/v2\/product_cat?post=1743"},{"taxonomy":"product_tag","embeddable":true,"href":"https:\/\/shop.kappavu.it\/KV\/wp-json\/wp\/v2\/product_tag?post=1743"}],"curies":[{"name":"wp","href":"https:\/\/api.w.org\/{rel}","templated":true}]}}