{"id":1742,"date":"2022-03-11T11:15:27","date_gmt":"2022-03-11T10:15:27","guid":{"rendered":"https:\/\/shop.kappavu.it\/KV\/?post_type=product&#038;p=1742"},"modified":"2022-10-21T14:44:58","modified_gmt":"2022-10-21T12:44:58","slug":"pietro-antonio-antivari","status":"publish","type":"product","link":"https:\/\/shop.kappavu.it\/KV\/prodotto\/pietro-antonio-antivari\/","title":{"rendered":"PIETRO ANTONIO ANTIVARI"},"content":{"rendered":"<h4><\/h4>\n<h4>Dall\u2019introduzione: GENESI DELLA RICERCA E RINGRAZIAMENTI<\/h4>\n<h4>Nel corso degli ultimi anni ho concentrato le mie indagini storiche in modo prevalente sull\u2019antisemitismo cattolico in Friuli a cavallo tra Otto e Novecento. Mi sono soffermato, allo stesso tempo, sulle coeve presenze ebraiche, cercando di capire chi fossero realmente gli ebrei locali, di l\u00e0 dello sguardo ostile di chi nutriva pregiudizi nei loro confronti. I miei sforzi si sono concretizzati in una serie di scritti, e in essi il presente libro, pur non avendo per tema n\u00e9 l\u2019antisemitismo cattolico n\u00e9 le presenze ebraiche, affonda nondimeno le sue radici. Difatti, tentando di ricostruire alcune manifestazioni ostili che a fine Ottocento, precisamente nel luglio 1896, bersagliarono il medico israelita Ettore Sachs, nativo di Gonars, mi sono imbattuto in Pietro Antonio Antivari (1830-1899, nativo di Morsano di Strada, a pochi chilometri da Gonars e da Palmanova), che all\u2019epoca era da quasi due anni vescovo ausiliare a Udine e da trenta reggente del Seminario cittadino; ebbene, nel frangente appena ricordato questo illustre prelato non solo non manifest\u00f2 le tendenze antiebraiche che erano caratteristiche della pi\u00f9 parte degli esponenti di spicco del mondo cattolico, ma fu addirittura assai vicino al medico ebreo Sachs.<\/h4>\n<p>&nbsp;<\/p>\n","protected":false},"excerpt":{"rendered":"<h4><span style=\"color: #800000;\"><em>VESCOVO DEI FRIULANI A FINE OTTOCENTO<\/em><\/span><\/h4>\n<p>&nbsp;<\/p>\n<h4>di <strong><a href=\"http:\/\/shop.kappavu.it\/KV\/autori-mz\/#valerio-marchi\">VALERIO MARCHI<\/a><\/strong><\/h4>\n<p><strong>A Milano, la corrispondenza giunta da Udine all\u2019\u00abOsservatore Cattolico\u00bb tesse le lodi di Antivari, si duole del \u00abvuoto terribile\u00bb che la sua dipartita lascia nel cuore di tutti e aggiunge, accanto ad altri ricordi, il seguente: \u00abIndimenticabile \u00e8 stata l\u2019accoglienza fatta a mons. Antivari dopo il suo ritorno da Roma: le primarie famiglie del Friuli gareggiavano nell\u2019offrirgli magnifici doni, era il voto unanime di tutto il nostro paese che tributava sentiti ringraziamenti al Santo Padre per aver cos\u00ec onorato colui che per quarant\u2019anni con fatiche indefesse aveva dato al Friuli tanti sacerdoti esemplari\u00bb. Ma lo stesso giornale non manca di dare spazio a una replica polemica nei confronti della stampa liberale: \u00abAlcuni graffiacarte locali vorrebbero insultare la memoria dell\u2019amato Vescovo, dipingendolo un po\u2019 liberaleggiante e perci\u00f2 contrariato dall\u2019alto clero, ma tutti quelli che lo hanno conosciuto possono sicuramente asserire quanto forte fosse la sua affezione al papato e quanto vivace battesse nel suo petto l\u2019amore alla causa cattolica, ch\u2019esso avrebbe voluto fiorentissima\u00bb. Il corrispondente cattolico, dunque, esclude sia che l\u2019Antivari possa avere mai condiviso tendenze non del tutto in linea con l\u2019ortodossia pi\u00f9 intransigente, sia che vi siano state opposizioni nei suoi confronti da parte di altri prelati di primo piano, perch\u00e9 ritiene tali eventualit\u00e0 incompatibili con l\u2019indiscutibile fedelt\u00e0 del vescovo friulano nei confronti del pontefice e, in generale, della causa cattolica: cos\u00ec facendo, per\u00f2, scarta a priori la possibilit\u00e0 che gli aspetti citati possano coesistere e, forse, non coglie la profondit\u00e0 e l\u2019originalit\u00e0 del modo di essere di Antivari.<\/strong><\/p>\n<p>&nbsp;<\/p>\n","protected":false},"featured_media":1524,"comment_status":"open","ping_status":"closed","template":"","meta":[],"product_brand":[],"product_cat":[23,19,213],"product_tag":[1357,1358,1359,1360,926,1339,927,1341,228,1361,1362,1344,1363,1364,232,760,761,233,1365,1366,1367],"class_list":{"0":"post-1742","1":"product","2":"type-product","3":"status-publish","4":"has-post-thumbnail","6":"product_cat-biografie","7":"product_cat-storia","8":"product_cat-valerio-marchi","9":"product_tag-antiebraismo","10":"product_tag-antisemitismo-in-friuli","11":"product_tag-antivari","12":"product_tag-clero-friulano","13":"product_tag-dottor-sachs","14":"product_tag-ebrei-friulani","15":"product_tag-ebrei-in-friuli","16":"product_tag-famiglie-ebree-friulane","17":"product_tag-friuli-ottocento","18":"product_tag-galleria-antivari","19":"product_tag-morsano-di-strada","20":"product_tag-novecento-in-friuli","21":"product_tag-sacerdote-friulano","22":"product_tag-seminario-di-udine","23":"product_tag-societa-udinese","24":"product_tag-storia-del-friuli","25":"product_tag-storia-di-udine","26":"product_tag-valerio-marchi","27":"product_tag-vescovo-a-udine","28":"product_tag-vescovo-dellottocento-in-friuli","29":"product_tag-vescovo-friulano","31":"first","32":"instock","33":"sale","34":"shipping-taxable","35":"purchasable","36":"product-type-simple","37":"customify-col"},"_links":{"self":[{"href":"https:\/\/shop.kappavu.it\/KV\/wp-json\/wp\/v2\/product\/1742","targetHints":{"allow":["GET"]}}],"collection":[{"href":"https:\/\/shop.kappavu.it\/KV\/wp-json\/wp\/v2\/product"}],"about":[{"href":"https:\/\/shop.kappavu.it\/KV\/wp-json\/wp\/v2\/types\/product"}],"replies":[{"embeddable":true,"href":"https:\/\/shop.kappavu.it\/KV\/wp-json\/wp\/v2\/comments?post=1742"}],"wp:featuredmedia":[{"embeddable":true,"href":"https:\/\/shop.kappavu.it\/KV\/wp-json\/wp\/v2\/media\/1524"}],"wp:attachment":[{"href":"https:\/\/shop.kappavu.it\/KV\/wp-json\/wp\/v2\/media?parent=1742"}],"wp:term":[{"taxonomy":"product_brand","embeddable":true,"href":"https:\/\/shop.kappavu.it\/KV\/wp-json\/wp\/v2\/product_brand?post=1742"},{"taxonomy":"product_cat","embeddable":true,"href":"https:\/\/shop.kappavu.it\/KV\/wp-json\/wp\/v2\/product_cat?post=1742"},{"taxonomy":"product_tag","embeddable":true,"href":"https:\/\/shop.kappavu.it\/KV\/wp-json\/wp\/v2\/product_tag?post=1742"}],"curies":[{"name":"wp","href":"https:\/\/api.w.org\/{rel}","templated":true}]}}