{"id":1734,"date":"2022-03-10T21:35:59","date_gmt":"2022-03-10T20:35:59","guid":{"rendered":"https:\/\/shop.kappavu.it\/KV\/?post_type=product&#038;p=1734"},"modified":"2025-04-12T19:02:17","modified_gmt":"2025-04-12T17:02:17","slug":"morar-damor-albero-damore","status":"publish","type":"product","link":"https:\/\/shop.kappavu.it\/KV\/prodotto\/morar-damor-albero-damore\/","title":{"rendered":"MOR\u00c2R D\u2019AM\u00d4R \u2013 ALBERO D\u2019AMORE"},"content":{"rendered":"<h4><\/h4>\n<h4>Lo annuncia la paronomasia a specchio del titolo friulano,\u00a0<em>Mor\u00e2r d\u2019am\u00f4r<\/em>, che vuole suggerire una sorta di metamorfosi di amore in albero o dell\u2019albero in amore. Lo confermano i pregevoli disegni che illustrano il libro: pi\u00f9 che illustrazioni, vere chiavi di lettura. E le varie parti dell\u2019albero, proprio come nella trattatistica e nella poesia medioevale, strutturano l\u2019intera raccolta dando il titolo alle sezioni che la compongono e che delineano un percorso, un cammino, quello della vita; se non \u00e8 n\u00e9 potrebbe essere un itinerarium in Deum, almeno esso aspira a una ascensione e a un compimento: \u201cRadici\u201d, \u201cRami\u201d, \u201cGermogli\u201d, \u201cFoglie\u201d.\u201d<\/h4>\n<h4><em>dalla presentazione di Francesco Zambon<\/em><\/h4>\n<p>&nbsp;<\/p>\n<p><span style=\"color: #ff0000;\"><strong>RECENSIONE<\/strong><\/span> di <strong>Laurin Zuan Nardin<\/strong> su lepatriedalfriul.org &#8211; 15 marzo 2023<\/p>\n<p><em>\u201cCuarp di piere slavr\u00e2t, \/ fer\u00eet, mai plui vuar\u00eet. \/ Il taramot ti \u00e0 viert inm\u00f2 la plaie: \/ si vioditi la cjaar. \/ Tu sopuartis. Simpri dret. \/ Nome n\u00f4 si sint\u00ecn ple\u00e2ts e avil\u00eets \/ pes nestris miseriis. \/ Isal parc\u00e8 che o dur\u00ecn \/ cuss\u00ec di mancul?\u201d<\/em><\/p>\n<p>\u25c6 Cuss\u00ec al \u00e8 l\u2019incipit de prime liriche par furlan di cheste racuelte (ed. Kappa Vu) di novante composizions poetichis dividudis in cuatri lenghis: cincuantecuatri par talian, vincjecuatri par furlan, cuatri par triestin, vot par franc\u00eas. Lis cent e dodis pagjinis a son insioradis di cinc bielis ilustrazions e di une presentazion fisse, firmade di Francesco Zambon. Il titul al riclame un dai arbui plui tipics de campagne furlane, il mor\u00e2r, ancje se la autore lu trad\u00fbs par talian cuntun gjeneric\u00a0<em>Albero d\u2019amore<\/em>. E un p\u00f4c dut il libri al \u00e8 fat s\u00f9 tant che un arbul, divid\u00fbt come che al \u00e8 in cuatri sezions: lidr\u00ees, ramacis, butui e fueis. Lis lirichis furlanis a pandin la gjonde di contempl\u00e2 la nature in dut il so splend\u00f4r: lis cisilis, i riui, il scampanot\u00e2, il gnotul, la mont dal Cjampon feride dal taramot. E po, lis personis: il contadin che al bat carton inte ostarie e al gjolt a sint\u00ee la ploie che e bagne i siei cjamps, il nono che al riduce sodisfat di v\u00ea onorade la marilenghe, barbe Fonso che al plante un mor\u00e2r che al vignar\u00e0 a some\u00e2i in dut e par dut a lui, Gjordan il scult\u00f4r di Sauris che al \u00e8 bon di diliber\u00e2 figuris di oms e di feminis che a durmivin dentri intal len.<br \/>\n\u25c6 Poesie semplice, fate di osservazions semplicis. Ma ancje poesie culte, cun riferiments a m\u00eets de antichit\u00e2t, tant che\u00a0<em>I doi p\u00f4i<\/em>\u00a0(p. 93) che a fasin pens\u00e2 a une des metamorfosis di Ovidi, ch\u00ea di Apol e Dafne, ancje se i arbui no son chei stes dal m\u00eet. O ben i roman\u00e7s di cort de Ete di Mie\u00e7, tant che Tristan e Isote o ben Erec e Enide. Infin la ultime liriche, ch\u00ea che e siere il libri, e je la traduzion di un rondel dal poete cort\u00eas Charles d\u2019Orl\u00e9ans.<br \/>\n\u25c6 Operazion interessante, chest miscli\u00e7 di temis e di lenghis. E salte f\u00fbr di bessole une domande: vino di jessi displas\u00fbts che no dut il libri al sedi scrit par furlan, o ben vino di jessi contents che un bon cuart di un libri cuss\u00ec articol\u00e2t al sedi st\u00e2t scrit par furlan?<\/p>\n<p>&nbsp;<\/p>\n","protected":false},"excerpt":{"rendered":"<p>&nbsp;<\/p>\n<h4>di <strong><a href=\"http:\/\/shop.kappavu.it\/KV\/autori-al\/#cristina-noacco\">CRISTINA NOACCO<\/a><\/strong><\/h4>\n<p><strong>\u201cQuesto luminoso libro poetico d\u2019esordio di Cristina Noacco \u2013 di cui la rivista \u201cL\u2019immaginazione\u201d ha anticipato in uno dei suoi ultimi numeri una decina di liriche \u2013 ruota dichiaratamente intorno a un perno tanto realistico quanto simbolico: quello dell\u2019albero. Pi\u00f9 precisamente intorno alla figura dell\u2019albero d\u2019amore, che in alcune celebri opere medievali sacre o profane, dall\u2019Arbre de filosofia de amor di Raimondo Lullo alle laude di Iacopone dedicate agli alberi d\u2019amore o di contemplazione, funge da schema o da diagramma per la trattazione dei vari aspetti della fenomenologia amorosa.\u201d<\/strong><\/p>\n<p><strong><em>dalla presentazione di Francesco Zambon<\/em><\/strong><\/p>\n<p>&nbsp;<\/p>\n","protected":false},"featured_media":1518,"comment_status":"open","ping_status":"closed","template":"","meta":[],"product_brand":[],"product_cat":[114,21,27],"product_tag":[741,297,1333,1334,1335,380,379,560,303,304,745,1336],"class_list":{"0":"post-1734","1":"product","2":"type-product","3":"status-publish","4":"has-post-thumbnail","6":"product_cat-cristina-noacco","7":"product_cat-friulano","8":"product_cat-poesia","9":"product_tag-albero-damore","10":"product_tag-cristina-noacco","11":"product_tag-francesco-zambon","12":"product_tag-friuli-contadino","13":"product_tag-poesia-in-friulano","14":"product_tag-poesie-di-autori-friulani","15":"product_tag-poesie-friulane","16":"product_tag-poesie-in-friulano","17":"product_tag-raccolta-di-poesie","18":"product_tag-raccolta-di-poesie-friulane","19":"product_tag-raccolta-di-poesie-in-friulano","20":"product_tag-racueltis-di-poesiis","22":"first","23":"instock","24":"shipping-taxable","25":"purchasable","26":"product-type-simple","27":"customify-col"},"_links":{"self":[{"href":"https:\/\/shop.kappavu.it\/KV\/wp-json\/wp\/v2\/product\/1734","targetHints":{"allow":["GET"]}}],"collection":[{"href":"https:\/\/shop.kappavu.it\/KV\/wp-json\/wp\/v2\/product"}],"about":[{"href":"https:\/\/shop.kappavu.it\/KV\/wp-json\/wp\/v2\/types\/product"}],"replies":[{"embeddable":true,"href":"https:\/\/shop.kappavu.it\/KV\/wp-json\/wp\/v2\/comments?post=1734"}],"wp:featuredmedia":[{"embeddable":true,"href":"https:\/\/shop.kappavu.it\/KV\/wp-json\/wp\/v2\/media\/1518"}],"wp:attachment":[{"href":"https:\/\/shop.kappavu.it\/KV\/wp-json\/wp\/v2\/media?parent=1734"}],"wp:term":[{"taxonomy":"product_brand","embeddable":true,"href":"https:\/\/shop.kappavu.it\/KV\/wp-json\/wp\/v2\/product_brand?post=1734"},{"taxonomy":"product_cat","embeddable":true,"href":"https:\/\/shop.kappavu.it\/KV\/wp-json\/wp\/v2\/product_cat?post=1734"},{"taxonomy":"product_tag","embeddable":true,"href":"https:\/\/shop.kappavu.it\/KV\/wp-json\/wp\/v2\/product_tag?post=1734"}],"curies":[{"name":"wp","href":"https:\/\/api.w.org\/{rel}","templated":true}]}}