{"id":1731,"date":"2022-03-10T13:42:02","date_gmt":"2022-03-10T12:42:02","guid":{"rendered":"https:\/\/shop.kappavu.it\/KV\/?post_type=product&#038;p=1731"},"modified":"2026-03-30T10:06:12","modified_gmt":"2026-03-30T08:06:12","slug":"lo-stagno-delle-rane","status":"publish","type":"product","link":"https:\/\/shop.kappavu.it\/KV\/prodotto\/lo-stagno-delle-rane\/","title":{"rendered":"LO STAGNO DELLE RANE"},"content":{"rendered":"<h4><\/h4>\n<h4>Scriveva \u201cl\u2019adolescente\u201d Bruna Sibille-Sizia nelle pagine del suo diario, il 17 febbraio 1945:\u00a0\u00abricordo la fine atroce di Amelio, che mi resta in un angolo del cuore, sempre che dentro di noi ci abbiano lasciato almeno quello\u00bb. Poi, nel tempo, \u201cla donna\u201d Bruna Sibille-Sizia riuscir\u00e0 a conservare intatto quel ricordo e a difendere tenacemente quell\u2019angolo di cuore.<\/h4>\n<h4>Dopo essere stato personaggio del romanzo\u00a0<em>Avinis<\/em>\u00a0del 1960, Amelio ritorna ne\u00a0<em>Lo stagno delle rane<\/em>, ma in tutt\u2019altra storia e in tutt\u2019altro modo: \u00e8 proprio il narratore, non un personaggio immaginario, \u00e8 l\u2019amico adolescente morto nel settembre del 1944, il primo, puro, innocente battito del cuore.<\/h4>\n<h4>Ricordi, riflessioni, denunce, episodi precisi riportati nel dettaglio con minuziosi riferimenti storici, in una scrittura che tuttavia tende spesso a cambiare; si fa vaga, veloce, frettolosa, sospende se stessa con i puntini, include discorsi diretti senza virgolette; procede seguendo un ordine essenzialmente cronologico ma anche un ritmo dato dal flusso dei ricordi. Qualcosa dunque, oltre alla narrazione in prima persona, rimanda al primissimo\u00a0<em>Diario di una ragazza nella Resistenza<\/em>, da cui poi molti episodi sono, ancora una volta, tratti.<\/h4>\n<h4>Si potrebbe disegnare il romanzo in uno schizzo: basterebbe tracciare i contorni delle rane in uno stagno, delle campane in un paese, e di una camicia bianca in un corpo di ragazzo che scaccia le ombre dagli occhi di lei con un accendisigaro. Poche immagini basterebbero a raccontare una storia.<\/h4>\n<h5><strong><em>(da \u201cUna voce carpita e sommersa. Bruna Sibille-Sizia\u201d di Martina Delpiccolo, Kappa Vu 2019)<\/em><\/strong><\/h5>\n<p>&nbsp;<\/p>\n","protected":false},"excerpt":{"rendered":"<p>&nbsp;<\/p>\n<h4>di <strong><a href=\"http:\/\/shop.kappavu.it\/KV\/autori-al\/#bruna-sibille-sizia\">BRUNA SIBILLE-SIZIA<\/a><\/strong><\/h4>\n<p><strong>\u00c8 una storia nella Storia. Essa inizia nell\u2019agosto-settembre del 1943 e prosegue oltre il tempo della Resistenza e del difficile dopoguerra. I numerosi episodi della narrazione non seguono un ordine cronologico in quanto in un romanzo ci\u00f2 non \u00e8 determinante, ma sono datati i fatti storici pi\u00f9 importanti.<\/strong><\/p>\n<p><strong><em>Prima di cadere \/ la mano chiusa a pugno \/ gridarono libert\u00e0 ai popoli \/ nel sangue delle fucilazioni \/ e delle torture \/ \u00e8 scritto libert\u00e0 \/ nello stagno delle rane \/ in quei cerchi sull\u2019acqua \/ \u00e8 scritto libert\u00e0 \/ nel cielo delle rondini \/ nelle loro scie \/ \u00e8 scritto libert\u00e0 \/ sui rami dei pioppi \/ le foglie battute dal vento \/ cantano libert\u00e0 \/ chi resta ti difenda \/ unico bene unica speranza \/ non solo sogno libert\u00e0.<\/em><\/strong><\/p>\n<p>&nbsp;<\/p>\n","protected":false},"featured_media":1511,"comment_status":"open","ping_status":"closed","template":"","meta":[],"product_brand":[],"product_cat":[100,18],"product_tag":[274,385,969,1245,1305,606,1246,1306,1249,459,331,610,538,1247,550,656,667,1307,1308],"class_list":{"0":"post-1731","1":"product","2":"type-product","3":"status-publish","4":"has-post-thumbnail","6":"product_cat-bruna-sibille-sizia","7":"product_cat-narrativa","8":"product_tag-antifascismo","9":"product_tag-autrici-friulane","10":"product_tag-bruna-sibille-sizia","11":"product_tag-lotta-di-liberazione","12":"product_tag-lotta-di-liberazione-in-friuli","13":"product_tag-lotta-partigiana","14":"product_tag-lotta-partigiana-in-carnia","15":"product_tag-lotta-partigiana-in-friuli","16":"product_tag-martina-delpiccolo","17":"product_tag-narrativa-friulana","18":"product_tag-resistenza-in-carnia","19":"product_tag-resistenza-in-friuli","20":"product_tag-romanzo-ambientato-in-friuli","21":"product_tag-romanzo-femminile","22":"product_tag-romanzo-friulano","23":"product_tag-romanzo-in-friuli","24":"product_tag-romanzo-storico","25":"product_tag-romanzo-sulla-resistenza","26":"product_tag-tarcento","28":"first","29":"instock","30":"shipping-taxable","31":"purchasable","32":"product-type-simple","33":"customify-col"},"_links":{"self":[{"href":"https:\/\/shop.kappavu.it\/KV\/wp-json\/wp\/v2\/product\/1731","targetHints":{"allow":["GET"]}}],"collection":[{"href":"https:\/\/shop.kappavu.it\/KV\/wp-json\/wp\/v2\/product"}],"about":[{"href":"https:\/\/shop.kappavu.it\/KV\/wp-json\/wp\/v2\/types\/product"}],"replies":[{"embeddable":true,"href":"https:\/\/shop.kappavu.it\/KV\/wp-json\/wp\/v2\/comments?post=1731"}],"wp:featuredmedia":[{"embeddable":true,"href":"https:\/\/shop.kappavu.it\/KV\/wp-json\/wp\/v2\/media\/1511"}],"wp:attachment":[{"href":"https:\/\/shop.kappavu.it\/KV\/wp-json\/wp\/v2\/media?parent=1731"}],"wp:term":[{"taxonomy":"product_brand","embeddable":true,"href":"https:\/\/shop.kappavu.it\/KV\/wp-json\/wp\/v2\/product_brand?post=1731"},{"taxonomy":"product_cat","embeddable":true,"href":"https:\/\/shop.kappavu.it\/KV\/wp-json\/wp\/v2\/product_cat?post=1731"},{"taxonomy":"product_tag","embeddable":true,"href":"https:\/\/shop.kappavu.it\/KV\/wp-json\/wp\/v2\/product_tag?post=1731"}],"curies":[{"name":"wp","href":"https:\/\/api.w.org\/{rel}","templated":true}]}}