{"id":1729,"date":"2022-03-10T13:25:54","date_gmt":"2022-03-10T12:25:54","guid":{"rendered":"https:\/\/shop.kappavu.it\/KV\/?post_type=product&#038;p=1729"},"modified":"2025-08-27T00:18:20","modified_gmt":"2025-08-26T22:18:20","slug":"lis-storiis-di-picul","status":"publish","type":"product","link":"https:\/\/shop.kappavu.it\/KV\/prodotto\/lis-storiis-di-picul\/","title":{"rendered":"LIS STORIIS DI PI\u00c7UL \u2013 La lune e l\u2019aiaron"},"content":{"rendered":"<h4><\/h4>\n<h4>Pi\u00e7ul al \u00e8 nass\u00fbt tal 1980 e tal 2001 al \u00e8 st\u00e2t il protagonist di cuatri venturis: al \u00e0 nad\u00e2t, al \u00e8 st\u00e2t dentri t\u2019un orloi, al \u00e0 svol\u00e2t, si \u00e8 insumi\u00e2t di besteutis zentilis.<\/h4>\n<h4>Cjalant la so date di nassite cum\u00f2 al var\u00e8s di jessi un om, ma lui al \u00e8 cress\u00fbt dome un p\u00f4c parc\u00e8 che al \u00e8 simpri une vore curi\u00f4s, un don di ducj i frutins e che Pi\u00e7ul nol v\u00fbl pierdi pe strade.<\/h4>\n<h4><em>La Aut\u00f4re<\/em><\/h4>\n<p>&nbsp;<\/p>\n","protected":false},"excerpt":{"rendered":"<p>&nbsp;<\/p>\n<h4>di <strong><a href=\"http:\/\/shop.kappavu.it\/KV\/autori-al\/#francesca-gregoricchio\">FRANCESCA GREGORICCHIO<\/a><\/strong><\/h4>\n<p><strong>Cui no si \u00e8 mai insumi\u00e2t di ferm\u00e2 il timp, pod\u00ea svol\u00e2 su la Lune o riv\u00e2 a cjat\u00e2 di dul\u00e0 che <\/strong><strong>al ven f\u00fbr l\u2019aiaron?<\/strong><br \/>\n<strong>E cuant che Pi\u00e7ul si met intalcj\u00e2f une idee\u2026<\/strong><\/p>\n<p><strong>Alore, fuarce, lin cun Pi\u00e7ul a vivi chestis d\u00f4s gnovis venturis!<\/strong><\/p>\n<p><strong><em>La Aut\u00f4re<\/em><\/strong><\/p>\n<p>&nbsp;<\/p>\n","protected":false},"featured_media":1510,"comment_status":"open","ping_status":"closed","template":"","meta":[],"product_brand":[],"product_cat":[24,135,21],"product_tag":[684,685,686,687,1301,1302,496,688,689,690,699,1303,317,635,878,879,692,694,695,696],"class_list":{"0":"post-1729","1":"product","2":"type-product","3":"status-publish","4":"has-post-thumbnail","6":"product_cat-didatiche","7":"product_cat-francesca-gregoricchio","8":"product_cat-friulano","9":"product_tag-didatiche","10":"product_tag-didatiche-furlane","11":"product_tag-didatiche-par-furlan","12":"product_tag-didattica-in-friulano","13":"product_tag-fiabe-in-friulano","14":"product_tag-flabis-par-furlan","15":"product_tag-francesca-gregoricchio","16":"product_tag-libri-illustrati-in-friulano","17":"product_tag-libri-illustrati-per-bambini","18":"product_tag-libri-per-bambini-in-friulano","19":"product_tag-libruts-par-furlan","20":"product_tag-lis-storiis-di-picul","21":"product_tag-racconti-in-friulano","22":"product_tag-storiis-par-furlan","23":"product_tag-storiutis-pai-frutins","24":"product_tag-storiutis-par-furlan","25":"product_tag-testi-in-lingua-friulana","26":"product_tag-testi-per-scuola-primaria","27":"product_tag-testi-scolastici-in-friulano","28":"product_tag-testi-sulla-famiglia","30":"first","31":"instock","32":"sale","33":"shipping-taxable","34":"purchasable","35":"product-type-simple","36":"customify-col"},"_links":{"self":[{"href":"https:\/\/shop.kappavu.it\/KV\/wp-json\/wp\/v2\/product\/1729","targetHints":{"allow":["GET"]}}],"collection":[{"href":"https:\/\/shop.kappavu.it\/KV\/wp-json\/wp\/v2\/product"}],"about":[{"href":"https:\/\/shop.kappavu.it\/KV\/wp-json\/wp\/v2\/types\/product"}],"replies":[{"embeddable":true,"href":"https:\/\/shop.kappavu.it\/KV\/wp-json\/wp\/v2\/comments?post=1729"}],"wp:featuredmedia":[{"embeddable":true,"href":"https:\/\/shop.kappavu.it\/KV\/wp-json\/wp\/v2\/media\/1510"}],"wp:attachment":[{"href":"https:\/\/shop.kappavu.it\/KV\/wp-json\/wp\/v2\/media?parent=1729"}],"wp:term":[{"taxonomy":"product_brand","embeddable":true,"href":"https:\/\/shop.kappavu.it\/KV\/wp-json\/wp\/v2\/product_brand?post=1729"},{"taxonomy":"product_cat","embeddable":true,"href":"https:\/\/shop.kappavu.it\/KV\/wp-json\/wp\/v2\/product_cat?post=1729"},{"taxonomy":"product_tag","embeddable":true,"href":"https:\/\/shop.kappavu.it\/KV\/wp-json\/wp\/v2\/product_tag?post=1729"}],"curies":[{"name":"wp","href":"https:\/\/api.w.org\/{rel}","templated":true}]}}