{"id":1728,"date":"2022-03-08T18:07:50","date_gmt":"2022-03-08T17:07:50","guid":{"rendered":"https:\/\/shop.kappavu.it\/KV\/?post_type=product&#038;p=1728"},"modified":"2024-04-27T17:19:28","modified_gmt":"2024-04-27T15:19:28","slug":"licof","status":"publish","type":"product","link":"https:\/\/shop.kappavu.it\/KV\/prodotto\/licof\/","title":{"rendered":"LIC\u00d4F"},"content":{"rendered":"<h4><\/h4>\n<h4><em>Di bess\u00f4i<\/em><\/h4>\n<h4>vu\u00ea par p\u00f4s gr\u00e2ts in Cjargna<br \/>\nla uva no madura<\/h4>\n<h4>se l\u2019ozono spessa cuvierta<br \/>\nch\u2019a nus invulu\u00e7a<br \/>\nsi discipa e si fora<br \/>\npar via di lontans vulcans<br \/>\ne di mot\u00f4rs e cjamins<br \/>\na Udin o Berlin:<br \/>\ncressar\u00e0 su la cjera<br \/>\nil cj\u00e2lt four di misura!<\/h4>\n<h4>duncja: plui deserts<br \/>\ne tum\u00f4rs tal mont<br \/>\ne in Cjargnia<br \/>\nuva madura!<\/h4>\n<p>&nbsp;<\/p>\n","protected":false},"excerpt":{"rendered":"<h4><span style=\"color: #800000;\"><em>POESIE 1991-1995<\/em><\/span><\/h4>\n<p>&nbsp;<\/p>\n<h4>di <strong><a href=\"http:\/\/shop.kappavu.it\/KV\/autori-al\/#leonardo-zanier\">LEONARDO ZANIER<\/a><\/strong><\/h4>\n<p><strong>Poesiis par furlan cun traduzion par talian. Une poesie che fevele, di anim\u00e2i, di plantis, di cunfins, di ints, di am\u00f4r, intun miscli\u00e7 potent di liriche e di ironie, un lenga\u00e7 dul\u00e0 che i riferiments aes robis de vite cuotidiane a son imagjins specul\u00e2rs, no dome leterariis, de condizion umane.<\/strong><\/p>\n<p><strong><em>Poesie in friulano con traduzione in italiano. Una poesia che parla di animali, di piante, di confini, di genti, di amore, in una mescolanza potente di lirica e di ironia. Un linguaggio dove i riferimenti alle cose della vita quotidiana sono immagini speculari, non solo letterarie, della condizione umana.<\/em><\/strong><\/p>\n<p>&nbsp;<\/p>\n","protected":false},"featured_media":1509,"comment_status":"open","ping_status":"closed","template":"","meta":[],"product_brand":[],"product_cat":[25,21,160,27],"product_tag":[907,908,328,909,900,1278,605,1298,1297,380,379,560,910,303,304,911,912],"class_list":{"0":"post-1728","1":"product","2":"type-product","3":"status-publish","4":"has-post-thumbnail","6":"product_cat-discanto","7":"product_cat-friulano","8":"product_cat-leonardo-zanier","9":"product_cat-poesia","10":"product_tag-brecht","11":"product_tag-canzoniere-di-aiello","12":"product_tag-carnia","13":"product_tag-che-diaz-us-al-meriti","14":"product_tag-discanto","15":"product_tag-leo-zanier","16":"product_tag-leonardo-zanier","17":"product_tag-licof","18":"product_tag-poesie-carniche","19":"product_tag-poesie-di-autori-friulani","20":"product_tag-poesie-friulane","21":"product_tag-poesie-in-friulano","22":"product_tag-prose-friulane","23":"product_tag-raccolta-di-poesie","24":"product_tag-raccolta-di-poesie-friulane","25":"product_tag-sboradura-e-sanc","26":"product_tag-vita-in-carnia","28":"first","29":"instock","30":"shipping-taxable","31":"purchasable","32":"product-type-simple","33":"customify-col"},"_links":{"self":[{"href":"https:\/\/shop.kappavu.it\/KV\/wp-json\/wp\/v2\/product\/1728","targetHints":{"allow":["GET"]}}],"collection":[{"href":"https:\/\/shop.kappavu.it\/KV\/wp-json\/wp\/v2\/product"}],"about":[{"href":"https:\/\/shop.kappavu.it\/KV\/wp-json\/wp\/v2\/types\/product"}],"replies":[{"embeddable":true,"href":"https:\/\/shop.kappavu.it\/KV\/wp-json\/wp\/v2\/comments?post=1728"}],"wp:featuredmedia":[{"embeddable":true,"href":"https:\/\/shop.kappavu.it\/KV\/wp-json\/wp\/v2\/media\/1509"}],"wp:attachment":[{"href":"https:\/\/shop.kappavu.it\/KV\/wp-json\/wp\/v2\/media?parent=1728"}],"wp:term":[{"taxonomy":"product_brand","embeddable":true,"href":"https:\/\/shop.kappavu.it\/KV\/wp-json\/wp\/v2\/product_brand?post=1728"},{"taxonomy":"product_cat","embeddable":true,"href":"https:\/\/shop.kappavu.it\/KV\/wp-json\/wp\/v2\/product_cat?post=1728"},{"taxonomy":"product_tag","embeddable":true,"href":"https:\/\/shop.kappavu.it\/KV\/wp-json\/wp\/v2\/product_tag?post=1728"}],"curies":[{"name":"wp","href":"https:\/\/api.w.org\/{rel}","templated":true}]}}