{"id":1722,"date":"2022-03-08T15:24:08","date_gmt":"2022-03-08T14:24:08","guid":{"rendered":"https:\/\/shop.kappavu.it\/KV\/?post_type=product&#038;p=1722"},"modified":"2024-03-01T23:49:27","modified_gmt":"2024-03-01T22:49:27","slug":"le-operose-rogge-di-udine","status":"publish","type":"product","link":"https:\/\/shop.kappavu.it\/KV\/prodotto\/le-operose-rogge-di-udine\/","title":{"rendered":"LE OPEROSE ROGGE DI UDINE"},"content":{"rendered":"<h4><\/h4>\n<h4>Protagonista di questa narrazione \u00e8 l\u2019acqua, elemento di unione e di condivisione tra uomini e luoghi, fonte di sostentamento per la collettivit\u00e0 e motore del progresso delle attivit\u00e0 produttive. \u00c8 anche una riflessione sull\u2019identit\u00e0 di una comunit\u00e0, quella di Sant\u2019Osvaldo, che deve coniugare la vocazione \u201coperosa\u201d del quartiere, con i suoi antichi stabilimenti, mulini e opifici, e le trasformazioni del contesto sociale in atto negli ultimi anni.<\/h4>\n<p>&nbsp;<\/p>\n","protected":false},"excerpt":{"rendered":"<h4><span style=\"color: #800000;\"><em>LA LUNGA STORIA DEGLI OPIFICI E DEI MULINI NEL BORGO DI SANT&#8217;OSVALDO<\/em><\/span><\/h4>\n<p>&nbsp;<\/p>\n<h4>di <strong><a href=\"http:\/\/shop.kappavu.it\/KV\/autori-mz\/#michela-bonan\">MICHELA BONAN<\/a><\/strong><\/h4>\n<p><strong>Un percorso di immagini e parole dai fiumi alle antiche rogge e ai canali che attraversano Udine. Una ricerca storica per far conoscere un patrimonio ambientale, sociale ed economico in una prospettiva di conservazione e valorizzazione della citt\u00e0 e dei suoi quartieri.<\/strong><\/p>\n<p>&nbsp;<\/p>\n<h5><a href=\"https:\/\/www.youtube.com\/watch?v=vLb-NriN4c0&amp;t=1s\"><span style=\"color: #000080;\"><strong>GUARDA IL VIDEO DI PRESENTAZIONE<\/strong><\/span><\/a><\/h5>\n<p>&nbsp;<\/p>\n","protected":false},"featured_media":1504,"comment_status":"open","ping_status":"closed","template":"","meta":[],"product_brand":[],"product_cat":[1024,188,30],"product_tag":[1258,1259,1260,1261,1262,1263,1264,1265,1266,1267,445,1268,1269],"class_list":{"0":"post-1722","1":"product","2":"type-product","3":"status-publish","4":"has-post-thumbnail","6":"product_cat-lavoro-e-societa","7":"product_cat-michela-bonan","8":"product_cat-saggistica","9":"product_tag-canali-di-udine","10":"product_tag-comune-di-udine","11":"product_tag-fotografie-di-udine","12":"product_tag-libro-fotografico","13":"product_tag-michela-bonan","14":"product_tag-mulini-a-udine","15":"product_tag-operai-a-udine","16":"product_tag-opifici-a-udine","17":"product_tag-quartiere-di-santosvaldo","18":"product_tag-rogge-di-udine","19":"product_tag-santosvaldo","20":"product_tag-storia-del-comune-di-udine","21":"product_tag-storia-del-quartiere-di-santosvaldo","23":"first","24":"instock","25":"shipping-taxable","26":"purchasable","27":"product-type-simple","28":"customify-col","29":"product-has-gallery"},"_links":{"self":[{"href":"https:\/\/shop.kappavu.it\/KV\/wp-json\/wp\/v2\/product\/1722","targetHints":{"allow":["GET"]}}],"collection":[{"href":"https:\/\/shop.kappavu.it\/KV\/wp-json\/wp\/v2\/product"}],"about":[{"href":"https:\/\/shop.kappavu.it\/KV\/wp-json\/wp\/v2\/types\/product"}],"replies":[{"embeddable":true,"href":"https:\/\/shop.kappavu.it\/KV\/wp-json\/wp\/v2\/comments?post=1722"}],"wp:featuredmedia":[{"embeddable":true,"href":"https:\/\/shop.kappavu.it\/KV\/wp-json\/wp\/v2\/media\/1504"}],"wp:attachment":[{"href":"https:\/\/shop.kappavu.it\/KV\/wp-json\/wp\/v2\/media?parent=1722"}],"wp:term":[{"taxonomy":"product_brand","embeddable":true,"href":"https:\/\/shop.kappavu.it\/KV\/wp-json\/wp\/v2\/product_brand?post=1722"},{"taxonomy":"product_cat","embeddable":true,"href":"https:\/\/shop.kappavu.it\/KV\/wp-json\/wp\/v2\/product_cat?post=1722"},{"taxonomy":"product_tag","embeddable":true,"href":"https:\/\/shop.kappavu.it\/KV\/wp-json\/wp\/v2\/product_tag?post=1722"}],"curies":[{"name":"wp","href":"https:\/\/api.w.org\/{rel}","templated":true}]}}