{"id":1721,"date":"2022-03-08T15:09:54","date_gmt":"2022-03-08T14:09:54","guid":{"rendered":"https:\/\/shop.kappavu.it\/KV\/?post_type=product&#038;p=1721"},"modified":"2025-07-27T12:06:42","modified_gmt":"2025-07-27T10:06:42","slug":"le-favole-del-corvo","status":"publish","type":"product","link":"https:\/\/shop.kappavu.it\/KV\/prodotto\/le-favole-del-corvo\/","title":{"rendered":"LE FAVOLE DEL CORVO"},"content":{"rendered":"<h4><\/h4>\n<h4>\u201c\u2026 Il mondo della foresta \u00e8 il mondo moderno e il corvo non \u00e8 ben visto n\u00e9 dai benpensanti di destra n\u00e9 da quelli di sinistra, n\u00e9 la sua interpretazione-trasformazione della morale delle favole piace alla civetta che le ritiene abnormi, irriverenti verso l\u2019autorit\u00e0 dei vecchi favolisti, e irridenti verso lo status quo\u2026\u201d<\/h4>\n<h4><em>Tito Maniacco<\/em><\/h4>\n<p>&nbsp;<\/p>\n","protected":false},"excerpt":{"rendered":"<p>&nbsp;<\/p>\n<h4>di <strong><a href=\"http:\/\/shop.kappavu.it\/KV\/autori-mz\/#tito-maniacco\">TITO MANIACCO<\/a><\/strong><\/h4>\n<p>&nbsp;<\/p>\n<p><strong>\u201c\u2026 Il mondo della foresta \u00e8 il mondo moderno e il corvo non \u00e8 ben visto n\u00e9 dai benpensanti di destra n\u00e9 da quelli di sinistra, n\u00e9 la sua interpretazione-trasformazione della morale delle favole piace alla civetta che le ritiene abnormi, irriverenti verso l\u2019autorit\u00e0 dei vecchi favolisti, e irridenti verso lo status quo\u2026\u201d<\/strong><\/p>\n<p><strong><em>Tito Maniacco<\/em><\/strong><\/p>\n<p>&nbsp;<\/p>\n","protected":false},"featured_media":1503,"comment_status":"open","ping_status":"closed","template":"","meta":[],"product_brand":[],"product_cat":[25,30,211],"product_tag":[551,376,900,1252,1253,1254,1255,566],"class_list":{"0":"post-1721","1":"product","2":"type-product","3":"status-publish","4":"has-post-thumbnail","6":"product_cat-discanto","7":"product_cat-saggistica","8":"product_cat-tito-maniacco","9":"product_tag-autore-friulano","10":"product_tag-autori-friulani","11":"product_tag-discanto","12":"product_tag-favole-di-animali","13":"product_tag-politica-friulana","14":"product_tag-politica-udinese","15":"product_tag-riflessione-politica","16":"product_tag-tito-maniacco","18":"first","19":"instock","20":"sale","21":"shipping-taxable","22":"purchasable","23":"product-type-simple","24":"customify-col"},"_links":{"self":[{"href":"https:\/\/shop.kappavu.it\/KV\/wp-json\/wp\/v2\/product\/1721","targetHints":{"allow":["GET"]}}],"collection":[{"href":"https:\/\/shop.kappavu.it\/KV\/wp-json\/wp\/v2\/product"}],"about":[{"href":"https:\/\/shop.kappavu.it\/KV\/wp-json\/wp\/v2\/types\/product"}],"replies":[{"embeddable":true,"href":"https:\/\/shop.kappavu.it\/KV\/wp-json\/wp\/v2\/comments?post=1721"}],"wp:featuredmedia":[{"embeddable":true,"href":"https:\/\/shop.kappavu.it\/KV\/wp-json\/wp\/v2\/media\/1503"}],"wp:attachment":[{"href":"https:\/\/shop.kappavu.it\/KV\/wp-json\/wp\/v2\/media?parent=1721"}],"wp:term":[{"taxonomy":"product_brand","embeddable":true,"href":"https:\/\/shop.kappavu.it\/KV\/wp-json\/wp\/v2\/product_brand?post=1721"},{"taxonomy":"product_cat","embeddable":true,"href":"https:\/\/shop.kappavu.it\/KV\/wp-json\/wp\/v2\/product_cat?post=1721"},{"taxonomy":"product_tag","embeddable":true,"href":"https:\/\/shop.kappavu.it\/KV\/wp-json\/wp\/v2\/product_tag?post=1721"}],"curies":[{"name":"wp","href":"https:\/\/api.w.org\/{rel}","templated":true}]}}