{"id":1720,"date":"2022-03-08T14:55:51","date_gmt":"2022-03-08T13:55:51","guid":{"rendered":"https:\/\/shop.kappavu.it\/KV\/?post_type=product&#038;p=1720"},"modified":"2022-11-09T16:30:17","modified_gmt":"2022-11-09T15:30:17","slug":"la-terra-impossibile","status":"publish","type":"product","link":"https:\/\/shop.kappavu.it\/KV\/prodotto\/la-terra-impossibile\/","title":{"rendered":"LA TERRA IMPOSSIBILE"},"content":{"rendered":"<h4><\/h4>\n<h4>\u201cLa terra impossibile\u201d \u00e8 il primo romanzo che tratta della Rosskaja Osvobodetelnaja Armija, cio\u00e8 dei cosacchi, che nel 1944 invasero il Friuli. Bruna Sibille-Sizia lo scrisse a soli vent\u2019anni. In queste pagine scorrono come fiumi tumultuosi le grandi masse travolte dagli eventi, si intrecciano le vicende dei protagonisti e i loro drammi individuali che tuttavia assumono una dimensione corale. I lettori troveranno la verit\u00e0 sulla pi\u00f9 grande disfatta mercenaria che la memoria dell\u2019uomo ricordi, giacch\u00e9 non sempre il tempo fa la storia ma al contrario pu\u00f2 travisarla.<\/h4>\n<h4>Un romanzo indimenticato, sopravvissuto agli anni, rimasto nel ricordo perch\u00e9 quelle vicende sono state viste e memorizzate dalla stessa narratrice e quindi il libro era ancora caldo di sangue e di emozioni, dell\u2019odore della polvere sollevata dai cavalli, del fumo degli incendi intorno ai paesi dati alle fiamme dai nazifascisti, della vibrazione di amore e di odio, sentimenti che intrecciandosi confusamente nell\u2019animo spingevano avanti, sotto una bandiera mercenaria e agli ordini di vecchi ufficiali nostalgici dello zarismo, quei cosacchi che cercavano una nuova terra in cui stanziarsi, a loro promessa dai nazisti.<\/h4>\n<h4>Tito Maniacco scrisse: \u201cIn Friuli non sono molti i libri ai quali fare ritorno cos\u00ec come in genere spetta allo spirito di un popolo. Si dir\u00e0 che lo spirito di questo popolo parla una lingua diversa da quella usata dalla nostra narratrice. Ma se lo spirito \u00e8 nascosto nella lingua, \u00e8 pi\u00f9 profondamente radicato nelle storie stesse, ed \u00e8 a queste storie che si deve fare ritorno. L\u2019italiano \u00e8 una delle due lingue costituite di questo nostro bilinguismo, e Bruna Sibille-Sizia ne \u00e8 un\u2019indiscussa maestra\u201d.<\/h4>\n<h4>Diego Valeri si espresse cos\u00ec: \u201cUn\u2019opera straordinaria. Sono stupefatto dalla sicurezza con cui ha condotto un intreccio che non \u00e8 neppure un intreccio, ma piuttosto un groviglio di fatti e di eventi. Con la sua piccola mano ha mosso tutta un\u2019armata, e, quel che \u00e8 pi\u00f9 \u201cstraordinario\u201d (insisto sull\u2019aggettivo) \u00e8 che ha saputo ripetere il racconto di un\u2019agonia e di una morte molte e molte volte, senza ripetersi mai\u201d. Pasolini nel 1965 disse dell\u2019autrice \u201cuna delle poche voci valide del Friuli\u201d.<\/h4>\n<h4><em>Con un ricco inserto fotografico in buona parte inedito che presenta immagini dei luoghi e dei tempi descritti.<\/em><\/h4>\n<p>&nbsp;<\/p>\n","protected":false},"excerpt":{"rendered":"<h4><span style=\"color: #800000;\"><em>STORIA DELL&#8217;ARMATA COSACCA IN FRIULI<\/em><\/span><\/h4>\n<p>&nbsp;<\/p>\n<h4>di <strong><a href=\"http:\/\/shop.kappavu.it\/KV\/autori-al\/#bruna-sibille-sizia\">BRUNA SIBILLE-SIZIA<\/a><\/strong><\/h4>\n<p><strong>\u201cLa terra impossibile\u201d \u00e8 il primo romanzo che tratta della Rosskaja Osvobodetelnaja Armija, cio\u00e8 dei cosacchi, che nel 1944 invasero il Friuli. In queste pagine scorrono come fiumi tumultuosi le grandi masse travolte dagli eventi, si intrecciano le vicende dei protagonisti e i loro drammi individuali che tuttavia assumono una dimensione corale.\u00a0Un romanzo indimenticato, sopravvissuto agli anni, rimasto nel ricordo perch\u00e9 quelle vicende sono state viste e memorizzate dalla stessa narratrice e quindi il libro \u00e8 ancora caldo di sangue e di emozioni, dell\u2019odore della polvere sollevata dai cavalli, del fumo degli incendi intorno ai paesi dati alle fiamme dai nazifascisti.<\/strong><\/p>\n<h5><span style=\"color: #800000;\"><strong>Questo \u00e8 il primo libro di Bruna Sibille-Sizia, importante scrittrice friulana, di cui recentemente \u00e8 stata scritta da Martina Delpiccolo la biografia (<em>Una voce carpita e sommersa<\/em>, Kappa Vu 2019).<\/strong><\/span><\/h5>\n<p>&nbsp;<\/p>\n","protected":false},"featured_media":1500,"comment_status":"open","ping_status":"closed","template":"","meta":[],"product_brand":[],"product_cat":[100,18],"product_tag":[1238,1239,385,969,1240,1241,1242,1243,1244,1245,1246,1249,459,331,610,538,1247,667,1248,566],"class_list":{"0":"post-1720","1":"product","2":"type-product","3":"status-publish","4":"has-post-thumbnail","6":"product_cat-bruna-sibille-sizia","7":"product_cat-narrativa","8":"product_tag-armata-cosacca","9":"product_tag-armata-cosacca-in-friuli","10":"product_tag-autrici-friulane","11":"product_tag-bruna-sibille-sizia","12":"product_tag-cosacchi","13":"product_tag-cosacchi-in-friuli","14":"product_tag-invasione-del-friuli","15":"product_tag-kazakaja-zemlja","16":"product_tag-kosakenland","17":"product_tag-lotta-di-liberazione","18":"product_tag-lotta-partigiana-in-carnia","19":"product_tag-martina-delpiccolo","20":"product_tag-narrativa-friulana","21":"product_tag-resistenza-in-carnia","22":"product_tag-resistenza-in-friuli","23":"product_tag-romanzo-ambientato-in-friuli","24":"product_tag-romanzo-femminile","25":"product_tag-romanzo-storico","26":"product_tag-storia-dei-cosacchi","27":"product_tag-tito-maniacco","29":"first","30":"outofstock","31":"shipping-taxable","32":"purchasable","33":"product-type-simple","34":"customify-col"},"_links":{"self":[{"href":"https:\/\/shop.kappavu.it\/KV\/wp-json\/wp\/v2\/product\/1720","targetHints":{"allow":["GET"]}}],"collection":[{"href":"https:\/\/shop.kappavu.it\/KV\/wp-json\/wp\/v2\/product"}],"about":[{"href":"https:\/\/shop.kappavu.it\/KV\/wp-json\/wp\/v2\/types\/product"}],"replies":[{"embeddable":true,"href":"https:\/\/shop.kappavu.it\/KV\/wp-json\/wp\/v2\/comments?post=1720"}],"wp:featuredmedia":[{"embeddable":true,"href":"https:\/\/shop.kappavu.it\/KV\/wp-json\/wp\/v2\/media\/1500"}],"wp:attachment":[{"href":"https:\/\/shop.kappavu.it\/KV\/wp-json\/wp\/v2\/media?parent=1720"}],"wp:term":[{"taxonomy":"product_brand","embeddable":true,"href":"https:\/\/shop.kappavu.it\/KV\/wp-json\/wp\/v2\/product_brand?post=1720"},{"taxonomy":"product_cat","embeddable":true,"href":"https:\/\/shop.kappavu.it\/KV\/wp-json\/wp\/v2\/product_cat?post=1720"},{"taxonomy":"product_tag","embeddable":true,"href":"https:\/\/shop.kappavu.it\/KV\/wp-json\/wp\/v2\/product_tag?post=1720"}],"curies":[{"name":"wp","href":"https:\/\/api.w.org\/{rel}","templated":true}]}}