{"id":1716,"date":"2022-03-08T14:36:37","date_gmt":"2022-03-08T13:36:37","guid":{"rendered":"https:\/\/shop.kappavu.it\/KV\/?post_type=product&#038;p=1716"},"modified":"2025-07-29T22:53:07","modified_gmt":"2025-07-29T20:53:07","slug":"la-mia-casa-e-dove-sono-felice","status":"publish","type":"product","link":"https:\/\/shop.kappavu.it\/KV\/prodotto\/la-mia-casa-e-dove-sono-felice\/","title":{"rendered":"LA MIA CASA \u00c8 DOVE SONO FELICE"},"content":{"rendered":"<h4><\/h4>\n<h4><em>dall\u2019introduzione di Max Mauro<\/em>:<br \/>\nUn giorno di diversi anni fa, nel pieno del clima mediatico antialbanese che aveva avvolto l\u2019Italia intera e che sembra oggi fortunatamente stemperato, lessi la storia di vita di un emigrante friulano, finito in Canada a fare vari lavori prima di trovare la sua strada nel commercio di vini. Quest\u2019uomo raccontava di essere emigrato dopo la seconda guerra mondiale per svolgere lavori agricoli \u2013 il contadino era l\u2019unico mestiere che potesse dire di saper fare \u2013 ma non avendo grande passione per la terra presto pass\u00f2 al settore edile, trovando impiego presso una ditta di terrazzieri corregionali. Anche questo lavoro non si rivel\u00f2 di suo gradimento e cos\u00ec si ritrov\u00f2 a fare il cameriere tuttofare in un albergo. Qui fece amicizia con un collega, immigrato anch\u2019egli, che gli propose di associarsi a lui per la vendita porta a porta di spazzole. Nel tempo libero i due giovani immigrati cominciarono allora a suonare i campanelli dei quartieri residenziali e a proporre spazzole e scope in un inglese pi\u00f9 che stentato. Il collega con il quale il nostro emigrante si mise in affari era un immigrato albanese.<\/h4>\n<p>&nbsp;<\/p>\n<p data-adtags-visited=\"true\"><b><strong>Premio \u201cRaccontare l\u2019emigrazione\u201d 2006, Comune di Borgotaro (PR)<\/strong><\/b>.\u00a0Questa la\u00a0motivazione della giuria presieduta dal prof.\u00a0<a href=\"http:\/\/it.wikipedia.org\/wiki\/Mario_Lavagetto\">Mario Lavagetto<\/a>.\u00a0\u00a0<b><strong><em>\u201c<\/em><\/strong><\/b><em>Per il lavoro di Max Mauro,\u00a0si tratta di racconti che intrecciano passato e presente. Nelle case contadine che la vecchia emigrazione friulana ha reso dignitose lavorando nell\u2019Europa delle miniere e delle umiliazioni, vivono immigrati senegalesi, eritrei, albanesi, ex jugoslavi. Inseguono il \u201cSogno italiano\u201d. Qualcuno ce la fa, altri sopravvivono. L\u2019incontro tra i padroni ex emigranti e gli inquilini scappati da fame e paure, anima ricordi modulati nella realt\u00e0 di chi sta tentando l\u2019avventura di una vita con qualche speranza. Dialoghi essenziali, a volte commoventi che Max Mauro, figlio di emigrati, sfruttando la propria esperienza personale, ha saputo restituire con grande sensibilit\u00e0, partecipazione e con una scrittura essenziale ed efficace<\/em>\u00a0<b><strong>\u201d<\/strong><\/b><\/p>\n<p data-adtags-visited=\"true\"><b><strong>Hanno scritto del libro:<\/strong><\/b><\/p>\n<p data-adtags-visited=\"true\"><b><strong>\u00a0<\/strong><\/b>\u201cL\u2019attitudine di Max Mauro \u00e8, per fortuna, una attitudine, che credo rarissima, umanamente aperta e disponibile, ma che conserva sempre una distanza e una forza di intervento autonomi ed espliciti. Quindi anche se molto vicina all\u2019interlocutore, sintonizzata sulla sua lunghezza d\u2019onda, capace di ascoltare e registrare tutto, anche le pieghe e le contraddizioni meno visibili, magari di commuoversi, ma senza perdere di vista il contesto da cui l\u2019interlocutore viene e quello (quelli) in cui ha provato ad inserirsi e magari ci \u00e8 riuscito. Non ha paura di intromettersi e se lo fa, spesso, lo fa in modo esplicito, dichiarato, soprattutto utile, nel senso di illuminante. Anche per l\u2019interlocutore\u201d. (<b><strong>dalla postfazione di Leonardo Zanier<\/strong><\/b>)<\/p>\n<p data-adtags-visited=\"true\">\u201cFra empatia e rigore, tra dubbi e illuminazioni, l\u2019autore si immerge con straordinaria capacit\u00e0 narrativa nelle storie tra \u2018ferite non rimarginate, scoperte, incontri inaspettati\u2019. Non un libro-verit\u00e0, ma un libro-esperienza\u201d. (<b><strong>Daniele Barbieri, Carta<\/strong><\/b>)<\/p>\n<p data-adtags-visited=\"true\">\u201c<em>La mia casa \u00e8 dove sono felice<\/em>\u00a0\u00e8 un libro che nasce senza una tesi da dimostrare, ma per rispondere a una domanda: c\u2019\u00e8 differenza fra emigrato e immigrato? Una vera inchiesta come se ne fanno poche\u201d. (<b><strong>Chiara Righetti, Repubblica)<\/strong><\/b><\/p>\n<p data-adtags-visited=\"true\">\u201c(<em>La mia casa \u00e8 dove sono felice<\/em>) E\u2019 un libro molto intenso che credo possa insegnare a diverse discipline umanistiche per la sua capacit\u00e0 di intersecare saperi, provenienti da contesti disparati, e per la sua attenzione rispetto ai fatti storici che fanno da sfondo alle migrazioni di cui tratta\u201d. (<b><strong>Devi Sacchetto,\u00a0 docente di\u00a0 sociologia del lavoro, Universit\u00e0 di Padova<\/strong><\/b>)<\/p>\n<p data-adtags-visited=\"true\">\u201cIl testo si articola in un\u2019alternanza di quattordici racconti di storie della migrazione, di media e lunga durata, dal e in Friuli, regione che diventa non il punto di osservazione di un\u2019analisi sull\u2019emigrazione regionale, quanto piuttosto un simbolo esemplificativo del fenomeno complessivo della migrazione stessa, trattandosi della regione italiana maggiormente toccata dall\u2019emigrazione, in passato, e, dall\u2019immigrazione, attualmente\u201d. (<b><strong>Rossella Rafele, Kum\u00e0\/Universit\u00e0 La Sapienza<\/strong><\/b>)<\/p>\n<p data-adtags-visited=\"true\">\u201dViaggio nel Friuli Venezia Giulia, viaggio attraverso il mondo. Max Mauro parte dalla sua terra per intrecciare i racconti degli immigrati che si sono stabiliti in Friuli dall\u2019Africa, dall\u2019Est Europa, dall\u2019Albania, dall\u2019ex Jugoslavia, con quelli degli anziani della regione, che nelle loro case serbano il ricordo di incredibili viaggi tra il cuore dell\u2019Europa, gli Stati uniti e il Canada, quando dall\u2019Italia si partiva a cercar fortuna\u201d. (<b><strong>Cinzia Gubbini, Le Monde Diplomatique<\/strong><\/b>)<\/p>\n<p data-adtags-visited=\"true\">\u201cSebbene il testo non aspiri ad essere saggistico, \u00e8 comunque ricco di riferimenti bibliografici ed approfondimenti che favoriscono il passaggio da un livello micro, individuale, ad uno macro, collettivo. Penso infatti che vi sia un giusto equilibrio tra le storie individuali e i fenomeni sociali pi\u00f9 ampi entro cui esse si collocano\u201d. (<b><strong>Silvia Camillotti, Diritto Cittadinanza Immigrazione<\/strong><\/b>)<\/p>\n<p data-adtags-visited=\"true\">\u201c<em>La mia casa \u00e8 dove sono felice<\/em>\u00a0diventa allora indicazione di ricerca sociologica, percorso di riflessione critica, denuncia delle diffuse propensioni a rimuovere il nostro passato\u201d. (<b><strong>Antonella Sbuelz, Messaggero Veneto)<\/strong><\/b><\/p>\n<p data-adtags-visited=\"true\">\n","protected":false},"excerpt":{"rendered":"<h4><span style=\"color: #800000;\"><em>STORIE DI EMIGRATI E IMMIGRATI<\/em><\/span><\/h4>\n<p>&nbsp;<\/p>\n<h4>di <strong><a href=\"http:\/\/shop.kappavu.it\/KV\/autori-mz\/#max-mauro\">MAX MAURO<\/a><\/strong><\/h4>\n<p><strong>Uliano \u00e8 emigrato illegalmente in Jugoslavia nel 1947. Ahmed \u00e8 entrato in Italia senza un permesso di lavoro nel 1989. Luigi ha creato una fabbrica in Canada, dove vive da cinquant\u2019anni. Naiaga ha creato una fabbrica in Friuli, dove vive da quindici anni. Ana vuole diventare cittadina italiana per poter votare, perch\u00e9 se si vota ci si sente piu\u2019 partecipi della vita sociale. Vittoria ha vissuto diciassette anni in Germania, ma si \u00e8 sempre sentita un\u2019immigrata. Bozidar ha dovuto lasciare la Bosnia per colpa della guerra e oggi suo figlio parla l\u2019italiano meglio del serbo-croato. Il bambino di Ines ha imparato prima il tedesco dell\u2019italiano, perch\u00e9 in Svizzera il figlio di uno stagionale era un clandestino e la famiglia che lo teneva in incognito era svizzera-tedesca. Storie di emigrazione di un\u2019epoca lontana alcuni decenni e storie di emigrazione di tempi piu\u2019 recenti. Storie che hanno per punto di incontro il Friuli, la regione piu\u2019 segnata dall\u2019emigrazione nella storia italiana dell\u2019ultimo secolo e mezzo e una tra quelle dove piu\u2019 marcata \u00e8 la presenza di immigrati.<\/strong><\/p>\n<p>&nbsp;<\/p>\n","protected":false},"featured_media":1499,"comment_status":"open","ping_status":"closed","template":"","meta":[],"product_brand":[],"product_cat":[1024,187,30],"product_tag":[1234,995,1227,1228,1229,1230,1231,260,1235,1232,1233],"class_list":{"0":"post-1716","1":"product","2":"type-product","3":"status-publish","4":"has-post-thumbnail","6":"product_cat-lavoro-e-societa","7":"product_cat-max-mauro","8":"product_cat-saggistica","9":"product_tag-convivenza","10":"product_tag-emigrazione","11":"product_tag-emigrazione-in-friuli","12":"product_tag-immigrazione","13":"product_tag-immigrazione-in-friuli","14":"product_tag-max-mauro","15":"product_tag-pacifica-convivenza","16":"product_tag-racconti-brevi","17":"product_tag-scambio-culturale","18":"product_tag-storie-di-emigrazione","19":"product_tag-storie-di-immigrazione","21":"first","22":"instock","23":"sale","24":"shipping-taxable","25":"purchasable","26":"product-type-simple","27":"customify-col"},"_links":{"self":[{"href":"https:\/\/shop.kappavu.it\/KV\/wp-json\/wp\/v2\/product\/1716","targetHints":{"allow":["GET"]}}],"collection":[{"href":"https:\/\/shop.kappavu.it\/KV\/wp-json\/wp\/v2\/product"}],"about":[{"href":"https:\/\/shop.kappavu.it\/KV\/wp-json\/wp\/v2\/types\/product"}],"replies":[{"embeddable":true,"href":"https:\/\/shop.kappavu.it\/KV\/wp-json\/wp\/v2\/comments?post=1716"}],"wp:featuredmedia":[{"embeddable":true,"href":"https:\/\/shop.kappavu.it\/KV\/wp-json\/wp\/v2\/media\/1499"}],"wp:attachment":[{"href":"https:\/\/shop.kappavu.it\/KV\/wp-json\/wp\/v2\/media?parent=1716"}],"wp:term":[{"taxonomy":"product_brand","embeddable":true,"href":"https:\/\/shop.kappavu.it\/KV\/wp-json\/wp\/v2\/product_brand?post=1716"},{"taxonomy":"product_cat","embeddable":true,"href":"https:\/\/shop.kappavu.it\/KV\/wp-json\/wp\/v2\/product_cat?post=1716"},{"taxonomy":"product_tag","embeddable":true,"href":"https:\/\/shop.kappavu.it\/KV\/wp-json\/wp\/v2\/product_tag?post=1716"}],"curies":[{"name":"wp","href":"https:\/\/api.w.org\/{rel}","templated":true}]}}