{"id":1715,"date":"2022-03-08T13:20:57","date_gmt":"2022-03-08T12:20:57","guid":{"rendered":"https:\/\/shop.kappavu.it\/KV\/?post_type=product&#038;p=1715"},"modified":"2026-03-30T10:06:11","modified_gmt":"2026-03-30T08:06:11","slug":"la-guerra-degli-ultimi","status":"publish","type":"product","link":"https:\/\/shop.kappavu.it\/KV\/prodotto\/la-guerra-degli-ultimi\/","title":{"rendered":"LA GUERRA DEGLI ULTIMI"},"content":{"rendered":"<h4><\/h4>\n<h4>\u00abQuesto libro nasce dalle ultime parole che il nonno Luigi Bolzon ha lasciato al figlio Fiorenzo, mio padre, pochi giorni prima di morire. Vicino alla fine, dopo una vita passata ad eludere domande e a nascondere risposte, il racconto \u00e8 riaffiorato, in tutta la sua drammaticit\u00e0, come una confessione, minuziosamente trascritta da mio padre e da lui riportata con la massima fedelt\u00e0 possibile. Queste pagine sono servite alla mia famiglia per colmare quei vuoti relazionali lasciati dalle differenze d\u2019et\u00e0 e dalle incomprensioni plurime e sovrapposte di cui siamo tutti inconsciamente rimasti vittime e sono nate con un solo scopo: lasciare ai futuri Bolzon un ricordo di Luigi e di una guerra troppo brutta anche solo da raccontare perch\u00e9 si ripeta. Il senso di questa storia familiare e la diffusione che abbiamo deciso di darne stanno nel bisogno di fornire un piccolo mattone di memoria, una piccola \u201ccellula\u201d, di quella grande Storia che inevitabilmente finisce per investire ognuno di noi.\u00bb<\/h4>\n<h4><em>Dalla prefazione di Irene Bolzon<\/em><\/h4>\n<p>&nbsp;<\/p>\n","protected":false},"excerpt":{"rendered":"<h4><span style=\"color: #800000;\"><em>RICORDI DI UN REDUCE: DALLA TRAGEDIA JUGOSLAVA ALLA PRIGIONIA IN GERMANIA<\/em><\/span><\/h4>\n<p>&nbsp;<\/p>\n<h4>di <strong><a href=\"http:\/\/shop.kappavu.it\/KV\/autori-al\/#fiorenzo-bolzon\">FIORENZO BOLZON<\/a><\/strong><\/h4>\n<div class=\"\">\n<p><strong>La storia di un giovane contadino friulano, mandato nel 1941 dal regime fascista ad occupare la Jugoslavia e, come tanti altri soldati italiani, finito poi prigioniero in un campo di concentramento nazista. Attraverso il racconto del figlio Fiorenzo, l\u2019epopea tragica di Luigi diventa il suo grido postumo contro la guerra.<\/strong><\/p>\n<p>&nbsp;<\/p>\n<\/div>\n","protected":false},"featured_media":1498,"comment_status":"open","ping_status":"closed","template":"","meta":[],"product_brand":[],"product_cat":[23,133,19],"product_tag":[822,1015,1139,1140,1214,227,1143,1215,1216,1217,1218,1219,827,1220,828,1221,1222,1223,288],"class_list":{"0":"post-1715","1":"product","2":"type-product","3":"status-publish","4":"has-post-thumbnail","6":"product_cat-biografie","7":"product_cat-fiorenzo-bolzon","8":"product_cat-storia","9":"product_tag-antifascisti-italiani","10":"product_tag-bassa-friulana","11":"product_tag-crimini-di-guerra","12":"product_tag-crimini-nazisti","13":"product_tag-dopoguerra-friulano","14":"product_tag-fascismo","15":"product_tag-fascismo-in-friuli","16":"product_tag-fiorenzo-bolzon","17":"product_tag-guerra-fascista","18":"product_tag-guerra-in-jugoslavia","19":"product_tag-invasione-della-jugoslavia","20":"product_tag-irene-bolzon","21":"product_tag-italia-fascista","22":"product_tag-la-guerra-degli-ultimi","23":"product_tag-lotta-al-fascismo","24":"product_tag-prigionia-in-germania","25":"product_tag-reduce-di-guerra","26":"product_tag-reduce-friulano","27":"product_tag-seconda-guerra-mondiale","29":"first","30":"instock","31":"shipping-taxable","32":"purchasable","33":"product-type-simple","34":"customify-col"},"_links":{"self":[{"href":"https:\/\/shop.kappavu.it\/KV\/wp-json\/wp\/v2\/product\/1715","targetHints":{"allow":["GET"]}}],"collection":[{"href":"https:\/\/shop.kappavu.it\/KV\/wp-json\/wp\/v2\/product"}],"about":[{"href":"https:\/\/shop.kappavu.it\/KV\/wp-json\/wp\/v2\/types\/product"}],"replies":[{"embeddable":true,"href":"https:\/\/shop.kappavu.it\/KV\/wp-json\/wp\/v2\/comments?post=1715"}],"wp:featuredmedia":[{"embeddable":true,"href":"https:\/\/shop.kappavu.it\/KV\/wp-json\/wp\/v2\/media\/1498"}],"wp:attachment":[{"href":"https:\/\/shop.kappavu.it\/KV\/wp-json\/wp\/v2\/media?parent=1715"}],"wp:term":[{"taxonomy":"product_brand","embeddable":true,"href":"https:\/\/shop.kappavu.it\/KV\/wp-json\/wp\/v2\/product_brand?post=1715"},{"taxonomy":"product_cat","embeddable":true,"href":"https:\/\/shop.kappavu.it\/KV\/wp-json\/wp\/v2\/product_cat?post=1715"},{"taxonomy":"product_tag","embeddable":true,"href":"https:\/\/shop.kappavu.it\/KV\/wp-json\/wp\/v2\/product_tag?post=1715"}],"curies":[{"name":"wp","href":"https:\/\/api.w.org\/{rel}","templated":true}]}}