{"id":1712,"date":"2022-03-06T13:03:45","date_gmt":"2022-03-06T12:03:45","guid":{"rendered":"https:\/\/shop.kappavu.it\/KV\/?post_type=product&#038;p=1712"},"modified":"2022-06-21T18:59:15","modified_gmt":"2022-06-21T16:59:15","slug":"la-crociera-del-talefea","status":"publish","type":"product","link":"https:\/\/shop.kappavu.it\/KV\/prodotto\/la-crociera-del-talefea\/","title":{"rendered":"LA CROCIERA DEL TALEFEA"},"content":{"rendered":"<h4><\/h4>\n<h4>Leggendo la storia che si compone di 10 tasselli si ha la sensazione che, per solcare l\u2019oceano della visionariet\u00e0, sia avvenuto una sorta di miracolo al quale hanno contribuito pi\u00f9 elementi: in questo caso le scintille generatrici del \u201csogno consapevole\u201d sono stati alcuni ritratti eseguiti da diversi autori per Toni De Lucia.<br \/>\nIn questo equipaggio \u201cche mette soggezione\u201d la composizione \u00e8 estremamente eterogenea e talora conflittuale tra i suoi elementi, filosofi e poeti, viaggiatori e vagabondi, eroine romantiche e avventurieri, ma ce n\u2019\u00e8 uno che incute pi\u00f9 timore degli altri e che \u00e8 difficile amalgamare col resto di questa umanit\u00e0 dipinta in viaggio, Khair ed-Din, detto anche Ariadeno, ammiraglio nel titolo, corsaro nella pratica di ogni giorno; \u00e8 l\u2019innesco per un aggancio puntuale ai corsari di un tempo, materia a cui De Lucia si \u00e8 dedicato pi\u00f9 volte con passione.<\/h4>\n<p>&nbsp;<\/p>\n","protected":false},"excerpt":{"rendered":"<p>&nbsp;<\/p>\n<h4>di <strong><a href=\"http:\/\/shop.kappavu.it\/KV\/autori-al\/#antonio-de-lucia\">ANTONIO DE LUCIA<\/a><\/strong><\/h4>\n<p><strong>I compagni di bordo e ispiratori sono i soggetti di dieci quadri appesi alle pareti dello studio. L\u2019otre del vento sta nella libreria. Pare inesauribile e, annunciato o improvviso che sia, pu\u00f2 spingerti verso qualsiasi quadrante. Si alzano le vele dell\u2019immaginazione e via cos\u00ec. Non \u00e8 meno avventuroso, anzi, a volte \u00e8 anche pericoloso. Il fascino del viaggio c\u2019\u00e8 tutto: la fatica, la gioia, le meraviglie, i passaggi impervi, l\u2019emozione della scoperta. Il mare di dentro, che solo se lo visiti sai delle rotte che hai solcato, vissuto, quelle che hai mancato, ed il nebbioso orizzonte di quelle che non hai avuto il coraggio di intraprendere.<\/strong><\/p>\n<p>&nbsp;<\/p>\n","protected":false},"featured_media":1492,"comment_status":"open","ping_status":"closed","template":"","meta":[],"product_brand":[],"product_cat":[95,18],"product_tag":[1190,1191,1192,536,459,260,1193,1000,1194,483,1195,1196,1197,1198,1199],"class_list":{"0":"post-1712","1":"product","2":"type-product","3":"status-publish","4":"has-post-thumbnail","6":"product_cat-antonio-de-lucia","7":"product_cat-narrativa","8":"product_tag-antonio-de-lucia","9":"product_tag-ariadeno","10":"product_tag-meraviglia-della-scoperta","11":"product_tag-narrativa-di-autori-friulani","12":"product_tag-narrativa-friulana","13":"product_tag-racconti-brevi","14":"product_tag-racconti-di-autori-friulani","15":"product_tag-racconti-di-viaggio","16":"product_tag-racconti-filosofici","17":"product_tag-racconti-friulani","18":"product_tag-tema-del-viaggio","19":"product_tag-toni-de-lucia","20":"product_tag-vanni-de-lucia","21":"product_tag-viaggi-in-mare","22":"product_tag-viaggi-in-nave","24":"first","25":"instock","26":"shipping-taxable","27":"purchasable","28":"product-type-simple","29":"customify-col"},"_links":{"self":[{"href":"https:\/\/shop.kappavu.it\/KV\/wp-json\/wp\/v2\/product\/1712","targetHints":{"allow":["GET"]}}],"collection":[{"href":"https:\/\/shop.kappavu.it\/KV\/wp-json\/wp\/v2\/product"}],"about":[{"href":"https:\/\/shop.kappavu.it\/KV\/wp-json\/wp\/v2\/types\/product"}],"replies":[{"embeddable":true,"href":"https:\/\/shop.kappavu.it\/KV\/wp-json\/wp\/v2\/comments?post=1712"}],"wp:featuredmedia":[{"embeddable":true,"href":"https:\/\/shop.kappavu.it\/KV\/wp-json\/wp\/v2\/media\/1492"}],"wp:attachment":[{"href":"https:\/\/shop.kappavu.it\/KV\/wp-json\/wp\/v2\/media?parent=1712"}],"wp:term":[{"taxonomy":"product_brand","embeddable":true,"href":"https:\/\/shop.kappavu.it\/KV\/wp-json\/wp\/v2\/product_brand?post=1712"},{"taxonomy":"product_cat","embeddable":true,"href":"https:\/\/shop.kappavu.it\/KV\/wp-json\/wp\/v2\/product_cat?post=1712"},{"taxonomy":"product_tag","embeddable":true,"href":"https:\/\/shop.kappavu.it\/KV\/wp-json\/wp\/v2\/product_tag?post=1712"}],"curies":[{"name":"wp","href":"https:\/\/api.w.org\/{rel}","templated":true}]}}