{"id":1705,"date":"2022-03-06T00:04:54","date_gmt":"2022-03-05T23:04:54","guid":{"rendered":"https:\/\/shop.kappavu.it\/KV\/?post_type=product&#038;p=1705"},"modified":"2022-06-21T18:36:29","modified_gmt":"2022-06-21T16:36:29","slug":"l-altra-meta-del-jazz","status":"publish","type":"product","link":"https:\/\/shop.kappavu.it\/KV\/prodotto\/l-altra-meta-del-jazz\/","title":{"rendered":"L\u2019ALTRA MET\u00c0 DEL JAZZ"},"content":{"rendered":"<h4><\/h4>\n<h4>Donne che amano il jazz, lo vivono e ne fanno territorio in cui esprimere una creativit\u00e0 intensa e spesso dirompente, attraverso scelte anche non facili come emerge chiaramente da molte di queste interviste.<br \/>\nNon solo cantanti, ma molte strumentiste, compositrici, arrangiatrici, vere protagoniste del jazz moderno in cui hanno trovato una loro forte dimensione con personalit\u00e0, capacit\u00e0 e determinazione, con una profondit\u00e0 che pu\u00f2 emergere solo dall\u2019Altra Met\u00e0 del Jazz.<\/h4>\n<p>&nbsp;<\/p>\n<h4><strong>RECENSIONE di <span style=\"color: #ff0000;\">Fabio Ciminiera<\/span> su\u00a0JAZZ CONVENTION<\/strong><\/h4>\n<p><a href=\"http:\/\/www.jazzconvention.net\/index.php?option=com_content&amp;view=article&amp;id=3919:gerlando-gatto-laltra-meta-del-jazz&amp;catid=1:articoli&amp;Itemid=10\">http:\/\/www.jazzconvention.net\/index.php?option=com_content&amp;view=article&amp;id=3919:gerlando-gatto-laltra-meta-del-jazz&amp;catid=1:articoli&amp;Itemid=10<\/a><\/p>\n<p>&nbsp;<\/p>\n","protected":false},"excerpt":{"rendered":"<h4><span style=\"color: #800000;\"><em>VOCI DI DONNE NELLA MUSICA JAZZ<\/em><\/span><\/h4>\n<p>&nbsp;<\/p>\n<h4>di <strong><a href=\"http:\/\/shop.kappavu.it\/KV\/autori-al\/#gerlando-gatto\">GERLANDO GATTO<\/a><\/strong><\/h4>\n<p><strong>Dopo la raccolta di interviste \u201cGente di Jazz\u201d (2017) in cui Gerlando Gatto ci ha fatto scoprire aspetti artistici ed umani di una nutrita schiera di musicisti tutti protagonisti in varie edizioni del festival Udin&amp;Jazz, casualmente tutti maschi, questa nuova pubblicazione racchiude una serie di interviste raccolte nel ricchissimo panorama del jazz al femminile.<\/strong><\/p>\n<p>&nbsp;<\/p>\n<p><span style=\"color: #800000;\"><em><strong>Co-edito con l\u2019associazione culturale EURITMICA di Udine, organizzatrice del festival internazionale Udin&amp;Jazz<\/strong><\/em><\/span><\/p>\n<p><strong>Prefazione di Claudia Fayenz<\/strong><\/p>\n<p>&nbsp;<\/p>\n","protected":false},"featured_media":1502,"comment_status":"open","ping_status":"closed","template":"","meta":[],"product_brand":[],"product_cat":[141,31],"product_tag":[1115,1116,1117,1118,1119,840,842,843,845,523,1120,847,848,849,850,851,852,1121,1122,1123,1124,1125,857,858,1126,860,861,1127,1128,1129,1130,1131,864,865],"class_list":{"0":"post-1705","1":"product","2":"type-product","3":"status-publish","4":"has-post-thumbnail","6":"product_cat-gerlando-gatto","7":"product_cat-teatro_e_musica","8":"product_tag-associazione-euritmica","9":"product_tag-chiara-civello","10":"product_tag-claudia-fayenz","11":"product_tag-dee-dee-bridgewater","12":"product_tag-enrica-bacchia","13":"product_tag-euritmica","14":"product_tag-festival-jazz","15":"product_tag-festival-musica","16":"product_tag-gerlando-gatto","17":"product_tag-giancarlo-velliscig","18":"product_tag-giorgia-sallustio","19":"product_tag-interviste-a-musicisti","20":"product_tag-interviste-jazz","21":"product_tag-interviste-musica","22":"product_tag-jazz","23":"product_tag-jazz-a-udine","24":"product_tag-jazz-in-friuli","25":"product_tag-karin-krog","26":"product_tag-mafalda-minnozzi","27":"product_tag-marcella-carboni","28":"product_tag-maria-pia-de-vito","29":"product_tag-maria-schneider","30":"product_tag-musica-jazz","31":"product_tag-musicisti-jazz","32":"product_tag-petra-magoni","33":"product_tag-raccolta-di-interviste","34":"product_tag-rassegna-musicale","35":"product_tag-rita-marcotulli","36":"product_tag-rosalba-bentivoglio","37":"product_tag-sarah-jane-morris","38":"product_tag-silvia-bolognesi","39":"product_tag-tiziana-ghiglioni","40":"product_tag-udinjazz","41":"product_tag-udine-jazz","43":"first","44":"instock","45":"shipping-taxable","46":"purchasable","47":"product-type-simple","48":"customify-col"},"_links":{"self":[{"href":"https:\/\/shop.kappavu.it\/KV\/wp-json\/wp\/v2\/product\/1705","targetHints":{"allow":["GET"]}}],"collection":[{"href":"https:\/\/shop.kappavu.it\/KV\/wp-json\/wp\/v2\/product"}],"about":[{"href":"https:\/\/shop.kappavu.it\/KV\/wp-json\/wp\/v2\/types\/product"}],"replies":[{"embeddable":true,"href":"https:\/\/shop.kappavu.it\/KV\/wp-json\/wp\/v2\/comments?post=1705"}],"wp:featuredmedia":[{"embeddable":true,"href":"https:\/\/shop.kappavu.it\/KV\/wp-json\/wp\/v2\/media\/1502"}],"wp:attachment":[{"href":"https:\/\/shop.kappavu.it\/KV\/wp-json\/wp\/v2\/media?parent=1705"}],"wp:term":[{"taxonomy":"product_brand","embeddable":true,"href":"https:\/\/shop.kappavu.it\/KV\/wp-json\/wp\/v2\/product_brand?post=1705"},{"taxonomy":"product_cat","embeddable":true,"href":"https:\/\/shop.kappavu.it\/KV\/wp-json\/wp\/v2\/product_cat?post=1705"},{"taxonomy":"product_tag","embeddable":true,"href":"https:\/\/shop.kappavu.it\/KV\/wp-json\/wp\/v2\/product_tag?post=1705"}],"curies":[{"name":"wp","href":"https:\/\/api.w.org\/{rel}","templated":true}]}}