{"id":1702,"date":"2022-03-05T23:46:50","date_gmt":"2022-03-05T22:46:50","guid":{"rendered":"https:\/\/shop.kappavu.it\/KV\/?post_type=product&#038;p=1702"},"modified":"2022-06-21T18:34:39","modified_gmt":"2022-06-21T16:34:39","slug":"l-abiura","status":"publish","type":"product","link":"https:\/\/shop.kappavu.it\/KV\/prodotto\/l-abiura\/","title":{"rendered":"L&#8217;ABIURA"},"content":{"rendered":"<h4><\/h4>\n<h4><em>\u201cNella mia vita sono apparso cos\u00ec, di volta in volta, agli uni diavolo agli altri angelo, senza che io fossi n\u00e9 questo n\u00e9 quello. Volevo e voglio essere soltanto un uomo, un uomo che ancora oggi cerca faticosamente se stesso, che ascolta le ragioni del dubbio, pi\u00f9 convincenti di quelle della certezza.\u201d<\/em><\/h4>\n<h4>Prendendo avvio da un processo istruito nel 1619 dall\u2019Inquisizione, il romanzo ricostruisce la difficile infanzia del protagonista in Olanda, l\u2019istruzione prestigiosa nel collegio gesuita di Anversa, il lungo e avventuroso viaggio attraverso l\u2019Europa, l\u2019incontro con una donna sorprendente, un amore appassionato che tuttavia non riuscir\u00e0 a fermarlo.<br \/>\nIl vagare di Henrick Maler diventa cos\u00ec la metafora dell\u2019umano bisogno di conoscenza al di l\u00e0 di ogni confine e pregiudizio e dell\u2019esigenza di dare un senso alla vita stessa.<\/h4>\n<p>&nbsp;<\/p>\n","protected":false},"excerpt":{"rendered":"<p>&nbsp;<\/p>\n<h4>di <strong><a href=\"http:\/\/shop.kappavu.it\/KV\/autori-al\/#daniela-galeazzi\">DANIELA GALEAZZI<\/a><\/strong>\u00a0e <strong><a href=\"http:\/\/shop.kappavu.it\/KV\/autori-al\/#giuseppina-minchella\">GIUSEPPINA MINCHELLA<\/a><\/strong><\/h4>\n<p><strong>Henrick Maler, fin da bambino, ha conosciuto il dramma di vivere sospeso tra due fedi, quella cattolica della madre e quella calvinista del padre. Lacerazioni, dubbi, inquietudini diventano cos\u00ec suoi compagni di vita e ne fanno un personaggio emblematico del disincantato Seicento e nello stesso tempo un precursore di nuovi tempi e del disagio di vivere dell\u2019uomo contemporaneo.<\/strong><\/p>\n<p><strong><span style=\"color: #800000;\"><em>\u201cUna storia avvincente, sorprendentemente attuale. Un intenso affresco storico.\u201d<\/em><\/span><\/strong><br \/>\n<strong><span style=\"color: #800000;\">Moni Ovadia<\/span><\/strong><\/p>\n<p>&nbsp;<\/p>\n","protected":false},"featured_media":1501,"comment_status":"open","ping_status":"closed","template":"","meta":[],"product_brand":[],"product_cat":[115,116,18],"product_tag":[1111,1097,385,1113,1098,1099,1100,1101,1102,1103,1104,1105,1112,459,1106,1107,538,1108,1109,1110],"class_list":{"0":"post-1702","1":"product","2":"type-product","3":"status-publish","4":"has-post-thumbnail","6":"product_cat-daniela-galeazzi","7":"product_cat-giuseppina-minchella","8":"product_cat-narrativa","9":"product_tag-abiura","10":"product_tag-anversa","11":"product_tag-autrici-friulane","12":"product_tag-daniela-galeazzi","13":"product_tag-europa-del-1600","14":"product_tag-fortezza-di-palmanova","15":"product_tag-giuseppina-minchella","16":"product_tag-henrick-maler","17":"product_tag-inquisizione","18":"product_tag-inquisizione-spagnola","19":"product_tag-kampen","20":"product_tag-labiura","21":"product_tag-moni-ovadia","22":"product_tag-narrativa-friulana","23":"product_tag-olanda-del-600","24":"product_tag-rogo-delle-streghe","25":"product_tag-romanzo-ambientato-in-friuli","26":"product_tag-storia-del-600","27":"product_tag-storia-del-seicento","28":"product_tag-venezia-del-600","30":"first","31":"instock","32":"shipping-taxable","33":"purchasable","34":"product-type-simple","35":"customify-col"},"_links":{"self":[{"href":"https:\/\/shop.kappavu.it\/KV\/wp-json\/wp\/v2\/product\/1702","targetHints":{"allow":["GET"]}}],"collection":[{"href":"https:\/\/shop.kappavu.it\/KV\/wp-json\/wp\/v2\/product"}],"about":[{"href":"https:\/\/shop.kappavu.it\/KV\/wp-json\/wp\/v2\/types\/product"}],"replies":[{"embeddable":true,"href":"https:\/\/shop.kappavu.it\/KV\/wp-json\/wp\/v2\/comments?post=1702"}],"wp:featuredmedia":[{"embeddable":true,"href":"https:\/\/shop.kappavu.it\/KV\/wp-json\/wp\/v2\/media\/1501"}],"wp:attachment":[{"href":"https:\/\/shop.kappavu.it\/KV\/wp-json\/wp\/v2\/media?parent=1702"}],"wp:term":[{"taxonomy":"product_brand","embeddable":true,"href":"https:\/\/shop.kappavu.it\/KV\/wp-json\/wp\/v2\/product_brand?post=1702"},{"taxonomy":"product_cat","embeddable":true,"href":"https:\/\/shop.kappavu.it\/KV\/wp-json\/wp\/v2\/product_cat?post=1702"},{"taxonomy":"product_tag","embeddable":true,"href":"https:\/\/shop.kappavu.it\/KV\/wp-json\/wp\/v2\/product_tag?post=1702"}],"curies":[{"name":"wp","href":"https:\/\/api.w.org\/{rel}","templated":true}]}}