{"id":1701,"date":"2022-03-05T23:36:54","date_gmt":"2022-03-05T22:36:54","guid":{"rendered":"https:\/\/shop.kappavu.it\/KV\/?post_type=product&#038;p=1701"},"modified":"2026-02-18T18:40:15","modified_gmt":"2026-02-18T17:40:15","slug":"kebar-krosse","status":"publish","type":"product","link":"https:\/\/shop.kappavu.it\/KV\/prodotto\/kebar-krosse\/","title":{"rendered":"KEBAR KROSS\u00c8"},"content":{"rendered":"<h4><\/h4>\n<h4 class=\"p1\">La narazion di Morat e je plene di variazions linguistichis di ogni gjenar: di classe soci\u00e2l, di regjistri, di forme espressive e e je travanade di citazions che a tirin a ciment lis cognossincis leterariis dal let\u00f4r, comen\u00e7ant dal non dal protagonist, Mont\u00e0g che al \u00e8 chel ist\u00e8s di \u201cFahrenheit 451\u201d di Bradbury, passant pal huxleyan Soma e pal gibsonian Dexe e cuiss\u00e0 ce altri. Une distopie leterarie, intun mont in transizion viers no si sa ben ce, che e mostre i dams di dinamichis, ideologjiis, fats che a son za in vore orepresint.<\/h4>\n<h4 class=\"p1\">Al \u00e8 suced\u00fbt alc di brut a Udin e tal Fri\u00fbl dal avign\u00ee. Une vore brut. O isal da\u00fbr a sucedi?<\/h4>\n<h4 class=\"p1\"><em>Donato Toffoli<\/em><\/h4>\n<p>&nbsp;<\/p>\n<h4><strong><span style=\"color: #ff0000;\">RECENSIONE<\/span><\/strong> sul Messaggero Veneto \u2013 novembre 2016<\/h4>\n<p><img fetchpriority=\"high\" decoding=\"async\" class=\"alignnone size-large wp-image-1704\" src=\"https:\/\/shop.kappavu.it\/KV\/wp-content\/uploads\/2022\/03\/recensione-Kebar-Krosse-su-Messaggero-29.11.2016-1024x351.jpg\" alt=\"\" width=\"843\" height=\"289\" srcset=\"https:\/\/shop.kappavu.it\/KV\/wp-content\/uploads\/2022\/03\/recensione-Kebar-Krosse-su-Messaggero-29.11.2016-1024x351.jpg 1024w, https:\/\/shop.kappavu.it\/KV\/wp-content\/uploads\/2022\/03\/recensione-Kebar-Krosse-su-Messaggero-29.11.2016-300x103.jpg 300w, https:\/\/shop.kappavu.it\/KV\/wp-content\/uploads\/2022\/03\/recensione-Kebar-Krosse-su-Messaggero-29.11.2016-768x263.jpg 768w, https:\/\/shop.kappavu.it\/KV\/wp-content\/uploads\/2022\/03\/recensione-Kebar-Krosse-su-Messaggero-29.11.2016-600x205.jpg 600w, https:\/\/shop.kappavu.it\/KV\/wp-content\/uploads\/2022\/03\/recensione-Kebar-Krosse-su-Messaggero-29.11.2016.jpg 1478w\" sizes=\"(max-width: 843px) 100vw, 843px\" \/><\/p>\n<p>&nbsp;<\/p>\n","protected":false},"excerpt":{"rendered":"<p>&nbsp;<\/p>\n<h4>di <strong><a href=\"http:\/\/shop.kappavu.it\/KV\/autori-mz\/#stiefin-morat\">STIEFIN MORAT<\/a><\/strong><\/h4>\n<p class=\"p1\"><strong>Al \u00e8 suced\u00fbt alc di brut a Udin e tal Fri\u00fbl dal avign\u00ee. Une vore brut. No dal gjenar di chel dal violentissim \u201cThe Road\u201d di Cormack Mc Carthy, li che il mont si \u00e0 crev\u00e2t in p\u00f4c timp, fracassant cuasi ogni forme di relazion soci\u00e2l. Pluitost la ruvine, in chest roman\u00e7 di Stiefin Morat, e je lade indenant par plui timp, laint, secjant e fru\u00e7ant ce che al jere e lassant in p\u00eets une fantasime di societ\u00e2t che e sorev\u00eef framie\u00e7 dal l\u00e2 in sflics dai edificis e des s\u00f4s fondis esistenzi\u00e2ls, intal desert.<\/strong><\/p>\n<p class=\"p1\"><strong><em>Donato Toffoli<\/em><\/strong><\/p>\n<p>&nbsp;<\/p>\n","protected":false},"featured_media":1488,"comment_status":"open","ping_status":"closed","template":"","meta":[],"product_brand":[],"product_cat":[21,22,209],"product_tag":[1086,258,317,1087,1092,1010,1088,550,1089,1090,1091,634,635],"class_list":{"0":"post-1701","1":"product","2":"type-product","3":"status-publish","4":"has-post-thumbnail","6":"product_cat-friulano","7":"product_cat-la_comugne","8":"product_cat-stiefin-morat","9":"product_tag-donato-toffoli","10":"product_tag-la-comugne","11":"product_tag-racconti-in-friulano","12":"product_tag-racconto-in-friulano","13":"product_tag-romanc-par-furlan","14":"product_tag-romanzo-di-autore-friulano","15":"product_tag-romanzo-di-fantascienza","16":"product_tag-romanzo-friulano","17":"product_tag-romanzo-in-friulano","18":"product_tag-stefano-moratto","19":"product_tag-stiefin-morat","20":"product_tag-storie-in-friulano","21":"product_tag-storiis-par-furlan","23":"first","24":"instock","25":"shipping-taxable","26":"purchasable","27":"product-type-simple","28":"customify-col"},"_links":{"self":[{"href":"https:\/\/shop.kappavu.it\/KV\/wp-json\/wp\/v2\/product\/1701","targetHints":{"allow":["GET"]}}],"collection":[{"href":"https:\/\/shop.kappavu.it\/KV\/wp-json\/wp\/v2\/product"}],"about":[{"href":"https:\/\/shop.kappavu.it\/KV\/wp-json\/wp\/v2\/types\/product"}],"replies":[{"embeddable":true,"href":"https:\/\/shop.kappavu.it\/KV\/wp-json\/wp\/v2\/comments?post=1701"}],"wp:featuredmedia":[{"embeddable":true,"href":"https:\/\/shop.kappavu.it\/KV\/wp-json\/wp\/v2\/media\/1488"}],"wp:attachment":[{"href":"https:\/\/shop.kappavu.it\/KV\/wp-json\/wp\/v2\/media?parent=1701"}],"wp:term":[{"taxonomy":"product_brand","embeddable":true,"href":"https:\/\/shop.kappavu.it\/KV\/wp-json\/wp\/v2\/product_brand?post=1701"},{"taxonomy":"product_cat","embeddable":true,"href":"https:\/\/shop.kappavu.it\/KV\/wp-json\/wp\/v2\/product_cat?post=1701"},{"taxonomy":"product_tag","embeddable":true,"href":"https:\/\/shop.kappavu.it\/KV\/wp-json\/wp\/v2\/product_tag?post=1701"}],"curies":[{"name":"wp","href":"https:\/\/api.w.org\/{rel}","templated":true}]}}