{"id":1700,"date":"2022-03-04T13:14:30","date_gmt":"2022-03-04T12:14:30","guid":{"rendered":"https:\/\/shop.kappavu.it\/KV\/?post_type=product&#038;p=1700"},"modified":"2022-06-21T01:41:12","modified_gmt":"2022-06-20T23:41:12","slug":"jonas","status":"publish","type":"product","link":"https:\/\/shop.kappavu.it\/KV\/prodotto\/jonas\/","title":{"rendered":"JONAS"},"content":{"rendered":"<h4><\/h4>\n<h4>\u00ab[\u2026] Perch\u00e9 mai ancor oggi Giona interroga, provoca, seduce e ispira, come anche Luca De Clara ci mostra in questa sua bella e intensa raccolta poetica? Tento qualche risposta, dal mio osservatorio teologico. Mi pare che in Giona venga proposto drammaticamente il binomio vicino-lontano. Ninive \u00e8 il luogo lontano per eccellenza, geograficamente, culturalmente, religiosamente \u2013 \u00abNo soi jo chel just par Ninive \/ \u2026 o par New York\u00bb \u2013, ma \u00e8 soprattutto il luogo della missione, della chiamata, dell\u2019incontro con l\u2019altro-da-me. Anche Tarsis \u00e8 lontano, ma in modo diverso: \u00e8 il luogo della fuga dalla responsabilit\u00e0, dell\u2019illusione dell\u2019invisibilit\u00e0 e forse anche della percezione di un Dio che implacabilmente ti scova, quando ha deciso di chiederti una mano. Un Dio implacabile nella debolezza: \u00abDi bess\u00f4l jo no pues nuje\u00bb! Ma se Ninive e Tarsis sono lontani, dov\u2019\u00e8 il vicino? Chi \u00e8? Sembra che il vicino e il lontano dipendano marginalmente dalla posizione che l\u2019uomo di volta in volta assume. La lontananza e la vicinanza le fa Dio. Ninive \u00e8 lontana dagli orizzonti di Giona \u2013 lontana prima, e proprio per questo non ci vuole andare, ancor pi\u00f9 lontana dopo, a causa del livore per una piet\u00e0 inaspettata e scandalosa \u2013, e sembrerebbe lontana anche da Dio, ma Dio le si fa vicino: non pu\u00f2 abbandonare una citt\u00e0 \u00abnella quale vi sono pi\u00f9 di centoventimila persone, che non sanno distinguere fra la mano destra e la sinistra, e una grande quantit\u00e0 di animali\u00bb. Perfino degli animali Dio si occupa! Inoltre sembra che, se ha poco senso parlare di lontananza, perch\u00e9 Dio \u00e8 vicino a tutti, sia ancora pi\u00f9 insensato credersi vicini in modo esclusivo come Giona \u2013 \u00abtu vais, tu lu preis, \/ tu ti fasis plen di borie \/ e tu contis ch\u2019al \u00e8 to chel Sign\u00f4r\u00bb \u2013! A Dio e non a Giona, spettano il giudizio e l\u2019azione! Giona, il vicino, \u00e8 lontanissimo. Ninive e Tarsis, terre lontane, sono vicine perch\u00e9 Dio le tiene d\u2019occhio. E Giona, lontano nella sua vicinanza, \u00e8 vicino nella sua lontananza, quando scappa e Dio lo ritrova o quando, sotto il ricino rinsecchito e le vampe del sole, Dio gli si fa incontro per farlo ragionare. Chiss\u00e0 se si convince di fronte all\u2019appassionata autodifesa del Signore? Come nella parabola del padre buono (Lc 15,11-32), anche nel libro di Giona la conclusione rimane sapientemente in sospeso. La scena si dissolve e solo risuonano nella penombra parole di costernata bont\u00e0 \u2013 \u00abnon dovevo avere piet\u00e0\u2026\u00bb; \u00abbisognava far festa\u2026\u00bb \u2013 davanti alle quali occorre prendere posizione. Chi \u00e8 veramente dalla parte di Dio? E chi \u00e8 contro? E io dove sono? Mi pare sia questo il caso serio sollevato dal libro di Giona, che riecheggia anche nelle poesie di Luca\u00bb.<\/h4>\n<h4><em>Dalla Postfazione a cura di don Federico Grosso<\/em><\/h4>\n<p>&nbsp;<\/p>\n","protected":false},"excerpt":{"rendered":"<p>&nbsp;<\/p>\n<h4>di <strong><a href=\"http:\/\/shop.kappavu.it\/KV\/autori-al\/#luca-de-clara\">LUCA DE CLARA<\/a><\/strong><\/h4>\n<p><strong>Giona \u00e8 un archetipo: \u00e8 il prescelto che fugge; \u00e8 il destinato (ma non siamo tutti in fondo destinati a qualche cosa?) che ingarbuglia le cose, che ascolta ma non si fida, che poi si inalbera \u2013 tutto fuor che pentito! \u2013 che si spertica in lodi esagerate al suo Salvatore, che alla fine nemmeno trova o fornisce una risposta. E che non cede, questo mai, neppure di fronte all\u2019evidenza, seme d\u2019uomo di dura cervice. Giona \u00e8 profeta come chiunque potrebbe esserlo: \u00e8 semplicemente l\u2019uomo, l\u2019imperfetto che galleggia tra l\u2019abisso e il sublime. Fingendo di respirare, di esserci, l\u2019ipocrita! E di avere un ruolo determinante nella causa.<\/strong><\/p>\n<h5><span style=\"color: #800000;\"><strong>All\u2019interno disegni di Giancarlo Venuto<\/strong><\/span><\/h5>\n<p>&nbsp;<\/p>\n","protected":false},"featured_media":1487,"comment_status":"open","ping_status":"closed","template":"","meta":[],"product_brand":[],"product_cat":[25,21,164,27],"product_tag":[1078,900,528,1079,1080,921,1081,380,379,560,1082,1071,1083],"class_list":{"0":"post-1700","1":"product","2":"type-product","3":"status-publish","4":"has-post-thumbnail","6":"product_cat-discanto","7":"product_cat-friulano","8":"product_cat-luca-de-clara","9":"product_cat-poesia","10":"product_tag-bibbia-in-friulano","11":"product_tag-discanto","12":"product_tag-friulano","13":"product_tag-giona","14":"product_tag-jonas","15":"product_tag-luca-de-clara","16":"product_tag-ninive","17":"product_tag-poesie-di-autori-friulani","18":"product_tag-poesie-friulane","19":"product_tag-poesie-in-friulano","20":"product_tag-tarsis","21":"product_tag-traduzione-in-friulano","22":"product_tag-versi-in-friulano","24":"first","25":"instock","26":"sale","27":"shipping-taxable","28":"purchasable","29":"product-type-simple","30":"customify-col"},"_links":{"self":[{"href":"https:\/\/shop.kappavu.it\/KV\/wp-json\/wp\/v2\/product\/1700","targetHints":{"allow":["GET"]}}],"collection":[{"href":"https:\/\/shop.kappavu.it\/KV\/wp-json\/wp\/v2\/product"}],"about":[{"href":"https:\/\/shop.kappavu.it\/KV\/wp-json\/wp\/v2\/types\/product"}],"replies":[{"embeddable":true,"href":"https:\/\/shop.kappavu.it\/KV\/wp-json\/wp\/v2\/comments?post=1700"}],"wp:featuredmedia":[{"embeddable":true,"href":"https:\/\/shop.kappavu.it\/KV\/wp-json\/wp\/v2\/media\/1487"}],"wp:attachment":[{"href":"https:\/\/shop.kappavu.it\/KV\/wp-json\/wp\/v2\/media?parent=1700"}],"wp:term":[{"taxonomy":"product_brand","embeddable":true,"href":"https:\/\/shop.kappavu.it\/KV\/wp-json\/wp\/v2\/product_brand?post=1700"},{"taxonomy":"product_cat","embeddable":true,"href":"https:\/\/shop.kappavu.it\/KV\/wp-json\/wp\/v2\/product_cat?post=1700"},{"taxonomy":"product_tag","embeddable":true,"href":"https:\/\/shop.kappavu.it\/KV\/wp-json\/wp\/v2\/product_tag?post=1700"}],"curies":[{"name":"wp","href":"https:\/\/api.w.org\/{rel}","templated":true}]}}