{"id":1688,"date":"2022-03-03T19:04:48","date_gmt":"2022-03-03T18:04:48","guid":{"rendered":"https:\/\/shop.kappavu.it\/KV\/?post_type=product&#038;p=1688"},"modified":"2022-06-21T00:47:03","modified_gmt":"2022-06-20T22:47:03","slug":"il-profum-dal-pan","status":"publish","type":"product","link":"https:\/\/shop.kappavu.it\/KV\/prodotto\/il-profum-dal-pan\/","title":{"rendered":"IL PROFUM DAL PAN"},"content":{"rendered":"<h4><\/h4>\n<h4>Un torn\u00e2 a un timp che nol \u00e8 plui, intun afresc vivar\u00f4s di une part de Basse furlane contadine, leade a ritmis di une nature a voltis amighe, a voltis avare. Ma ancje une tessare inseride inte storie \u201cgrande\u201d, ch\u00ea che e \u00e0 lass\u00e2t feridis profondis intal tiess\u00fbt soci\u00e2l intal timp de ocupazion nazi-fassiste; ch\u00ea che e \u00e0 viod\u00fbt la riscosse de lote partigjane e dopo i d\u00ees de ricostruzion cu la sperance intun doman plui just.<\/h4>\n<h4>E il Mulin di Mu\u00e7ane e la s\u00f4 int a son simpri protagoniscj. Imagjins di un mont metudis adun ancje dai ricuarts di un frut che, vu\u00ea che al \u00e8cress\u00fbt, al ten ancjem\u00f2 dentri di se il profum dal pan che al nasseve de farine dal Mulin.<\/h4>\n<p>&nbsp;<\/p>\n","protected":false},"excerpt":{"rendered":"<h4><span style=\"color: #800000;\"><em>INTE BASSE FURLANE CU LIS VICENDIS DAI <\/em>MULIN\u00c2RS<em> DI MU\u00c7ANE<\/em><\/span><\/h4>\n<p>&nbsp;<\/p>\n<h4>di <strong><a href=\"http:\/\/shop.kappavu.it\/KV\/autori-al\/#cristian-sedran\">CRISTIAN SEDRAN<\/a><\/strong><\/h4>\n<p><strong>Cheste e je la storie di tr\u00ea gjenerazions di mulin\u00e2rs dal Mulin di Mu\u00e7ane. Gjondis e dol\u00f4rs cont\u00e2ts des testemoneancis dai ultins dissendents e dai documents de famee che a \u00e0n conserv\u00e2t cun am\u00f4r.<\/strong><\/p>\n<p>&nbsp;<\/p>\n","protected":false},"featured_media":1479,"comment_status":"open","ping_status":"closed","template":"","meta":[],"product_brand":[],"product_cat":[113,21,1024,30],"product_tag":[1015,1016,1017,1018,1019,1020,1021,1022,634,635,692,922],"class_list":{"0":"post-1688","1":"product","2":"type-product","3":"status-publish","4":"has-post-thumbnail","6":"product_cat-cristian-sedran","7":"product_cat-friulano","8":"product_cat-lavoro-e-societa","9":"product_cat-saggistica","10":"product_tag-bassa-friulana","11":"product_tag-basse-furlane","12":"product_tag-cristian-sedran","13":"product_tag-mulini-di-muzzana","14":"product_tag-mulins","15":"product_tag-profum-dal-pan","16":"product_tag-profumo-del-pane","17":"product_tag-sindaco-di-muzzana","18":"product_tag-storie-in-friulano","19":"product_tag-storiis-par-furlan","20":"product_tag-testi-in-lingua-friulana","21":"product_tag-traduzions-par-furlan","23":"first","24":"instock","25":"shipping-taxable","26":"purchasable","27":"product-type-simple","28":"customify-col"},"_links":{"self":[{"href":"https:\/\/shop.kappavu.it\/KV\/wp-json\/wp\/v2\/product\/1688","targetHints":{"allow":["GET"]}}],"collection":[{"href":"https:\/\/shop.kappavu.it\/KV\/wp-json\/wp\/v2\/product"}],"about":[{"href":"https:\/\/shop.kappavu.it\/KV\/wp-json\/wp\/v2\/types\/product"}],"replies":[{"embeddable":true,"href":"https:\/\/shop.kappavu.it\/KV\/wp-json\/wp\/v2\/comments?post=1688"}],"wp:featuredmedia":[{"embeddable":true,"href":"https:\/\/shop.kappavu.it\/KV\/wp-json\/wp\/v2\/media\/1479"}],"wp:attachment":[{"href":"https:\/\/shop.kappavu.it\/KV\/wp-json\/wp\/v2\/media?parent=1688"}],"wp:term":[{"taxonomy":"product_brand","embeddable":true,"href":"https:\/\/shop.kappavu.it\/KV\/wp-json\/wp\/v2\/product_brand?post=1688"},{"taxonomy":"product_cat","embeddable":true,"href":"https:\/\/shop.kappavu.it\/KV\/wp-json\/wp\/v2\/product_cat?post=1688"},{"taxonomy":"product_tag","embeddable":true,"href":"https:\/\/shop.kappavu.it\/KV\/wp-json\/wp\/v2\/product_tag?post=1688"}],"curies":[{"name":"wp","href":"https:\/\/api.w.org\/{rel}","templated":true}]}}