{"id":1674,"date":"2022-03-02T21:05:20","date_gmt":"2022-03-02T20:05:20","guid":{"rendered":"https:\/\/shop.kappavu.it\/KV\/?post_type=product&#038;p=1674"},"modified":"2024-12-27T12:27:25","modified_gmt":"2024-12-27T11:27:25","slug":"il-memory-dai-mostrics-e-mostris","status":"publish","type":"product","link":"https:\/\/shop.kappavu.it\/KV\/prodotto\/il-memory-dai-mostrics-e-mostris\/","title":{"rendered":"IL MEMORY DAI MOSTRI\u00c7S E MOSTRIS"},"content":{"rendered":"<h4><\/h4>\n<h4>23 mostri e mostriciattoli per un Memory tutto da giocare anche con una punta di paura e qualche brivido, soprattutto quando si ha a che fare col mostro sotto il letto o con quello degli armadi o delle scarpe puzzolenti\u2026 (quelli l\u00ec non perdonano!). In un libretto dentro la scatola ognuno di loro ha una sua storia da leggere: c\u2019\u00e8 quello cattivo, c\u2019\u00e8 il furbastro, l\u2019avvilito, ma anche il gentile o timido. Gioca a mettere due a due i mostri e i mostriciattoli e leggi per scoprire le loro storie.<\/h4>\n<h4>Illustrazioni di Maddalena Bathish<\/h4>\n<h4>Testi di Francesca Gregoricchio<\/h4>\n<p>&nbsp;<\/p>\n","protected":false},"excerpt":{"rendered":"<p>&nbsp;<\/p>\n<h4>di <strong><a href=\"http:\/\/shop.kappavu.it\/KV\/autori-al\/#francesca-gregoricchio\">FRANCESCA GREGORICCHIO<\/a><\/strong><\/h4>\n<p><strong>23 mostris int\u00eers e tocs di mostris par un Memory dut di zui\u00e2 ancje cuntune ponte di p\u00f4re e cualchi sgrisul, sore dut cuant che si trate di ve a ce f\u00e2 cul mostri sot dal jet o cun chel dai arm\u00e2rs e chel des scarpis pu\u00e7onis\u2026 (chei no perdonin!). Intun librut dentri te scjatule, ognidun di l\u00f4r al \u00e0 une s\u00f4 storie di lei: cui che al \u00e8 trist, cui carogne, cui avil\u00eet ma ancje cualchidun zent\u00eel o timit. Zuie a meti doi a doi i mostris e i mostri\u00e7s e lei par discuvierzi lis l\u00f4r storiis.<\/strong><\/p>\n<h4><span style=\"color: #800000;\"><strong>Ilustrazions di Maddalena Bathish<\/strong><\/span><\/h4>\n<p>&nbsp;<\/p>\n","protected":false},"featured_media":1679,"comment_status":"open","ping_status":"closed","template":"","meta":[],"product_brand":[],"product_cat":[24,135,21,136],"product_tag":[684,685,686,687,496,869,870,976,974,699,973,975,977,978,979,635,878,879,980,940],"class_list":{"0":"post-1674","1":"product","2":"type-product","3":"status-publish","4":"has-post-thumbnail","6":"product_cat-didatiche","7":"product_cat-francesca-gregoricchio","8":"product_cat-friulano","9":"product_cat-maddalena-bathish","10":"product_tag-didatiche","11":"product_tag-didatiche-furlane","12":"product_tag-didatiche-par-furlan","13":"product_tag-didattica-in-friulano","14":"product_tag-francesca-gregoricchio","15":"product_tag-giochi-in-friulano","16":"product_tag-giochi-per-bambini","17":"product_tag-gioco-del-memory","18":"product_tag-gioco-in-friulano","19":"product_tag-libruts-par-furlan","20":"product_tag-maddalena-bathish","21":"product_tag-memory","22":"product_tag-mostri","23":"product_tag-mostri-simpatici","24":"product_tag-mostris","25":"product_tag-storiis-par-furlan","26":"product_tag-storiutis-pai-frutins","27":"product_tag-storiutis-par-furlan","28":"product_tag-zuc-dal-memory","29":"product_tag-zucs-par-furlan","31":"first","32":"outofstock","33":"shipping-taxable","34":"purchasable","35":"product-type-simple","36":"customify-col","37":"product-has-gallery"},"_links":{"self":[{"href":"https:\/\/shop.kappavu.it\/KV\/wp-json\/wp\/v2\/product\/1674","targetHints":{"allow":["GET"]}}],"collection":[{"href":"https:\/\/shop.kappavu.it\/KV\/wp-json\/wp\/v2\/product"}],"about":[{"href":"https:\/\/shop.kappavu.it\/KV\/wp-json\/wp\/v2\/types\/product"}],"replies":[{"embeddable":true,"href":"https:\/\/shop.kappavu.it\/KV\/wp-json\/wp\/v2\/comments?post=1674"}],"wp:featuredmedia":[{"embeddable":true,"href":"https:\/\/shop.kappavu.it\/KV\/wp-json\/wp\/v2\/media\/1679"}],"wp:attachment":[{"href":"https:\/\/shop.kappavu.it\/KV\/wp-json\/wp\/v2\/media?parent=1674"}],"wp:term":[{"taxonomy":"product_brand","embeddable":true,"href":"https:\/\/shop.kappavu.it\/KV\/wp-json\/wp\/v2\/product_brand?post=1674"},{"taxonomy":"product_cat","embeddable":true,"href":"https:\/\/shop.kappavu.it\/KV\/wp-json\/wp\/v2\/product_cat?post=1674"},{"taxonomy":"product_tag","embeddable":true,"href":"https:\/\/shop.kappavu.it\/KV\/wp-json\/wp\/v2\/product_tag?post=1674"}],"curies":[{"name":"wp","href":"https:\/\/api.w.org\/{rel}","templated":true}]}}