{"id":1671,"date":"2022-03-02T20:23:35","date_gmt":"2022-03-02T19:23:35","guid":{"rendered":"https:\/\/shop.kappavu.it\/KV\/?post_type=product&#038;p=1671"},"modified":"2022-05-25T23:38:03","modified_gmt":"2022-05-25T21:38:03","slug":"il-griot-e-altre-storie-senegalesi","status":"publish","type":"product","link":"https:\/\/shop.kappavu.it\/KV\/prodotto\/il-griot-e-altre-storie-senegalesi\/","title":{"rendered":"IL GRIOT E ALTRE STORIE SENEGALESI"},"content":{"rendered":"<h4><\/h4>\n<h4>\u201cMa il mio vero maestro \u00e8 stato babbo Idrissa. Da lui ho imparato che la musica \u00e8 storia, e la storia \u00e8 vita, finch\u00e9 le storie degli uomini trovano un canto e una melodia, non moriranno\u201d. Queste le parole di Lamin giovane Griot, il cantastorie che ci accompagna in Senegal e ci fa conoscere la sua cultura, ma anche i desideri e le emozioni dei protagonisti di questi racconti.<\/h4>\n<p>&nbsp;<\/p>\n","protected":false},"excerpt":{"rendered":"<p>&nbsp;<\/p>\n<h4>di <strong><a href=\"http:\/\/shop.kappavu.it\/KV\/autori-al\/#luigina-battistutta\">LUIGINA BATTISTUTTA<\/a><\/strong> e\u00a0<strong><a href=\"http:\/\/shop.kappavu.it\/KV\/autori-al\/#luigina-battistutta\">MOR SOW<\/a><\/strong><\/h4>\n<p><strong>\u201cMa il mio vero maestro \u00e8 stato babbo Idrissa. Da lui ho imparato che la musica \u00e8 storia, e la storia \u00e8 vita, finch\u00e9 le storie degli uomini trovano un canto e una melodia, non moriranno\u201c. Queste le parole di Lamin giovane Griot, il cantastorie che ci accompagna in Senegal e ci fa conoscere la sua cultura, ma anche i desideri e le emozioni dei protagonisti di questi racconti.<\/strong><\/p>\n<h5><span style=\"color: #800000;\"><strong>Illustrazioni di Tamara Zambon<\/strong><\/span><\/h5>\n<p>&nbsp;<\/p>\n","protected":false},"featured_media":1475,"comment_status":"open","ping_status":"closed","template":"","meta":[],"product_brand":[],"product_cat":[171,172,18,29],"product_tag":[949,950,951,952,953,954,959,958,955,956,957],"class_list":{"0":"post-1671","1":"product","2":"type-product","3":"status-publish","4":"has-post-thumbnail","6":"product_cat-luigina-battistutta","7":"product_cat-mor-sow","8":"product_cat-narrativa","9":"product_cat-ragazzi","10":"product_tag-cantastorie-africani","11":"product_tag-cultura-africana","12":"product_tag-favole-africane","13":"product_tag-favole-senegalesi","14":"product_tag-griot","15":"product_tag-il-griot","16":"product_tag-luigina-battistutta","17":"product_tag-mor-sow","18":"product_tag-racconti-africani","19":"product_tag-senegal","20":"product_tag-storie-senegalesi","22":"first","23":"instock","24":"sale","25":"shipping-taxable","26":"purchasable","27":"product-type-simple","28":"customify-col"},"_links":{"self":[{"href":"https:\/\/shop.kappavu.it\/KV\/wp-json\/wp\/v2\/product\/1671","targetHints":{"allow":["GET"]}}],"collection":[{"href":"https:\/\/shop.kappavu.it\/KV\/wp-json\/wp\/v2\/product"}],"about":[{"href":"https:\/\/shop.kappavu.it\/KV\/wp-json\/wp\/v2\/types\/product"}],"replies":[{"embeddable":true,"href":"https:\/\/shop.kappavu.it\/KV\/wp-json\/wp\/v2\/comments?post=1671"}],"wp:featuredmedia":[{"embeddable":true,"href":"https:\/\/shop.kappavu.it\/KV\/wp-json\/wp\/v2\/media\/1475"}],"wp:attachment":[{"href":"https:\/\/shop.kappavu.it\/KV\/wp-json\/wp\/v2\/media?parent=1671"}],"wp:term":[{"taxonomy":"product_brand","embeddable":true,"href":"https:\/\/shop.kappavu.it\/KV\/wp-json\/wp\/v2\/product_brand?post=1671"},{"taxonomy":"product_cat","embeddable":true,"href":"https:\/\/shop.kappavu.it\/KV\/wp-json\/wp\/v2\/product_cat?post=1671"},{"taxonomy":"product_tag","embeddable":true,"href":"https:\/\/shop.kappavu.it\/KV\/wp-json\/wp\/v2\/product_tag?post=1671"}],"curies":[{"name":"wp","href":"https:\/\/api.w.org\/{rel}","templated":true}]}}