{"id":1657,"date":"2022-03-02T12:31:29","date_gmt":"2022-03-02T11:31:29","guid":{"rendered":"https:\/\/shop.kappavu.it\/KV\/?post_type=product&#038;p=1657"},"modified":"2022-05-25T23:14:09","modified_gmt":"2022-05-25T21:14:09","slug":"gno-von-bepopalon","status":"publish","type":"product","link":"https:\/\/shop.kappavu.it\/KV\/prodotto\/gno-von-bepopalon\/","title":{"rendered":"GNO VON BEPOPALON"},"content":{"rendered":"<h4><\/h4>\n<h4><strong>Lussia di Uanis<\/strong>, scritore e artiste, cu la storie dal farc Bepopalon e dal farcut so nev\u00f4t nus ufr\u00ecs une conte dul\u00e0 che \u00e2fs, mariutinis, jespis e scussons, magnis e lisiertis, parussulis e cisilis, chechis e \u00e7oris, sghirats, sur\u00ees e parfin pantianis (e une schirie di altris besteutis) a \u00e0n la fuarce di reagj\u00ee e di difindi il l\u00f4r habitat mena\u00e7\u00e2t dai umans. Come che e spieghe la Autore inte so introduzion, \u201cin gracie de television e di internet o pod\u00ecn viodi leons e elefants come se a fossin vicins di cjase, ma la besteute che o viod\u00ecn propit li, dal v\u00ear, al \u00e8 pericul che no sav\u00ecn nancje come che si clame inte nestre marilenghe\u201d. Cuss\u00ec, dopo de conte, Lussia e \u00e0 zont\u00e2t des schedis che a descr\u00eevin cun nozions minimis la vite e la riproduzion \u201cdi chescj am\u00ees che a condividin cun noaltris il via\u00e7 su chest planet\u201d, ven a st\u00e2i i anim\u00e2i nomen\u00e2ts e protagoniscj de conte.<br \/>\nIlustr\u00e2t in maniere divertente di Guido Carrara, inricj\u00eet cu lis imagjins dal fotograf naturalist Marco Cuoco e complet\u00e2t cui dissens in blanc e neri (di copi\u00e2 e color\u00e2) pront\u00e2ts de stesse Autore, chest librut al devente un imprest didatic straordenari di educazion ambientaliste par furlan.<\/h4>\n<p>&nbsp;<\/p>\n<h4><em>Lussia di Uanis, scrittrice e artista, con la storia della talpa Bepopalon e della \u201ctalpetta\u201d suo nipote ci presenta una storia dove api, coccinelle, vespe e maggiolini, bisce e lucertole, cinciallegre e rondini, gazze e cornacchie, scoiattoli, topi e perfino ratti (e una schiera di altri animaletti) hanno la forze di reagire e di difendere il loro habitat minacciato dagli umani. Come ci spiega l\u2019Autrice nella sua introduzione, \u201cgrazie alla televisione e a internet possiamo vedere leoni ed elefanti come se fossero vicini di casa, ma delle bestioline che vediamo proprio l\u00ec, dal vivo, rischiamo di non sapere neppure il nome nella nostra madrelingua\u201d. Cos\u00ec, dopo la storia, Lussia ha aggiunto alcune schede che descrivono con nozioni minime la vita e la riproduzione \u201cdi questi amici che condividono con noi il viaggio su questo pianeta\u201d, ovvero gli animali nominati e protagonisti della storia.<\/em><br \/>\n<em>Illustrato in maniera divertente da Guido Carrara, arricchito dalle immagini del fotografo naturalista Marco Cuoco e completato con i disegni in bianco e nero (da copiare e colorare) preparati dalla stessa Autrice, questo libretto diventa uno strumento didattico straordinario di educazione ambientalista in friulano.<\/em><\/h4>\n<h4 class=\"p1\"><\/h4>\n<p>&nbsp;<\/p>\n","protected":false},"excerpt":{"rendered":"<p>&nbsp;<\/p>\n<h4>di <strong><a href=\"http:\/\/shop.kappavu.it\/KV\/autori-al\/#lussia-di-uanis\">LUSSIA DI UANIS<\/a><\/strong><\/h4>\n<p><strong>Lussia di Uanis, scritore e artiste, cu la storie dal farc Bepopalon e dal farcut so nev\u00f4t nus ufr\u00ecs une conte dul\u00e0 che \u00e2fs, mariutinis, jespis e scussons, magnis e lisiertis, parussulis e cisilis, chechis e \u00e7oris, sghirats, sur\u00ees e parfin pantianis (e une schirie di altris besteutis) a \u00e0n la fuarce di reagj\u00ee e di difindi il l\u00f4r habitat mena\u00e7\u00e2t dai umans.<\/strong><\/p>\n<h5><strong>Ilustrazions di <a href=\"http:\/\/shop.kappavu.it\/KV\/autori-al\/#guido-carrara\">GUIDO CARRARA<\/a><\/strong><\/h5>\n<h5><strong>Fotografiis di Marco Cuoco<\/strong><\/h5>\n<p>&nbsp;<\/p>\n","protected":false},"featured_media":1468,"comment_status":"open","ping_status":"closed","template":"","meta":[],"product_brand":[],"product_cat":[24,21,174],"product_tag":[684,685,686,687,869,870,871,872,688,689,690,699,873,874,503,875,876,635,877,878,879,692,694,695],"class_list":{"0":"post-1657","1":"product","2":"type-product","3":"status-publish","4":"has-post-thumbnail","6":"product_cat-didatiche","7":"product_cat-friulano","8":"product_cat-lussia-di-uanis","9":"product_tag-didatiche","10":"product_tag-didatiche-furlane","11":"product_tag-didatiche-par-furlan","12":"product_tag-didattica-in-friulano","13":"product_tag-giochi-in-friulano","14":"product_tag-giochi-per-bambini","15":"product_tag-guido-carrara","16":"product_tag-libri-didattici","17":"product_tag-libri-illustrati-in-friulano","18":"product_tag-libri-illustrati-per-bambini","19":"product_tag-libri-per-bambini-in-friulano","20":"product_tag-libruts-par-furlan","21":"product_tag-lussia-di-uanis","22":"product_tag-marco-cuoco","23":"product_tag-storie-di-animali","24":"product_tag-storie-per-bambini","25":"product_tag-storie-per-bambini-in-friulano","26":"product_tag-storiis-par-furlan","27":"product_tag-storiutis-di-animai","28":"product_tag-storiutis-pai-frutins","29":"product_tag-storiutis-par-furlan","30":"product_tag-testi-in-lingua-friulana","31":"product_tag-testi-per-scuola-primaria","32":"product_tag-testi-scolastici-in-friulano","34":"first","35":"instock","36":"shipping-taxable","37":"purchasable","38":"product-type-simple","39":"customify-col","40":"product-has-gallery"},"_links":{"self":[{"href":"https:\/\/shop.kappavu.it\/KV\/wp-json\/wp\/v2\/product\/1657","targetHints":{"allow":["GET"]}}],"collection":[{"href":"https:\/\/shop.kappavu.it\/KV\/wp-json\/wp\/v2\/product"}],"about":[{"href":"https:\/\/shop.kappavu.it\/KV\/wp-json\/wp\/v2\/types\/product"}],"replies":[{"embeddable":true,"href":"https:\/\/shop.kappavu.it\/KV\/wp-json\/wp\/v2\/comments?post=1657"}],"wp:featuredmedia":[{"embeddable":true,"href":"https:\/\/shop.kappavu.it\/KV\/wp-json\/wp\/v2\/media\/1468"}],"wp:attachment":[{"href":"https:\/\/shop.kappavu.it\/KV\/wp-json\/wp\/v2\/media?parent=1657"}],"wp:term":[{"taxonomy":"product_brand","embeddable":true,"href":"https:\/\/shop.kappavu.it\/KV\/wp-json\/wp\/v2\/product_brand?post=1657"},{"taxonomy":"product_cat","embeddable":true,"href":"https:\/\/shop.kappavu.it\/KV\/wp-json\/wp\/v2\/product_cat?post=1657"},{"taxonomy":"product_tag","embeddable":true,"href":"https:\/\/shop.kappavu.it\/KV\/wp-json\/wp\/v2\/product_tag?post=1657"}],"curies":[{"name":"wp","href":"https:\/\/api.w.org\/{rel}","templated":true}]}}