{"id":1651,"date":"2022-03-02T10:32:37","date_gmt":"2022-03-02T09:32:37","guid":{"rendered":"https:\/\/shop.kappavu.it\/KV\/?post_type=product&#038;p=1651"},"modified":"2025-12-16T15:40:46","modified_gmt":"2025-12-16T14:40:46","slug":"franc-ursic-josko","status":"publish","type":"product","link":"https:\/\/shop.kappavu.it\/KV\/prodotto\/franc-ursic-josko\/","title":{"rendered":"FRANC UR\u0160I\u010c-JO\u0160KO"},"content":{"rendered":"<h4><\/h4>\n<h4>Il comandante Jo\u0161ko venne catturato dai nazifascisti, torturato ripetutamente e bruciato, il 7 aprile 1945, nella Risiera di Trieste\/Trst, unico lager con forno crematorio in Italia. Di lui restano, a fondamentale testimonianza di lotta, amore per la libert\u00e0 e giustizia fra i popoli, le lettere che clandestinamente fa avere, all\u2019interno del carcere stesso, alle sue compagne di lotta e di prigionia.<\/h4>\n<p>&nbsp;<\/p>\n","protected":false},"excerpt":{"rendered":"<h4><em><span style=\"color: #800000;\">UN PARTIGIANO SLOVENO DELLA SO\u0160KA DOLINA \/ VALLE DELL&#8217;ISONZO<\/span><\/em><\/h4>\n<p>&nbsp;<\/p>\n<h4>di <strong><a class=\"url fn n\" href=\"https:\/\/shop.kappavu.it\/KV\/autori-mz\/#zdravko-likar\">ZDRAVKO LIKAR<\/a><\/strong><\/h4>\n<h5>cura e traduzione di <strong><a class=\"url fn n\" href=\"https:\/\/shop.kappavu.it\/KV\/autori-al\/#adriano-hvalica-qualizza\">ADRIANO HVALICA\/QUALIZZA<\/a><\/strong><\/h5>\n<p><strong>Nell\u2019ambito della lotta di liberazione del popolo sloveno dall\u2019occupazione fascista e nazista, \u00e8 qui descritta la vicenda personale e drammatica di Franc Ur\u0161i\u010d-Jo\u0161ko, comandante partigiano sloveno \u201cdi confine\u201d, combattente su quella sua stessa terra attraverso la quale, successivamente, sorger\u00e0 la cosiddetta cortina di ferro, dal Muro di Berlino all\u2019Adriatico, e spaccher\u00e0 per decenni il mondo nei due blocchi contrapposti della guerra fredda.<\/strong><\/p>\n<p>&nbsp;<\/p>\n","protected":false},"featured_media":1462,"comment_status":"open","ping_status":"closed","template":"","meta":[],"product_brand":[],"product_cat":[51,20,19,239],"product_tag":[815,672,673,227,279,280,813,606,814,679,758,371,776,777,778,288,446,816,817,818],"class_list":{"0":"post-1651","1":"product","2":"type-product","3":"status-publish","4":"has-post-thumbnail","6":"product_cat-adriano-hvalica-qualizza","7":"product_cat-resistenza_storica","8":"product_cat-storia","9":"product_cat-zdravko-likar","10":"product_tag-adriano-qualizza","11":"product_tag-confine-orientale","12":"product_tag-confine-orientale-ditalia","13":"product_tag-fascismo","14":"product_tag-guerra-antifascista-europea","15":"product_tag-guerra-antifascista-in-europa","16":"product_tag-guerra-partigiana","17":"product_tag-lotta-partigiana","18":"product_tag-partigiano-sloveno","19":"product_tag-problema-del-confine-orientale","20":"product_tag-resistenza","21":"product_tag-resistenza-jugoslava","22":"product_tag-resistenza-storica","23":"product_tag-revisionismo","24":"product_tag-revisionismo-storico","25":"product_tag-seconda-guerra-mondiale","26":"product_tag-seconda-guerra-mondiale-in-friuli","27":"product_tag-soska-dolina","28":"product_tag-valle-dellisonzo","29":"product_tag-valli-del-natisone","31":"first","32":"instock","33":"sale","34":"shipping-taxable","35":"purchasable","36":"product-type-simple","37":"customify-col"},"_links":{"self":[{"href":"https:\/\/shop.kappavu.it\/KV\/wp-json\/wp\/v2\/product\/1651","targetHints":{"allow":["GET"]}}],"collection":[{"href":"https:\/\/shop.kappavu.it\/KV\/wp-json\/wp\/v2\/product"}],"about":[{"href":"https:\/\/shop.kappavu.it\/KV\/wp-json\/wp\/v2\/types\/product"}],"replies":[{"embeddable":true,"href":"https:\/\/shop.kappavu.it\/KV\/wp-json\/wp\/v2\/comments?post=1651"}],"wp:featuredmedia":[{"embeddable":true,"href":"https:\/\/shop.kappavu.it\/KV\/wp-json\/wp\/v2\/media\/1462"}],"wp:attachment":[{"href":"https:\/\/shop.kappavu.it\/KV\/wp-json\/wp\/v2\/media?parent=1651"}],"wp:term":[{"taxonomy":"product_brand","embeddable":true,"href":"https:\/\/shop.kappavu.it\/KV\/wp-json\/wp\/v2\/product_brand?post=1651"},{"taxonomy":"product_cat","embeddable":true,"href":"https:\/\/shop.kappavu.it\/KV\/wp-json\/wp\/v2\/product_cat?post=1651"},{"taxonomy":"product_tag","embeddable":true,"href":"https:\/\/shop.kappavu.it\/KV\/wp-json\/wp\/v2\/product_tag?post=1651"}],"curies":[{"name":"wp","href":"https:\/\/api.w.org\/{rel}","templated":true}]}}