{"id":1640,"date":"2022-03-01T12:43:38","date_gmt":"2022-03-01T11:43:38","guid":{"rendered":"https:\/\/shop.kappavu.it\/KV\/?post_type=product&#038;p=1640"},"modified":"2025-12-14T10:21:05","modified_gmt":"2025-12-14T09:21:05","slug":"fiabesca","status":"publish","type":"product","link":"https:\/\/shop.kappavu.it\/KV\/prodotto\/fiabesca\/","title":{"rendered":"FIABESCA"},"content":{"rendered":"<h4><\/h4>\n<h4>Un protagonista di questo libro \u00e8 il bosco, luogo incontaminato e fonte di vita per le bambine o le donne che non possono o non vogliono vivere nella loro comunit\u00e0 originaria. Che poi incontrano il loro amato, principe o guardacaccia o lupo, e vivono con lui felici e contente senza far pi\u00f9 ritorno al luogo dell\u2019origine.<br \/>\nIl bosco per gli abitanti dei villaggi resta pericoloso come nelle fiabe tradizionali, e quando la mamma di Lucina\/Biancaneve deve andare a cercare la maga che sola pu\u00f2 guarire la sua bambina riceve istruzioni che fanno pensare a una sorta di n\u00e8kya:<\/h4>\n<h4>Devi attraversare la foresta dei sette monti, non farti scoraggiare dal lungo cammino e dai rumori che sentirai. Udrai delle grida, e ti sembrer\u00e0 di esserti addentrata fra gli spiriti, ma tu non voltarti. Prosegui finch\u00e9 non vedrai pi\u00f9 la luce del sole, l\u00e0, nel pi\u00f9 fitto del bosco troverai la rosa rossa come il sangue, non puoi sbagliarti, sar\u00e0 lei stessa a indicarti la sua presenza col profumo, ma fai molta attenzione nel coglierla, se ti punger\u00e0, morirai. Quando l\u2019avrai in mano ti sar\u00e0 facile arrivare dalla maga, perch\u00e9 la rosa ti guider\u00e0 come una lanterna.<\/h4>\n<h4>Il bosco simbolizza la natura non colonizzata dall\u2019uomo, opposto e complementare all\u2019ecumene come sono opposti e complementari sapere femminile e maschile. Nel bosco hanno la loro dimora orchi e fate, streghe e guaritrici, che possono dispensare la vita e la morte. Nel bosco si rifugiano le fanciulle perseguitate, i baldi cavalieri si smarriscono e i bambini vi vengono abbandonati\u2026<\/h4>\n<h4><em>Dalla postfazione di Adalinda Gasparini<\/em><\/h4>\n<p>&nbsp;<\/p>\n","protected":false},"excerpt":{"rendered":"<h4><span style=\"color: #800000;\"><em>STORIE DI DONNOLE, GALLINE, BRIGANTI E REGINE RIVISITATE<\/em><\/span><\/h4>\n<p>&nbsp;<\/p>\n<h4>di <strong><a href=\"http:\/\/shop.kappavu.it\/KV\/autori-al\/#gruppo-anna-achmatova\">GRUPPO ANNA ACHMATOVA<\/a><\/strong><\/h4>\n<h5>a cura di <strong><a href=\"http:\/\/shop.kappavu.it\/KV\/autori-mz\/#marina-giovannelli\">MARINA GIOVANNELLI<\/a><\/strong><\/h5>\n<p><strong>La fiaba non \u00e8 la vita, ma ne custodisce la speranza, proprio per chi si trova nella situazione pi\u00f9 disperata.<\/strong><br \/>\n<strong>La nostra civilt\u00e0, per chi la consideri oltre la superficie illusoriamente rassicurante, non \u00e8 meno misteriosa del bosco, e il nostro inconscio, dove affondano le loro radici di senso le fiabe, somma i misteri dei boschi, degli oceani e delle citt\u00e0. Tanto ignoti a noi stessi, non meno che agli altri, possiamo per\u00f2 raccontare, come le Autrici di queste fiabe, e, attingendo al sogno a occhi chiusi o a occhi aperti, tracciamo vie possibili proprio dove non sembrano esistere. Cos\u00ec a una storia segue un\u2019altra storia, che essendo nuova porta in s\u00e9 le tracce delle storie passate, e immaginando il futuro lo invita a illuminare il presente.<\/strong><\/p>\n<p><strong><em>Dalla postfazione di Adalinda Gasparini<\/em><\/strong><\/p>\n<p>&nbsp;<\/p>\n","protected":false},"featured_media":1458,"comment_status":"open","ping_status":"closed","template":"","meta":[],"product_brand":[],"product_cat":[154,173,48,18],"product_tag":[464,644,466,385,640,639,641,469,470,390,642,394,459,261,475,260,477,478,643],"class_list":{"0":"post-1640","1":"product","2":"type-product","3":"status-publish","4":"has-post-thumbnail","6":"product_cat-gruppo-anna-achmatova","7":"product_cat-luisa-gastaldo","8":"product_cat-marina-giovannelli","9":"product_cat-narrativa","10":"product_tag-achmatova","11":"product_tag-alberta-vidal","12":"product_tag-anna-achmatova","13":"product_tag-autrici-friulane","14":"product_tag-barbara-vuano","15":"product_tag-cristina-benedetti","16":"product_tag-dolores-miotto","17":"product_tag-gruppi-di-scrittura","18":"product_tag-gruppo-di-scrittura","19":"product_tag-luisa-gastaldo","20":"product_tag-maddalena-valerio","21":"product_tag-marina-giovannelli","22":"product_tag-narrativa-friulana","23":"product_tag-raccolta-di-racconti","24":"product_tag-raccolta-di-racconti-brevi","25":"product_tag-racconti-brevi","26":"product_tag-rivisitazioni","27":"product_tag-scrittrici-friulane","28":"product_tag-susanna-marchi","30":"first","31":"instock","32":"sale","33":"shipping-taxable","34":"purchasable","35":"product-type-simple","36":"customify-col"},"_links":{"self":[{"href":"https:\/\/shop.kappavu.it\/KV\/wp-json\/wp\/v2\/product\/1640","targetHints":{"allow":["GET"]}}],"collection":[{"href":"https:\/\/shop.kappavu.it\/KV\/wp-json\/wp\/v2\/product"}],"about":[{"href":"https:\/\/shop.kappavu.it\/KV\/wp-json\/wp\/v2\/types\/product"}],"replies":[{"embeddable":true,"href":"https:\/\/shop.kappavu.it\/KV\/wp-json\/wp\/v2\/comments?post=1640"}],"wp:featuredmedia":[{"embeddable":true,"href":"https:\/\/shop.kappavu.it\/KV\/wp-json\/wp\/v2\/media\/1458"}],"wp:attachment":[{"href":"https:\/\/shop.kappavu.it\/KV\/wp-json\/wp\/v2\/media?parent=1640"}],"wp:term":[{"taxonomy":"product_brand","embeddable":true,"href":"https:\/\/shop.kappavu.it\/KV\/wp-json\/wp\/v2\/product_brand?post=1640"},{"taxonomy":"product_cat","embeddable":true,"href":"https:\/\/shop.kappavu.it\/KV\/wp-json\/wp\/v2\/product_cat?post=1640"},{"taxonomy":"product_tag","embeddable":true,"href":"https:\/\/shop.kappavu.it\/KV\/wp-json\/wp\/v2\/product_tag?post=1640"}],"curies":[{"name":"wp","href":"https:\/\/api.w.org\/{rel}","templated":true}]}}