{"id":1639,"date":"2022-03-01T11:50:39","date_gmt":"2022-03-01T10:50:39","guid":{"rendered":"https:\/\/shop.kappavu.it\/KV\/?post_type=product&#038;p=1639"},"modified":"2022-05-23T12:53:00","modified_gmt":"2022-05-23T10:53:00","slug":"feuilles-damour","status":"publish","type":"product","link":"https:\/\/shop.kappavu.it\/KV\/prodotto\/feuilles-damour\/","title":{"rendered":"FEUILLES D\u2019AMOUR \u2013 SFUEIS D\u2019AM\u00d4R"},"content":{"rendered":"<h4><\/h4>\n<h4>Une invitation aussi \u00e0 r\u00e9fl\u00e9chir, pour ne pas oublier d\u2019o\u00f9 on vient, pour savoir toujours o\u00f9 on va.<\/h4>\n<h4><em>Un invito anche a riflettere, per non dimenticare da dove veniamo, per sapere sempre dove andiamo.<\/em><\/h4>\n<p><strong>Un inv\u00eet ancje a pens\u00e2, par no dismente\u00e2 di dul\u00e0 che o vign\u00ecn, par sav\u00ea simpri l\u00e0 che o lin.<\/strong><\/p>\n<p>&nbsp;<\/p>\n","protected":false},"excerpt":{"rendered":"<p>&nbsp;<\/p>\n<h4>di <strong><a href=\"http:\/\/shop.kappavu.it\/KV\/autori-al\/#cristina-noacco\">CRISTINA NOACCO<\/a><\/strong><\/h4>\n<p><strong><em>Un voyage fait de paroles, de photographies et de dessins gr\u00e2ce \u00e0 l\u2019image-guide d\u2019un arbre, pour d\u00e9couvrir un paysage physique et int\u00e9rieur.\u00a0<\/em><em>Un parcours qui retrace les origines, les aspirations, les espoirs et les d\u00e9sillusions d\u2019une \u00e9migrante frioulane.<\/em><\/strong><\/p>\n<p><strong>Un viaggio fatto di parole, fotografie e disegni attraverso la figura-guida di un albero, alla scoperta di un paesaggio fisico e interiore. Un percorso attraverso le origini, le aspirazioni, le speranze e le disillusioni di un\u2019emigrante friulana.<\/strong><\/p>\n<p>&nbsp;<\/p>\n","protected":false},"featured_media":1457,"comment_status":"open","ping_status":"closed","template":"","meta":[],"product_brand":[],"product_cat":[114,21,27],"product_tag":[741,297,595,379,742,560,743,303,304,744,745,746],"class_list":{"0":"post-1639","1":"product","2":"type-product","3":"status-publish","4":"has-post-thumbnail","6":"product_cat-cristina-noacco","7":"product_cat-friulano","8":"product_cat-poesia","9":"product_tag-albero-damore","10":"product_tag-cristina-noacco","11":"product_tag-poesia-friulana","12":"product_tag-poesie-friulane","13":"product_tag-poesie-in-francese","14":"product_tag-poesie-in-friulano","15":"product_tag-poesie-tradotte","16":"product_tag-raccolta-di-poesie","17":"product_tag-raccolta-di-poesie-friulane","18":"product_tag-raccolta-di-poesie-in-francese","19":"product_tag-raccolta-di-poesie-in-friulano","20":"product_tag-traduzioni-dal-francese","22":"first","23":"outofstock","24":"shipping-taxable","25":"purchasable","26":"product-type-simple","27":"customify-col"},"_links":{"self":[{"href":"https:\/\/shop.kappavu.it\/KV\/wp-json\/wp\/v2\/product\/1639","targetHints":{"allow":["GET"]}}],"collection":[{"href":"https:\/\/shop.kappavu.it\/KV\/wp-json\/wp\/v2\/product"}],"about":[{"href":"https:\/\/shop.kappavu.it\/KV\/wp-json\/wp\/v2\/types\/product"}],"replies":[{"embeddable":true,"href":"https:\/\/shop.kappavu.it\/KV\/wp-json\/wp\/v2\/comments?post=1639"}],"wp:featuredmedia":[{"embeddable":true,"href":"https:\/\/shop.kappavu.it\/KV\/wp-json\/wp\/v2\/media\/1457"}],"wp:attachment":[{"href":"https:\/\/shop.kappavu.it\/KV\/wp-json\/wp\/v2\/media?parent=1639"}],"wp:term":[{"taxonomy":"product_brand","embeddable":true,"href":"https:\/\/shop.kappavu.it\/KV\/wp-json\/wp\/v2\/product_brand?post=1639"},{"taxonomy":"product_cat","embeddable":true,"href":"https:\/\/shop.kappavu.it\/KV\/wp-json\/wp\/v2\/product_cat?post=1639"},{"taxonomy":"product_tag","embeddable":true,"href":"https:\/\/shop.kappavu.it\/KV\/wp-json\/wp\/v2\/product_tag?post=1639"}],"curies":[{"name":"wp","href":"https:\/\/api.w.org\/{rel}","templated":true}]}}