{"id":1627,"date":"2022-03-01T00:51:15","date_gmt":"2022-02-28T23:51:15","guid":{"rendered":"https:\/\/shop.kappavu.it\/KV\/?post_type=product&#038;p=1627"},"modified":"2022-05-14T18:11:06","modified_gmt":"2022-05-14T16:11:06","slug":"a-nordest-di-nordest","status":"publish","type":"product","link":"https:\/\/shop.kappavu.it\/KV\/prodotto\/a-nordest-di-nordest\/","title":{"rendered":"A NORDEST DI NORDEST"},"content":{"rendered":"<h4><\/h4>\n<h4>La natura dell\u2019indagine e del suo scioglimento comporta costrizioni narrative (indiziarie, dilatorie, suggestive) che trovano soluzione nel comportamento dei personaggi o nel ricorso a immagini metaforiche funzionali a vari livelli: tra tutte quelle del bergamotto, il cui profumo ricollega i tempi e i luoghi del racconto, e che ben simboleggia il paradossale miscuglio delle identit\u00e0 (ma anche la componente intertestuale del racconto). Il procedere di Gallo per congetture assume anche valore metanarrativo: \u00e8 lo stesso dell\u2019autore che avanza ipotesi sulla trama, procedendo tra dubbi e scelte.<br \/>\nAltro tema, presente qui come in tutti i romanzi di Nimis \u2013 che \u00e8 architetto e urbanista \u2013 \u00e8 quello dell\u2019ambiente, urbano e naturale, e qui trova un singolare parallelo con quello identitario: legittima \u2013 entro certi limiti \u2013 l\u2019invenzione della tradizione, plausibile un futuro mutamento del paradigma estetico, affidato ad \u201cocchi pi\u00f9 giovani\u201d. L\u2019apertura di Gallo al futuro comprende la rivoluzione di genere propugnata dalle figure femminili.<\/h4>\n<h4>\u00a0 \u00a0 \u00a0 \u00a0 \u00a0 \u00a0 \u00a0 \u00a0 \u00a0 \u00a0 \u00a0 \u00a0 \u00a0 \u00a0 \u00a0 \u00a0 \u00a0 \u00a0 \u00a0 \u00a0 \u00a0 \u00a0 \u00a0 \u00a0 \u00a0 \u00a0 \u00a0 \u00a0 \u00a0 \u00a0 \u00a0 \u00a0 \u00a0 \u00a0 \u00a0 \u00a0 \u00a0 \u00a0 \u00a0 \u00a0 \u00a0 \u00a0 \u00a0 \u00a0 \u00a0 \u00a0 \u00a0 \u00a0 \u00a0 \u00a0 \u00a0 \u00a0 \u00a0 \u00a0 \u00a0 \u00a0 \u00a0 \u00a0 \u00a0 \u00a0 \u00a0 \u00a0 \u00a0 \u00a0 \u00a0 \u00a0 \u00a0 \u00a0 \u00a0 \u00a0 \u00a0 \u00a0 \u00a0 \u00a0 \u00a0 \u00a0 \u00a0 \u00a0 \u00a0 \u00a0 \u00a0 \u00a0 \u00a0\u00a0<em>Mario Turello<\/em><\/h4>\n<p>&nbsp;<\/p>\n","protected":false},"excerpt":{"rendered":"<p>&nbsp;<\/p>\n<h4>di <strong><a href=\"http:\/\/shop.kappavu.it\/KV\/autori-al\/#giovanni-pietro-nimis\">GIOVANNI PIETRO NIMIS<\/a><\/strong><\/h4>\n<p><strong>Una fuga d\u2019amore, un\u2019apostasia politica, un attentato al duce, una bellissima impiccata\u2026 Singolare indagine, quella del giudice Gallo, che dalla Calabria sale in Friuli per far luce su un segreto di famiglia, una rimossa vergogna che invece\u2026 Un giallo sui generis, singolare sia per come viene condotta sia per come si conclude la muta detection di Gallo: indagine del tutto virtuale, deposizioni immaginarie, interrogatori onirici, approdo a una verit\u00e0 catartica sul piano personale e storico (il racconto \u00e8 ambientato nel 1994). La scansione degli eventi determinanti \u00e8 al tempo stesso sintesi e giudizio della storia d\u2019Italia \u2013 dalla prima guerra mondiale al fascismo al sessantotto agli anni di piombo all\u2019avvento del berlusconismo \u2013 e tema del tutto attuale (leghismo meridionale) \u00e8 l\u2019agitarsi dei miti identitari, a nordest di nordest come a sud.<\/strong><\/p>\n<p>&nbsp;<\/p>\n","protected":false},"featured_media":1411,"comment_status":"open","ping_status":"closed","template":"","meta":[],"product_brand":[],"product_cat":[150,18],"product_tag":[647,648,649,650,651,652,653,654,655,656,657],"class_list":{"0":"post-1627","1":"product","2":"type-product","3":"status-publish","4":"has-post-thumbnail","6":"product_cat-giovanni-pietro-nimis","7":"product_cat-narrativa","8":"product_tag-giovanni-pietro-nimis","9":"product_tag-giudice-gallo","10":"product_tag-indagine-poliziesca","11":"product_tag-letteratura-friulana","12":"product_tag-nord-est","13":"product_tag-nordest","14":"product_tag-romanzi-autori-friulani","15":"product_tag-romanzo-breve","16":"product_tag-romanzo-dindagine","17":"product_tag-romanzo-in-friuli","18":"product_tag-romanzo-poliziesco","20":"first","21":"instock","22":"shipping-taxable","23":"purchasable","24":"product-type-simple","25":"customify-col"},"_links":{"self":[{"href":"https:\/\/shop.kappavu.it\/KV\/wp-json\/wp\/v2\/product\/1627","targetHints":{"allow":["GET"]}}],"collection":[{"href":"https:\/\/shop.kappavu.it\/KV\/wp-json\/wp\/v2\/product"}],"about":[{"href":"https:\/\/shop.kappavu.it\/KV\/wp-json\/wp\/v2\/types\/product"}],"replies":[{"embeddable":true,"href":"https:\/\/shop.kappavu.it\/KV\/wp-json\/wp\/v2\/comments?post=1627"}],"wp:featuredmedia":[{"embeddable":true,"href":"https:\/\/shop.kappavu.it\/KV\/wp-json\/wp\/v2\/media\/1411"}],"wp:attachment":[{"href":"https:\/\/shop.kappavu.it\/KV\/wp-json\/wp\/v2\/media?parent=1627"}],"wp:term":[{"taxonomy":"product_brand","embeddable":true,"href":"https:\/\/shop.kappavu.it\/KV\/wp-json\/wp\/v2\/product_brand?post=1627"},{"taxonomy":"product_cat","embeddable":true,"href":"https:\/\/shop.kappavu.it\/KV\/wp-json\/wp\/v2\/product_cat?post=1627"},{"taxonomy":"product_tag","embeddable":true,"href":"https:\/\/shop.kappavu.it\/KV\/wp-json\/wp\/v2\/product_tag?post=1627"}],"curies":[{"name":"wp","href":"https:\/\/api.w.org\/{rel}","templated":true}]}}