{"id":1622,"date":"2022-02-28T23:54:51","date_gmt":"2022-02-28T22:54:51","guid":{"rendered":"https:\/\/shop.kappavu.it\/KV\/?post_type=product&#038;p=1622"},"modified":"2023-12-10T22:19:02","modified_gmt":"2023-12-10T21:19:02","slug":"attacco-di-panico","status":"publish","type":"product","link":"https:\/\/shop.kappavu.it\/KV\/prodotto\/attacco-di-panico\/","title":{"rendered":"ATTACCO DI PANICO \/ Una confessione"},"content":{"rendered":"<h4><\/h4>\n<h4>\u201cUn\u2019occhiatina intorno e consideri che mica sarai proprio tu l\u2019ammissibile nel panorama con quella falcata lunga ma fatua che ti contraddistingue, cellulare in tasca spento da settimane come un passero morto, giacca e braghe afflitte da lavasecco e lavasecco, canticchiante magari, a scrutare perplesso i passanti.<br \/>\nPochi cos\u00ec. Sempre meno. Fra poco sar\u00e0 vietato come il fumo perdere tanto tempo, ti sar\u00e0 vietato per il tuo bene, anche se sei un fuori gioco. Un nulla completo. Per tutelarti si capisce. D\u2019ora in poi solo teste a posto in circolazione, competitive, vere o simulate non importa, almeno apparentemente lucide, avvitate a corpi attivi ed efficaci dentro abiti nuovi, come dire, occorre sembrare personalit\u00e0 affidabili, con silhouette svelte pronte a spossare motori scarpe tastiere per sgraffignare il massimo potere d\u2019acquisto.<br \/>\nS\u00ec certo, anche esibirsi in pubblico, quel giusto che serve, non di pi\u00f9. Non a caso nessuno che canticchi o fischietti pi\u00f9. Vizietto senile, c\u2019\u00e8 l\u2019i-pod se vuoi un po\u2019 di musica, ti metti gli auricolari e non disturbi pi\u00f9 nessuno.\u201d<\/h4>\n<p>&nbsp;<\/p>\n","protected":false},"excerpt":{"rendered":"<p>&nbsp;<\/p>\n<h4>di <strong><a href=\"http:\/\/shop.kappavu.it\/KV\/autori-al\/#gianni-spizzo\">GIANNI SPIZZO<\/a><\/strong><\/h4>\n<p><strong>In un\u2019epoca di neoliberismo imperante, anche a un prof in crisi pu\u00f2 venire la tentazione di mettersi sul mercato. Cos\u00ec si propone, sul locale mensile di annunci a pagamento, quale venditore di conversazioni a domicilio. Vista la moda della consulenza filosofica magari \u00e8 un\u2019idea vincente.<\/strong><br \/>\n<strong>Difatti, nonostante la crisi, la sua iniziativa ha successo oltre ogni aspettativa, fino a diventare un vero secondo lavoro, che lo porta a scoprire sconcertanti dimensioni private. A vedere i suoi simili in un\u2019altra luce, la pi\u00f9 sinistra.<\/strong><br \/>\n<strong>\u00c8 la classica goccia che fa traboccare il vaso. Una nuova paura ha cominciato ad assillarlo, un vero e proprio panico: chi sono gli altri, quelli che quotidianamente ci circondano? Ma a casa non resta, cos\u00ec passa le giornate camminando. Gira a vuoto e pensa a voce alta per capire quanto gli \u00e8 successo, cosa lo aspetta\u2026<\/strong><\/p>\n<p>&nbsp;<\/p>\n","protected":false},"featured_media":1416,"comment_status":"open","ping_status":"closed","template":"","meta":[],"product_brand":[],"product_cat":[145,18],"product_tag":[616,617,618,619,622,621,620],"class_list":{"0":"post-1622","1":"product","2":"type-product","3":"status-publish","4":"has-post-thumbnail","6":"product_cat-gianni-spizzo","7":"product_cat-narrativa","8":"product_tag-attacco-di-panico","9":"product_tag-gianni-spizzo","10":"product_tag-panico","11":"product_tag-romanzo","12":"product_tag-romanzo-a-trieste","13":"product_tag-romanzo-ambientato-a-trieste","14":"product_tag-trieste","16":"first","17":"instock","18":"shipping-taxable","19":"purchasable","20":"product-type-simple","21":"customify-col"},"_links":{"self":[{"href":"https:\/\/shop.kappavu.it\/KV\/wp-json\/wp\/v2\/product\/1622","targetHints":{"allow":["GET"]}}],"collection":[{"href":"https:\/\/shop.kappavu.it\/KV\/wp-json\/wp\/v2\/product"}],"about":[{"href":"https:\/\/shop.kappavu.it\/KV\/wp-json\/wp\/v2\/types\/product"}],"replies":[{"embeddable":true,"href":"https:\/\/shop.kappavu.it\/KV\/wp-json\/wp\/v2\/comments?post=1622"}],"wp:featuredmedia":[{"embeddable":true,"href":"https:\/\/shop.kappavu.it\/KV\/wp-json\/wp\/v2\/media\/1416"}],"wp:attachment":[{"href":"https:\/\/shop.kappavu.it\/KV\/wp-json\/wp\/v2\/media?parent=1622"}],"wp:term":[{"taxonomy":"product_brand","embeddable":true,"href":"https:\/\/shop.kappavu.it\/KV\/wp-json\/wp\/v2\/product_brand?post=1622"},{"taxonomy":"product_cat","embeddable":true,"href":"https:\/\/shop.kappavu.it\/KV\/wp-json\/wp\/v2\/product_cat?post=1622"},{"taxonomy":"product_tag","embeddable":true,"href":"https:\/\/shop.kappavu.it\/KV\/wp-json\/wp\/v2\/product_tag?post=1622"}],"curies":[{"name":"wp","href":"https:\/\/api.w.org\/{rel}","templated":true}]}}