{"id":1621,"date":"2022-02-28T19:25:33","date_gmt":"2022-02-28T18:25:33","guid":{"rendered":"https:\/\/shop.kappavu.it\/KV\/?post_type=product&#038;p=1621"},"modified":"2024-04-27T11:31:50","modified_gmt":"2024-04-27T09:31:50","slug":"aulo-magrini-e-la-carnia","status":"publish","type":"product","link":"https:\/\/shop.kappavu.it\/KV\/prodotto\/aulo-magrini-e-la-carnia\/","title":{"rendered":"AULO MAGRINI E LA CARNIA"},"content":{"rendered":"<h4><\/h4>\n<h4>Lo scorso anno il 15 luglio ricorreva il 72\u00b0 anniversario della morte del Comandante \u201cArturo\u201d Aulo Magrini avvenuta in localit\u00e0 ponte di Noiaris; quel giorno caddero insieme a lui Ermes Solari e Vito Riolino. Abbiamo voluto ricordare questo triste e drammatico avvenimento, ma nello stesso tempo altamente significativo come atto di lotta, ribellione e resistenza al nazifascismo, onorando il suo sacrificio con l\u2019intitolazione della sezione a suo nome: ANPI AULO MAGRINI \u201cARTURO\u201d SEZIONE VAL BUT. L\u2019occasione ci ha permesso di organizzare un convegno sulla figura leggendaria di questo Uomo, Padre e Partigiano: \u201cAulo Magrini e la Carnia \u2013 vita luoghi ragioni di un Partigiano\u201d.<\/h4>\n<h4>Ci eravamo ripromessi di raccogliere, in un libricino, tutti i contributi degli storici intervenuti nel convegno con lo scopo di divulgarlo durante le iniziative che la nostra sezione intende organizzare nelle scuole e negli eventi pubblici. In questi ultimi decenni il negazionismo storico e la diffamazione nei valori della Resistenza, della Lotta di liberazione e dei suoi Uomini ha avuto una impennata molto preoccupante; \u00e8 l\u2019ennesimo tentativo di rimuovere con la manipolazione storica, con l\u2019inganno, con le falsit\u00e0, il periodo pi\u00f9 fulgido e tragico di riscatto dell\u2019Italia dal fascismo.<\/h4>\n<h4>Pi\u00f9 che mai al giorno d\u2019oggi \u00e8 necessario combattere contro l\u2019indifferenza, il qualunquismo, l\u2019apatia, l\u2019ignoranza storica, la pigrizia intellettuale\u2026 il limbo culturale in cui le persone sono state o hanno accettato di essere confinate.\u00a0\u00c8 nostro compito far sapere che cade sulle spalle di ognuno di noi la responsabilit\u00e0 di un impegno verso il bene comune. Ed \u00e8 fondamentale, per fare questo, acquisire consapevolezza sia delle vicende storiche sia delle ragioni individuali di coloro che hanno perduto la vita, o hanno solo sofferto, per l\u2019affermazione dei diritti ineludibili delle persone. La nostra libert\u00e0, i nostri diritti.<\/h4>\n<h4>Noi vorremmo che questo nostro piccolo ma, riteniamo, significativo contributo abbia la forza di far conoscere ancora di pi\u00f9 i valori che la Resistenza e la Lotta di liberazione portano con s\u00e9 e che questa conoscenza possa tramutarsi in lotta e speranza nel futuro.<\/h4>\n<h4><em>Boris Maieron \u2013 Presidente ANPI Aulo Magrini \u201cArturo\u201d sezione Val But, giugno 2017<\/em><\/h4>\n<p>&nbsp;<\/p>\n","protected":false},"excerpt":{"rendered":"<h4><em><span style=\"color: #800000;\">VITA, LUOGHI, RAGIONI DI UN PARTIGIANO<\/span><\/em><\/h4>\n<p>&nbsp;<\/p>\n<h4>di <strong><a href=\"http:\/\/shop.kappavu.it\/KV\/autori-al\/#anpi-aulo-magrini-arturo-sezione-val-but\">ANPI AULO MAGRINI &#8220;ARTURO&#8221; SEZIONE VAL BUT<\/a><\/strong><\/h4>\n<p>&nbsp;<\/p>\n<div class=\"\">\n<p><strong>\u00abHO CREDUTO E CREDO FERMAMENTE IN UNA SOCIET\u00c0 MIGLIORE E IN UN MIGLIORE PROSSIMO AVVENIRE DI QUESTA UMANIT\u00c0. NON CREDO POSSIBILE, NE POSSO IN QUESTO MOMENTO, RIFUGGIRE DALLA RESPONSABILIT\u00c0 E DAI DOVERI CHE ME NE DERIVANO. NON\u00a0\u00c8 QUESTA CHE LA FERMA E CALMA DECISIONE CHE CHIUNQUE, NELLE SUE MODESTE CONDIZIONI, VOGLIA CONSIDERARSI DEGNO DEL NOME DI UOMO, DEVE PRENDERE PER S\u00c9 E SOPRATTUTTO PER I PROPRI FIGLI.\u00bb<\/strong><\/p>\n<p><strong><em>Aulo Magrini, lettera alla moglie Margherita<\/em><\/strong><\/p>\n<p>&nbsp;<\/p>\n<\/div>\n","protected":false},"featured_media":1417,"comment_status":"open","ping_status":"closed","template":"","meta":[],"product_brand":[],"product_cat":[93,23,19],"product_tag":[529,601,602,603,604,227,280,605,281,606,607,437,608,282,609,331,610,288,446,447,611,612,449],"class_list":{"0":"post-1621","1":"product","2":"type-product","3":"status-publish","4":"has-post-thumbnail","6":"product_cat-anpi-aulo-magrini-arturo-sezione-val-but","7":"product_cat-biografie","8":"product_cat-storia","9":"product_tag-alessandra-kersevan","10":"product_tag-anna-di-qual","11":"product_tag-aulo-magrini","12":"product_tag-boris-maieron","13":"product_tag-denis-baron","14":"product_tag-fascismo","15":"product_tag-guerra-antifascista-in-europa","16":"product_tag-leonardo-zanier","17":"product_tag-lotta-antifascista","18":"product_tag-lotta-partigiana","19":"product_tag-medico-dei-partigiani","20":"product_tag-nazismo","21":"product_tag-partigiani-carnici","22":"product_tag-partigiani-friulani","23":"product_tag-partigiano-carnico","24":"product_tag-resistenza-in-carnia","25":"product_tag-resistenza-in-friuli","26":"product_tag-seconda-guerra-mondiale","27":"product_tag-seconda-guerra-mondiale-in-friuli","28":"product_tag-seconda-guerra-mondiale-in-italia","29":"product_tag-storia-della-resistenza","30":"product_tag-storia-della-resistenza-in-friuli","31":"product_tag-terzo-reich","33":"first","34":"instock","35":"shipping-taxable","36":"purchasable","37":"product-type-simple","38":"customify-col"},"_links":{"self":[{"href":"https:\/\/shop.kappavu.it\/KV\/wp-json\/wp\/v2\/product\/1621","targetHints":{"allow":["GET"]}}],"collection":[{"href":"https:\/\/shop.kappavu.it\/KV\/wp-json\/wp\/v2\/product"}],"about":[{"href":"https:\/\/shop.kappavu.it\/KV\/wp-json\/wp\/v2\/types\/product"}],"replies":[{"embeddable":true,"href":"https:\/\/shop.kappavu.it\/KV\/wp-json\/wp\/v2\/comments?post=1621"}],"wp:featuredmedia":[{"embeddable":true,"href":"https:\/\/shop.kappavu.it\/KV\/wp-json\/wp\/v2\/media\/1417"}],"wp:attachment":[{"href":"https:\/\/shop.kappavu.it\/KV\/wp-json\/wp\/v2\/media?parent=1621"}],"wp:term":[{"taxonomy":"product_brand","embeddable":true,"href":"https:\/\/shop.kappavu.it\/KV\/wp-json\/wp\/v2\/product_brand?post=1621"},{"taxonomy":"product_cat","embeddable":true,"href":"https:\/\/shop.kappavu.it\/KV\/wp-json\/wp\/v2\/product_cat?post=1621"},{"taxonomy":"product_tag","embeddable":true,"href":"https:\/\/shop.kappavu.it\/KV\/wp-json\/wp\/v2\/product_tag?post=1621"}],"curies":[{"name":"wp","href":"https:\/\/api.w.org\/{rel}","templated":true}]}}