{"id":1619,"date":"2022-02-28T19:12:14","date_gmt":"2022-02-28T18:12:14","guid":{"rendered":"https:\/\/shop.kappavu.it\/KV\/?post_type=product&#038;p=1619"},"modified":"2022-05-16T23:44:39","modified_gmt":"2022-05-16T21:44:39","slug":"autoantologia","status":"publish","type":"product","link":"https:\/\/shop.kappavu.it\/KV\/prodotto\/autoantologia\/","title":{"rendered":"AUTOANTOLOGIA"},"content":{"rendered":"<h4><\/h4>\n<h4>\u00abGiunto alla tonda et\u00e0 di sessant\u2019anni, un traguardo che vivo come uno spartiacque, senza sapere quali saranno le nuove acque\u2026 diciamo che mi faccio un regalo. Se poi questo regalo sar\u00e0 gradito anche ad altri, ben venga. Non \u00e8 soltanto un capriccio, n\u00e9 una semplice scelta di versi. \u00c8 una camminata ideale per ripercorrere fatti, concetti, impressioni e sentimenti di una vita.\u00bb<\/h4>\n<p>&nbsp;<\/p>\n<p><strong>RECENSIONE di <span style=\"color: #ff0000;\">Antonella Sbuelz<\/span> sul <em>Messaggero Veneto<\/em> del 20\/12\/2020<\/strong><\/p>\n<p><img fetchpriority=\"high\" decoding=\"async\" class=\"alignnone size-large wp-image-1620\" src=\"https:\/\/shop.kappavu.it\/KV\/wp-content\/uploads\/2022\/02\/recensione-Autoantologia-su-MV-Sbuelz-20.12.2020-643x1024.jpg\" alt=\"\" width=\"643\" height=\"1024\" srcset=\"https:\/\/shop.kappavu.it\/KV\/wp-content\/uploads\/2022\/02\/recensione-Autoantologia-su-MV-Sbuelz-20.12.2020-643x1024.jpg 643w, https:\/\/shop.kappavu.it\/KV\/wp-content\/uploads\/2022\/02\/recensione-Autoantologia-su-MV-Sbuelz-20.12.2020-188x300.jpg 188w, https:\/\/shop.kappavu.it\/KV\/wp-content\/uploads\/2022\/02\/recensione-Autoantologia-su-MV-Sbuelz-20.12.2020-768x1224.jpg 768w, https:\/\/shop.kappavu.it\/KV\/wp-content\/uploads\/2022\/02\/recensione-Autoantologia-su-MV-Sbuelz-20.12.2020-300x478.jpg 300w, https:\/\/shop.kappavu.it\/KV\/wp-content\/uploads\/2022\/02\/recensione-Autoantologia-su-MV-Sbuelz-20.12.2020-600x956.jpg 600w, https:\/\/shop.kappavu.it\/KV\/wp-content\/uploads\/2022\/02\/recensione-Autoantologia-su-MV-Sbuelz-20.12.2020.jpg 777w\" sizes=\"(max-width: 643px) 100vw, 643px\" \/><\/p>\n","protected":false},"excerpt":{"rendered":"<h3><span style=\"color: #800000;\"><em>UN GESTO DI CONSAPEVOLE PRESUNZIONE<\/em><\/span><\/h3>\n<p>&nbsp;<\/p>\n<h4>di <strong><a href=\"http:\/\/shop.kappavu.it\/KV\/autori-mz\/#valerio-marchi\">VALERIO MARCHI<\/a><\/strong><\/h4>\n<p><strong>\u00abGiunto alla tonda et\u00e0 di sessant\u2019anni, un traguardo che vivo come uno spartiacque, senza sapere quali saranno le nuove acque\u2026 diciamo che mi faccio un regalo. Se poi questo regalo sar\u00e0 gradito anche ad altri, ben venga. Non \u00e8 soltanto un capriccio, n\u00e9 una semplice scelta di versi. \u00c8 una camminata ideale per ripercorrere fatti, concetti, impressioni e sentimenti di una vita.\u00bb<\/strong><\/p>\n<p>&nbsp;<\/p>\n","protected":false},"featured_media":1419,"comment_status":"open","ping_status":"closed","template":"","meta":[],"product_brand":[],"product_cat":[27,213],"product_tag":[551,376,595,380,596,597,303,304,233],"class_list":{"0":"post-1619","1":"product","2":"type-product","3":"status-publish","4":"has-post-thumbnail","6":"product_cat-poesia","7":"product_cat-valerio-marchi","8":"product_tag-autore-friulano","9":"product_tag-autori-friulani","10":"product_tag-poesia-friulana","11":"product_tag-poesie-di-autori-friulani","12":"product_tag-poeta-friulano","13":"product_tag-poeti-friulani","14":"product_tag-raccolta-di-poesie","15":"product_tag-raccolta-di-poesie-friulane","16":"product_tag-valerio-marchi","18":"first","19":"instock","20":"shipping-taxable","21":"purchasable","22":"product-type-simple","23":"customify-col"},"_links":{"self":[{"href":"https:\/\/shop.kappavu.it\/KV\/wp-json\/wp\/v2\/product\/1619","targetHints":{"allow":["GET"]}}],"collection":[{"href":"https:\/\/shop.kappavu.it\/KV\/wp-json\/wp\/v2\/product"}],"about":[{"href":"https:\/\/shop.kappavu.it\/KV\/wp-json\/wp\/v2\/types\/product"}],"replies":[{"embeddable":true,"href":"https:\/\/shop.kappavu.it\/KV\/wp-json\/wp\/v2\/comments?post=1619"}],"wp:featuredmedia":[{"embeddable":true,"href":"https:\/\/shop.kappavu.it\/KV\/wp-json\/wp\/v2\/media\/1419"}],"wp:attachment":[{"href":"https:\/\/shop.kappavu.it\/KV\/wp-json\/wp\/v2\/media?parent=1619"}],"wp:term":[{"taxonomy":"product_brand","embeddable":true,"href":"https:\/\/shop.kappavu.it\/KV\/wp-json\/wp\/v2\/product_brand?post=1619"},{"taxonomy":"product_cat","embeddable":true,"href":"https:\/\/shop.kappavu.it\/KV\/wp-json\/wp\/v2\/product_cat?post=1619"},{"taxonomy":"product_tag","embeddable":true,"href":"https:\/\/shop.kappavu.it\/KV\/wp-json\/wp\/v2\/product_tag?post=1619"}],"curies":[{"name":"wp","href":"https:\/\/api.w.org\/{rel}","templated":true}]}}