{"id":1617,"date":"2022-02-28T18:43:50","date_gmt":"2022-02-28T17:43:50","guid":{"rendered":"https:\/\/shop.kappavu.it\/KV\/?post_type=product&#038;p=1617"},"modified":"2023-05-17T01:33:53","modified_gmt":"2023-05-16T23:33:53","slug":"berlusconiane","status":"publish","type":"product","link":"https:\/\/shop.kappavu.it\/KV\/prodotto\/berlusconiane\/","title":{"rendered":"BERLUSCONIANE"},"content":{"rendered":"<h4><\/h4>\n<h4>Pu\u00f2 accadere che stando fuori dal coro la voce risulti stonata.\u00a0\u00c8 sempre cos\u00ec in momenti di smarrimento. Dall\u2019altro lato c\u2019\u00e8 il brusio indistinto del misticismo, che nei settori pi\u00f9 raffinati e colti diventa misticismo tecnologico al cui centro fraseggia e lampeggia il computer. O estetismo o disimpegno. Nella sua totale inutilit\u00e0 come non merce per eccellenza, la poesia, probabilmente, fuori dal coro per forza di gravit\u00e0 sociale, acquista una sua stridente atonalit\u00e0 e una sua particolare forza di gravit\u00e0 la cui a-socialit\u00e0 \u00e8 disperata lotta per rientrare in un equilibrio di compensazione con la dialettica del mondo moderno.<\/h4>\n<h4>Le schegge che Morandini esplode fanno parte della lotta della letteratura, di certa letteratura, di poca letteratura, di una nuova idea della letteratura che poco contiene (anche se pur contiene) del vecchio e cos\u00ec rabbiosamente contrastato\u00a0<em>engagement<\/em>.<\/h4>\n<h4>L\u2019elemento pi\u00f9 problematico di questa poesia \u00e8 che essa presuppone, marxianamente, la necessit\u00e0 di perdere quell\u2019insensata aura di totale esclusione dai rapporti fra gli uomini che una ritualit\u00e0 piccolo borghese le ha sempre, a torto, attribuito, e di rientrare nella corrente, assumendosi, nel bene e nel male, tutte le caratteristiche della merce,\u00a0<em>il cui arcano consiste semplicemente nel fatto che tale forma rimanda agli uomini come uno specchio i caratteri del proprio lavoro<\/em>.<\/h4>\n<h4>Ed \u00e8 proprio\u00a0<em>guardandosi<\/em>\u00a0in queste poesie e seguendo le spirali dei disegni di Cragnolini che il passivo lettore pu\u00f2 iniziare il suo attivo cammino di attivo attore.<\/h4>\n<h4>Allora \u00e8 possibile, ch\u00e9 di una possibilit\u00e0 si tratta, rientrare nel coro, cos\u00ec come succede, appunto, alla\u00a0<em>vox organalis<\/em>, al\u00a0<em>discanto<\/em>\u00a0insomma, la cui natura \u00e8 quella di dar origine, nella musica alla polifonia, e nella societ\u00e0 ad un nuovo ed intonato coro alternativo.<\/h4>\n<h4>\u00c8 interessante notare che un sinonimo di alternare \u00e8 cambiare e che un sinonimo di cambiare \u00e8 rivoluzionare.<\/h4>\n<h4><em>(dall\u2019introduzione di Tito Maniacco)<\/em><\/h4>\n<p>&nbsp;<\/p>\n","protected":false},"excerpt":{"rendered":"<p>&nbsp;<\/p>\n<h4>di <strong><a href=\"http:\/\/shop.kappavu.it\/KV\/autori-al\/#luciano-morandini\">LUCIANO MORANDINI<\/a><\/strong><\/h4>\n<p><strong>L\u2019elemento pi\u00f9 problematico di questa poesia \u00e8 che essa presuppone, marxianamente, la necessit\u00e0 di perdere quell\u2019insensata aura di totale esclusione dai rapporti fra gli uomini che una ritualit\u00e0 piccolo borghese le ha sempre, a torto, attribuito, e di rientrare nella corrente, assumendosi, nel bene e nel male, tutte le caratteristiche della merce,\u00a0<em>il cui arcano consiste semplicemente nel fatto che tale forma rimanda agli uomini come uno specchio i caratteri del proprio lavoro<\/em>.<\/strong><\/p>\n<p><strong><em>(dall\u2019introduzione di Tito Maniacco)<\/em><\/strong><\/p>\n<h5><span style=\"color: #800000;\"><strong>Con cinque disegni di Tonino Cragnolini<\/strong><\/span><\/h5>\n<p>&nbsp;<\/p>\n","protected":false},"featured_media":1421,"comment_status":"open","ping_status":"closed","template":"","meta":[],"product_brand":[],"product_cat":[25,167,27],"product_tag":[376,565,380,379,303,304,568,566,567],"class_list":{"0":"post-1617","1":"product","2":"type-product","3":"status-publish","4":"has-post-thumbnail","6":"product_cat-discanto","7":"product_cat-luciano-morandini","8":"product_cat-poesia","9":"product_tag-autori-friulani","10":"product_tag-luciano-morandini","11":"product_tag-poesie-di-autori-friulani","12":"product_tag-poesie-friulane","13":"product_tag-raccolta-di-poesie","14":"product_tag-raccolta-di-poesie-friulane","15":"product_tag-silvio-berlusconi","16":"product_tag-tito-maniacco","17":"product_tag-tonino-cragnolini","19":"first","20":"instock","21":"shipping-taxable","22":"purchasable","23":"product-type-simple","24":"customify-col"},"_links":{"self":[{"href":"https:\/\/shop.kappavu.it\/KV\/wp-json\/wp\/v2\/product\/1617","targetHints":{"allow":["GET"]}}],"collection":[{"href":"https:\/\/shop.kappavu.it\/KV\/wp-json\/wp\/v2\/product"}],"about":[{"href":"https:\/\/shop.kappavu.it\/KV\/wp-json\/wp\/v2\/types\/product"}],"replies":[{"embeddable":true,"href":"https:\/\/shop.kappavu.it\/KV\/wp-json\/wp\/v2\/comments?post=1617"}],"wp:featuredmedia":[{"embeddable":true,"href":"https:\/\/shop.kappavu.it\/KV\/wp-json\/wp\/v2\/media\/1421"}],"wp:attachment":[{"href":"https:\/\/shop.kappavu.it\/KV\/wp-json\/wp\/v2\/media?parent=1617"}],"wp:term":[{"taxonomy":"product_brand","embeddable":true,"href":"https:\/\/shop.kappavu.it\/KV\/wp-json\/wp\/v2\/product_brand?post=1617"},{"taxonomy":"product_cat","embeddable":true,"href":"https:\/\/shop.kappavu.it\/KV\/wp-json\/wp\/v2\/product_cat?post=1617"},{"taxonomy":"product_tag","embeddable":true,"href":"https:\/\/shop.kappavu.it\/KV\/wp-json\/wp\/v2\/product_tag?post=1617"}],"curies":[{"name":"wp","href":"https:\/\/api.w.org\/{rel}","templated":true}]}}