{"id":1615,"date":"2022-02-28T18:21:47","date_gmt":"2022-02-28T17:21:47","guid":{"rendered":"https:\/\/shop.kappavu.it\/KV\/?post_type=product&#038;p=1615"},"modified":"2025-07-29T14:00:49","modified_gmt":"2025-07-29T12:00:49","slug":"camaleonti-e-porcospini","status":"publish","type":"product","link":"https:\/\/shop.kappavu.it\/KV\/prodotto\/camaleonti-e-porcospini\/","title":{"rendered":"CAMALEONTI E PORCOSPINI"},"content":{"rendered":"<h4><\/h4>\n<h4>Il tradimento segna, con dolorosa personale responsabilit\u00e0, le vicende dei protagonisti del romanzo, che fanno rivivere nelle loro esistenze la storia del Friuli contemporaneo. Eppure non doveva andare cos\u00ec. A ondate ricorrenti la ribellione \u00e8 montata sempre, per arenarsi poi davanti alla diga costruita dal potere. Non un\u2019entit\u00e0 astratta, straniera e forestiera, ma uomini in carne ed ossa, classi dominanti e servi accondiscendenti. Nomi e cognomi che possiamo intravedere dietro le maschere del romanzo, cronache che possiamo rileggere nei quotidiani e non nella finzione, preveggente per altro, del libro. S\u00ec qualcuno ha tradito, non solo. Ha perso la partita: \u00abCi hanno lasciato giocare per un po\u2019 a Monopoli, anche barare, solo un pochino per\u00f2, perch\u00e9 siamo friulani, ora il padrone del gioco se ne torna a casa, perch\u00e9 la mamma l\u2019ha richiamato per la cena e si porta via tutto. Raccattate i soldi finti e mettete via le casette. Anche Parco della Vittoria non vale pi\u00f9 nulla\u00bb. La grande battaglia \u00e8 alle porte.<\/h4>\n<h4><em>Andrea Valcic<\/em><\/h4>\n<p>&nbsp;<\/p>\n","protected":false},"excerpt":{"rendered":"<p>&nbsp;<\/p>\n<h4>di <strong><a href=\"http:\/\/shop.kappavu.it\/KV\/autori-al\/#franco-marchetta\">FRANCO MARCHETTA<\/a><\/strong><\/h4>\n<p><strong>Siamo nel Friuli contemporaneo in cui si snoda, in parallelo, la vicenda dei protagonisti giunti a un punto decisivo della propria esistenza. Un episodio sospetto, un imbroglio ai danni della salute pubblica, costringer\u00e0 tutti a delle scelte di campo disegnando l\u2019immagine di un Friuli dove la crisi economica gi\u00e0 nel 2005 mostra i suoi primi segnali preoccupanti. Un\u2019inchiesta giornalistica si arena nel pantano del consociativismo e del rispetto delle gerarchie sociali. Su questo sfondo si intrecciano le vite dei personaggi, con i loro ricordi, i loro amori, i loro dubbi, le loro coscienze, i loro rimorsi.<\/strong><\/p>\n<p>&nbsp;<\/p>\n","protected":false},"featured_media":1423,"comment_status":"open","ping_status":"closed","template":"","meta":[],"product_brand":[],"product_cat":[139,18],"product_tag":[553,551,552,555,554,538,550,556],"class_list":{"0":"post-1615","1":"product","2":"type-product","3":"status-publish","4":"has-post-thumbnail","6":"product_cat-franco-marchetta","7":"product_cat-narrativa","8":"product_tag-andrea-valcic","9":"product_tag-autore-friulano","10":"product_tag-codroipo","11":"product_tag-franco-marchetta","12":"product_tag-friuli","13":"product_tag-romanzo-ambientato-in-friuli","14":"product_tag-romanzo-friulano","15":"product_tag-romanzo-sul-friuli","17":"first","18":"instock","19":"sale","20":"shipping-taxable","21":"purchasable","22":"product-type-simple","23":"customify-col"},"_links":{"self":[{"href":"https:\/\/shop.kappavu.it\/KV\/wp-json\/wp\/v2\/product\/1615","targetHints":{"allow":["GET"]}}],"collection":[{"href":"https:\/\/shop.kappavu.it\/KV\/wp-json\/wp\/v2\/product"}],"about":[{"href":"https:\/\/shop.kappavu.it\/KV\/wp-json\/wp\/v2\/types\/product"}],"replies":[{"embeddable":true,"href":"https:\/\/shop.kappavu.it\/KV\/wp-json\/wp\/v2\/comments?post=1615"}],"wp:featuredmedia":[{"embeddable":true,"href":"https:\/\/shop.kappavu.it\/KV\/wp-json\/wp\/v2\/media\/1423"}],"wp:attachment":[{"href":"https:\/\/shop.kappavu.it\/KV\/wp-json\/wp\/v2\/media?parent=1615"}],"wp:term":[{"taxonomy":"product_brand","embeddable":true,"href":"https:\/\/shop.kappavu.it\/KV\/wp-json\/wp\/v2\/product_brand?post=1615"},{"taxonomy":"product_cat","embeddable":true,"href":"https:\/\/shop.kappavu.it\/KV\/wp-json\/wp\/v2\/product_cat?post=1615"},{"taxonomy":"product_tag","embeddable":true,"href":"https:\/\/shop.kappavu.it\/KV\/wp-json\/wp\/v2\/product_tag?post=1615"}],"curies":[{"name":"wp","href":"https:\/\/api.w.org\/{rel}","templated":true}]}}