{"id":1610,"date":"2022-02-28T17:32:23","date_gmt":"2022-02-28T16:32:23","guid":{"rendered":"https:\/\/shop.kappavu.it\/KV\/?post_type=product&#038;p=1610"},"modified":"2026-04-03T15:54:42","modified_gmt":"2026-04-03T13:54:42","slug":"chiavi-di-riserva","status":"publish","type":"product","link":"https:\/\/shop.kappavu.it\/KV\/prodotto\/chiavi-di-riserva\/","title":{"rendered":"CHIAVI DI RISERVA"},"content":{"rendered":"<h4><\/h4>\n<h4>Un narrare commovente ma mai nostalgico, anzi lancinante nel ricordo di comportamenti parentali segnati dal principio di autorit\u00e0 di un padre che parlava poco e comandava, a trascinare una giovane donna indietro, in un mondo che oggi ci sembra lontano non solo nel tempo ma addirittura nello spazio, come fossero usanze e linguaggi di altra gente.<br \/>\nTutto ci\u00f2 che \u00e8 stato viene scelto e raccontato dall\u2019Autrice per conoscere meglio se stessa e per cercare di dar esistenza a ci\u00f2 che andrebbe perso, in un legame indissolubile tra individualit\u00e0 e collettivit\u00e0. In questo ripensare il padre con gli occhi di quand\u2019era bambina e ragazza, in questo \u201ccorpo a corpo\u201d con l\u2019immagine interiorizzata nel ricordo, coglie oggi preoccupazioni, motivazioni, sentimenti e valori che allora nella contrapposizione esistenziale non poteva riconoscere. \u00c8 l\u2019effetto terapeutico della memoria unita alla scrittura, che \u00e8 lacerante, ma d\u00e0 senso al senso.<\/h4>\n<p>&nbsp;<\/p>\n<p><strong><span style=\"color: #ff0000;\">RECENSIONE<\/span> de <em>Il Gazzettino<\/em>:<\/strong><\/p>\n<p><img fetchpriority=\"high\" decoding=\"async\" class=\"alignnone size-large wp-image-1612\" src=\"https:\/\/shop.kappavu.it\/KV\/wp-content\/uploads\/2022\/02\/chiavi-di-riserva-il-Gazzettino-foto-1024x373.jpg\" alt=\"\" width=\"843\" height=\"307\" srcset=\"https:\/\/shop.kappavu.it\/KV\/wp-content\/uploads\/2022\/02\/chiavi-di-riserva-il-Gazzettino-foto-1024x373.jpg 1024w, https:\/\/shop.kappavu.it\/KV\/wp-content\/uploads\/2022\/02\/chiavi-di-riserva-il-Gazzettino-foto-300x109.jpg 300w, https:\/\/shop.kappavu.it\/KV\/wp-content\/uploads\/2022\/02\/chiavi-di-riserva-il-Gazzettino-foto-768x280.jpg 768w, https:\/\/shop.kappavu.it\/KV\/wp-content\/uploads\/2022\/02\/chiavi-di-riserva-il-Gazzettino-foto-600x219.jpg 600w, https:\/\/shop.kappavu.it\/KV\/wp-content\/uploads\/2022\/02\/chiavi-di-riserva-il-Gazzettino-foto.jpg 1459w\" sizes=\"(max-width: 843px) 100vw, 843px\" \/><\/p>\n<p>&nbsp;<\/p>\n<p><strong><span style=\"color: #ff0000;\">RECENSIONE<\/span> de <em>Il Piccolo<\/em>:<\/strong><\/p>\n<p><img decoding=\"async\" class=\"alignnone size-large wp-image-1613\" src=\"https:\/\/shop.kappavu.it\/KV\/wp-content\/uploads\/2022\/02\/chiavi-di-riserva-il-Piccolo-TS-tagliata-1024x342.jpg\" alt=\"\" width=\"843\" height=\"282\" srcset=\"https:\/\/shop.kappavu.it\/KV\/wp-content\/uploads\/2022\/02\/chiavi-di-riserva-il-Piccolo-TS-tagliata-1024x342.jpg 1024w, https:\/\/shop.kappavu.it\/KV\/wp-content\/uploads\/2022\/02\/chiavi-di-riserva-il-Piccolo-TS-tagliata-300x100.jpg 300w, https:\/\/shop.kappavu.it\/KV\/wp-content\/uploads\/2022\/02\/chiavi-di-riserva-il-Piccolo-TS-tagliata-768x257.jpg 768w, https:\/\/shop.kappavu.it\/KV\/wp-content\/uploads\/2022\/02\/chiavi-di-riserva-il-Piccolo-TS-tagliata-600x200.jpg 600w, https:\/\/shop.kappavu.it\/KV\/wp-content\/uploads\/2022\/02\/chiavi-di-riserva-il-Piccolo-TS-tagliata.jpg 1374w\" sizes=\"(max-width: 843px) 100vw, 843px\" \/><\/p>\n<p>&nbsp;<\/p>\n<p><strong><span style=\"color: #ff0000;\">RECENSIONE<\/span> su <em>Iuncturae<\/em>:<\/strong><\/p>\n<p><a href=\"http:\/\/www.iuncturae.eu\/2020\/08\/11\/la-memoria-e-il-segreto-della-parola-ritrovata\/\">http:\/\/www.iuncturae.eu\/2020\/08\/11\/la-memoria-e-il-segreto-della-parola-ritrovata\/<\/a><\/p>\n<p>&nbsp;<\/p>\n","protected":false},"excerpt":{"rendered":"<p>&nbsp;<\/p>\n<h4>di <strong><a href=\"http:\/\/shop.kappavu.it\/KV\/autori-al\/#carmen-gasparotto\">CARMEN GASPAROTTO<\/a><\/strong><\/h4>\n<p><strong><em>Chiavi di riserva<\/em>\u00a0\u00e8 un racconto autobiografico tra due epoche, tra il prima e il dopo di quegli anni \u201860 che hanno cambiato in maniera cos\u00ec radicale la vita e il sentire della generazione nata intorno al boom economico.<\/strong><br \/>\n<strong>Un breve romanzo che porta nel cuore del\u00a0<em>passaggio<\/em>, in un momento in cui la campagna non era gi\u00e0 pi\u00f9 il luogo in cui si faceva la storia, ma i suoi modi e i suoi usi avevano ancora la forza di condizionare vite proiettate verso un futuro diverso per aspettative e possibilit\u00e0.<\/strong><\/p>\n<p>&nbsp;<\/p>\n","protected":false},"featured_media":1425,"comment_status":"open","ping_status":"closed","template":"","meta":[],"product_brand":[],"product_cat":[105,18],"product_tag":[535,456,536,459,260,460,537,538,539,540],"class_list":{"0":"post-1610","1":"product","2":"type-product","3":"status-publish","4":"has-post-thumbnail","6":"product_cat-carmen-gasparotto","7":"product_cat-narrativa","8":"product_tag-autrice-friulana","9":"product_tag-carmen-gasparotto","10":"product_tag-narrativa-di-autori-friulani","11":"product_tag-narrativa-friulana","12":"product_tag-racconti-brevi","13":"product_tag-racconti-di-introspezione","14":"product_tag-romanzo-al-femminile","15":"product_tag-romanzo-ambientato-in-friuli","16":"product_tag-romanzo-autobiografico","17":"product_tag-romanzo-di-vita","19":"first","20":"instock","21":"shipping-taxable","22":"purchasable","23":"product-type-simple","24":"customify-col"},"_links":{"self":[{"href":"https:\/\/shop.kappavu.it\/KV\/wp-json\/wp\/v2\/product\/1610","targetHints":{"allow":["GET"]}}],"collection":[{"href":"https:\/\/shop.kappavu.it\/KV\/wp-json\/wp\/v2\/product"}],"about":[{"href":"https:\/\/shop.kappavu.it\/KV\/wp-json\/wp\/v2\/types\/product"}],"replies":[{"embeddable":true,"href":"https:\/\/shop.kappavu.it\/KV\/wp-json\/wp\/v2\/comments?post=1610"}],"wp:featuredmedia":[{"embeddable":true,"href":"https:\/\/shop.kappavu.it\/KV\/wp-json\/wp\/v2\/media\/1425"}],"wp:attachment":[{"href":"https:\/\/shop.kappavu.it\/KV\/wp-json\/wp\/v2\/media?parent=1610"}],"wp:term":[{"taxonomy":"product_brand","embeddable":true,"href":"https:\/\/shop.kappavu.it\/KV\/wp-json\/wp\/v2\/product_brand?post=1610"},{"taxonomy":"product_cat","embeddable":true,"href":"https:\/\/shop.kappavu.it\/KV\/wp-json\/wp\/v2\/product_cat?post=1610"},{"taxonomy":"product_tag","embeddable":true,"href":"https:\/\/shop.kappavu.it\/KV\/wp-json\/wp\/v2\/product_tag?post=1610"}],"curies":[{"name":"wp","href":"https:\/\/api.w.org\/{rel}","templated":true}]}}