{"id":1609,"date":"2022-02-28T17:13:41","date_gmt":"2022-02-28T16:13:41","guid":{"rendered":"https:\/\/shop.kappavu.it\/KV\/?post_type=product&#038;p=1609"},"modified":"2025-07-29T22:53:07","modified_gmt":"2025-07-29T20:53:07","slug":"cjantis-e-rimarolis-pai-frutins","status":"publish","type":"product","link":"https:\/\/shop.kappavu.it\/KV\/prodotto\/cjantis-e-rimarolis-pai-frutins\/","title":{"rendered":"CJANTIS E RIMAROLIS PAI FRUTINS"},"content":{"rendered":"<h4><\/h4>\n<h4>Un lav\u00f4r zaromai \u201cstoric\u201d, che al \u00e0 compagn\u00e2t gjenerazions di fruts furlans. Librut e CD a proponin cjan\u00e7ons e filastrocjis pensadis a di pueste par un percors didatic divertent, inte scuele de infanzie e dal prin cicli des element\u00e2rs. Si scolte, si cjante, si cjalin lis bielis ilustrazions di Altan.<\/h4>\n<h4><em>Un lavoro ormai \u201cstorico\u201d, che ha accompagnato generazioni di bambini friulani. Libretto e CD propongono canzoni e filastrocche pensate apposta per un percorso didattico divertente nelle scuole dell\u2019infanzia e del primo ciclo delle elementari. Si ascolta, si canta, si guardano le belle illustrazioni di Altan.<\/em><\/h4>\n<p>&nbsp;<\/p>\n","protected":false},"excerpt":{"rendered":"<p>&nbsp;<\/p>\n<h4>di <strong><a href=\"http:\/\/shop.kappavu.it\/KV\/autori-al\/#alessandra-kersevan\">ALESSANDRA KERSEVAN<\/a><\/strong>\u00a0e\u00a0<strong><a href=\"http:\/\/shop.kappavu.it\/KV\/autori-al\/#giancarlo-velliscig\">GIANCARLO VELLISCIG<\/a><\/strong><\/h4>\n<p><strong>Un lav\u00f4r zaromai \u201cstoric\u201d, che al \u00e0 compagn\u00e2t gjenerazions di fruts furlans. Librut e CD a proponin cjan\u00e7ons e filastrocjis pensadis a di pueste par un percors didatic divertent, inte scuele de infanzie e dal prin cicli des element\u00e2rs. Si scolte, si cjante, si cjalin lis bielis ilustrazions di Altan.<\/strong><\/p>\n<p><strong>Peraulis di\u00a0Alessandra Kersevan\u00a0e\u00a0Giancarlo Velliscig<\/strong><br \/>\n<strong>Musiche di\u00a0Giancarlo Velliscig<\/strong><br \/>\n<strong>Dissens di\u00a0Francesco T. Altan, progjet grafic di\u00a0Renato Calligaro<\/strong><br \/>\n<strong>I tescj dai \u201cDisleelenghis\u201d a son gjav\u00e2ts f\u00fbr di \u201cSacheburache\u201d di\u00a0Dino Virgili<\/strong><br \/>\n<strong>Ideazion e notis didatichis di <a href=\"http:\/\/shop.kappavu.it\/KV\/autori-mz\/#silvana-schiavi-fachin\">SILVANA SCHIAVI FACHIN<\/a><\/strong><\/p>\n<p>&nbsp;<\/p>\n<p><span style=\"color: #800000;\"><strong>I EDIZIONE 1987, II ed. 2003, III ed. 2012<\/strong><\/span><\/p>\n<p><strong> CD aleg\u00e2t!<\/strong><\/p>\n<p>&nbsp;<\/p>\n","protected":false},"featured_media":1426,"comment_status":"open","ping_status":"closed","template":"","meta":[],"product_brand":[],"product_cat":[46,24,21,83,204],"product_tag":[529,524,525,526,409,411,527,414,415,528,410,523,530,416,417,531],"class_list":{"0":"post-1609","1":"product","2":"type-product","3":"status-publish","4":"has-post-thumbnail","6":"product_cat-alessandra-kersevan","7":"product_cat-didatiche","8":"product_cat-friulano","9":"product_cat-giancarlo-velliscig","10":"product_cat-silvana-schiavi-fachin","11":"product_tag-alessandra-kersevan","12":"product_tag-altan","13":"product_tag-canzoncine-in-friulano","14":"product_tag-canzoni-in-friulano","15":"product_tag-canzoni-per-bambini","16":"product_tag-cjancons-pai-fruts","17":"product_tag-cjantis","18":"product_tag-filastrocche","19":"product_tag-filastrocche-in-friulano","20":"product_tag-friulano","21":"product_tag-frutins","22":"product_tag-giancarlo-velliscig","23":"product_tag-pimpa","24":"product_tag-rimarolis","25":"product_tag-rimarolis-pai-frutins","26":"product_tag-silvana-schiavi","28":"first","29":"instock","30":"shipping-taxable","31":"purchasable","32":"product-type-simple","33":"customify-col"},"_links":{"self":[{"href":"https:\/\/shop.kappavu.it\/KV\/wp-json\/wp\/v2\/product\/1609","targetHints":{"allow":["GET"]}}],"collection":[{"href":"https:\/\/shop.kappavu.it\/KV\/wp-json\/wp\/v2\/product"}],"about":[{"href":"https:\/\/shop.kappavu.it\/KV\/wp-json\/wp\/v2\/types\/product"}],"replies":[{"embeddable":true,"href":"https:\/\/shop.kappavu.it\/KV\/wp-json\/wp\/v2\/comments?post=1609"}],"wp:featuredmedia":[{"embeddable":true,"href":"https:\/\/shop.kappavu.it\/KV\/wp-json\/wp\/v2\/media\/1426"}],"wp:attachment":[{"href":"https:\/\/shop.kappavu.it\/KV\/wp-json\/wp\/v2\/media?parent=1609"}],"wp:term":[{"taxonomy":"product_brand","embeddable":true,"href":"https:\/\/shop.kappavu.it\/KV\/wp-json\/wp\/v2\/product_brand?post=1609"},{"taxonomy":"product_cat","embeddable":true,"href":"https:\/\/shop.kappavu.it\/KV\/wp-json\/wp\/v2\/product_cat?post=1609"},{"taxonomy":"product_tag","embeddable":true,"href":"https:\/\/shop.kappavu.it\/KV\/wp-json\/wp\/v2\/product_tag?post=1609"}],"curies":[{"name":"wp","href":"https:\/\/api.w.org\/{rel}","templated":true}]}}