{"id":1608,"date":"2022-02-28T16:57:51","date_gmt":"2022-02-28T15:57:51","guid":{"rendered":"https:\/\/shop.kappavu.it\/KV\/?post_type=product&#038;p=1608"},"modified":"2025-06-08T17:21:02","modified_gmt":"2025-06-08T15:21:02","slug":"come-un-incantesimo","status":"publish","type":"product","link":"https:\/\/shop.kappavu.it\/KV\/prodotto\/come-un-incantesimo\/","title":{"rendered":"COME UN INCANTESIMO"},"content":{"rendered":"<h4><\/h4>\n<h4>Nel 1814 la sedicenne Mary Wollstonecraft Godwin, scrittrice e futura autrice di \u201cFrankenstein\u201d, figlia di due eminenti personalit\u00e0 della borghesia illuminata inglese, e il ventunenne Percy Bysshe Shelley, poeta, sposato e con figli, baronetto inviso alla sua classe sociale per la fama di ateo sovversivo e satanista, fuggono da Londra per vivere in libert\u00e0 la loro passione amorosa. Educati negli ideali della rivoluzione francese, sfidano ogni regola istituzionale: credono in un amore senza limiti, capace di traboccare oltre il rapporto di coppia. Ma, respinti da una societ\u00e0 in piena restaurazione, sono costretti a una fuga che diventer\u00e0 un esilio in Europa e poi in Italia. Fuga che durer\u00e0 otto anni, tra estasi di gioia, passione per la poesia e per la scrittura, angosce e lutti, fino alla tempesta repentina, da entrambi gi\u00e0 presentita e temuta come ineluttabile, che, in una splendida giornata di luglio, travolge Shelley in un naufragio e spezza la loro unione\u2026<\/h4>\n<p>&nbsp;<\/p>\n<p><strong>INTERVISTA di\u00a0<span style=\"color: #ff0000;\">EMANUELA BORGATTA<\/span>\u00a0su\u00a0<span style=\"color: #0000ff;\">manuwritesandreviews.com<\/span><\/strong><\/p>\n<p><a href=\"https:\/\/manuwritesandreviews.com\/2021\/07\/05\/come-un-incantesimo-mary-e-percy-shelley-nel-golfo-dei-poeti\/\">Come un incantesimo. Mary e Percy Shelley nel golfo dei&nbsp;poeti.<\/a><\/p>\n<p>&nbsp;<\/p>\n","protected":false},"excerpt":{"rendered":"<h4><span style=\"color: #800000;\"><em>MARY E PERCY SHELLEY NEL GOLFO DEI POETI<\/em><\/span><\/h4>\n<p>&nbsp;<\/p>\n<h4>di <strong><a href=\"http:\/\/shop.kappavu.it\/KV\/autori-al\/#carla-sanguineti\">CARLA SANGUINETI<\/a><\/strong><\/h4>\n<p><strong>Carla Sanguineti ricostruisce su base documentaria la loro vita, che trasforma poi in romanzo per una profonda adesione sentimentale ai vari personaggi, nella loro grandezza e anche nelle loro ombre. La narrazione si avvale cos\u00ec di immagini e visioni diventando un affresco di luoghi e tempi diversi, sullo sfondo drammatico della Rivoluzione Francese e della Restaurazione, di sette segrete e inquisizioni poliziesche, alla vigilia dei moti rivoluzionari del 1820. Quasi un caleidoscopio che ruota intorno alle passioni dei due amanti e di quanti, intorno a loro, come Lord Byron, e prima ancora Mary Wollstonecraft e Olympe de Gouges, erano pronti a morire per la giustizia e la libert\u00e0 dei popoli: quegli stessi ideali che hanno pervaso intere generazioni nel corso dell\u2019800 e anche del \u2019900 fino ai giorni nostri\u2026<\/strong><\/p>\n<p>&nbsp;<\/p>\n","protected":false},"featured_media":1428,"comment_status":"open","ping_status":"closed","template":"","meta":[],"product_brand":[],"product_cat":[23,102,18],"product_tag":[508,517,518,509,510,511,512,513,514,515,516],"class_list":{"0":"post-1608","1":"product","2":"type-product","3":"status-publish","4":"has-post-thumbnail","6":"product_cat-biografie","7":"product_cat-carla-sanguineti","8":"product_cat-narrativa","9":"product_tag-508","10":"product_tag-biografia-di-mary-shelley","11":"product_tag-carla-sanguineti","12":"product_tag-frankenstein","13":"product_tag-golfo-dei-poeti","14":"product_tag-lord-byron","15":"product_tag-mary-shelley","16":"product_tag-mary-wollstonecraft","17":"product_tag-percy-shelley","18":"product_tag-restaurazione","19":"product_tag-sanguineti","21":"first","22":"instock","23":"sale","24":"shipping-taxable","25":"purchasable","26":"product-type-simple","27":"customify-col"},"_links":{"self":[{"href":"https:\/\/shop.kappavu.it\/KV\/wp-json\/wp\/v2\/product\/1608","targetHints":{"allow":["GET"]}}],"collection":[{"href":"https:\/\/shop.kappavu.it\/KV\/wp-json\/wp\/v2\/product"}],"about":[{"href":"https:\/\/shop.kappavu.it\/KV\/wp-json\/wp\/v2\/types\/product"}],"replies":[{"embeddable":true,"href":"https:\/\/shop.kappavu.it\/KV\/wp-json\/wp\/v2\/comments?post=1608"}],"wp:featuredmedia":[{"embeddable":true,"href":"https:\/\/shop.kappavu.it\/KV\/wp-json\/wp\/v2\/media\/1428"}],"wp:attachment":[{"href":"https:\/\/shop.kappavu.it\/KV\/wp-json\/wp\/v2\/media?parent=1608"}],"wp:term":[{"taxonomy":"product_brand","embeddable":true,"href":"https:\/\/shop.kappavu.it\/KV\/wp-json\/wp\/v2\/product_brand?post=1608"},{"taxonomy":"product_cat","embeddable":true,"href":"https:\/\/shop.kappavu.it\/KV\/wp-json\/wp\/v2\/product_cat?post=1608"},{"taxonomy":"product_tag","embeddable":true,"href":"https:\/\/shop.kappavu.it\/KV\/wp-json\/wp\/v2\/product_tag?post=1608"}],"curies":[{"name":"wp","href":"https:\/\/api.w.org\/{rel}","templated":true}]}}