{"id":1605,"date":"2022-02-27T22:39:34","date_gmt":"2022-02-27T21:39:34","guid":{"rendered":"https:\/\/shop.kappavu.it\/KV\/?post_type=product&#038;p=1605"},"modified":"2022-05-23T04:23:34","modified_gmt":"2022-05-23T02:23:34","slug":"eroine-del-mito","status":"publish","type":"product","link":"https:\/\/shop.kappavu.it\/KV\/prodotto\/eroine-del-mito\/","title":{"rendered":"EROINE DEL MITO Figurazioni"},"content":{"rendered":"<h4><\/h4>\n<h4>Non \u201cmiti originari\u201d, dunque, ma interpretazioni e interpretazioni di interpretazioni, sempre vitali, sempre contemporanee, poich\u00e9 l\u2019oscuro nucleo primitivo include il superamento di antinomie rigidamente razionali e d\u00e0 spazio alle sfumature pi\u00f9 recondite e imprevedibili del dispiegarsi delle passioni, proponendole alla capacit\u00e0 ordinatrice della parola.<\/h4>\n<p>&nbsp;<\/p>\n","protected":false},"excerpt":{"rendered":"<p>&nbsp;<\/p>\n<h4>di <strong><a href=\"http:\/\/shop.kappavu.it\/KV\/autori-al\/#gruppo-anna-achmatova\">GRUPPO ANNA ACHMATOVA<\/a><\/strong><\/h4>\n<h5>a cura di <strong><a href=\"http:\/\/shop.kappavu.it\/KV\/autori-mz\/#marina-giovannelli\">MARINA GIOVANNELLI<\/a><\/strong><\/h5>\n<p>&nbsp;<\/p>\n<p><strong>Chi pu\u00f2 dire che donna sia stata veramente Elena di Troia? Chi fu testimone del sacrificio di Alcesti?<\/strong><br \/>\n<strong>A chi risponde tragicamente la fanciulla Eco? E Circe, fu davvero perfida incantatrice?<\/strong><\/p>\n<p><strong>Queste e altre \u201ceroine\u201d, pensate in epoche imprecisate del pi\u00f9 lontano passato, sono state raccontate in diverse varianti, assumendo di volta in volta caratteristiche rispondenti ai tempi della storia e dell\u2019immaginazione, ai luoghi della geografia e della psiche. Si tratta di \u201cmiti letterari\u201d, che continuano a interrogare le profondit\u00e0 della natura umana e a confermarne l\u2019infinita capacit\u00e0 di narrazione.<\/strong><\/p>\n<p>&nbsp;<\/p>\n<h5><a href=\"https:\/\/www.youtube.com\/watch?v=WGRP-bk8fyw&amp;t=9s\"><span style=\"color: #000080;\"><strong>GUARDA IL VIDEO DI PRESENTAZIONE<\/strong><\/span><\/a><\/h5>\n<p>&nbsp;<\/p>\n","protected":false},"featured_media":1446,"comment_status":"open","ping_status":"closed","template":"","meta":[],"product_brand":[],"product_cat":[154,48,18],"product_tag":[464,465,466,385,457,467,468,469,470,471,394,472,473,474,459,261,475,476,260,477,478],"class_list":{"0":"post-1605","1":"product","2":"type-product","3":"status-publish","4":"has-post-thumbnail","6":"product_cat-gruppo-anna-achmatova","7":"product_cat-marina-giovannelli","8":"product_cat-narrativa","9":"product_tag-achmatova","10":"product_tag-alcesti","11":"product_tag-anna-achmatova","12":"product_tag-autrici-friulane","13":"product_tag-eco","14":"product_tag-elena-di-troia","15":"product_tag-eroine-greche","16":"product_tag-gruppi-di-scrittura","17":"product_tag-gruppo-di-scrittura","18":"product_tag-maga-circe","19":"product_tag-marina-giovannelli","20":"product_tag-miti","21":"product_tag-miti-greci","22":"product_tag-miti-originari","23":"product_tag-narrativa-friulana","24":"product_tag-raccolta-di-racconti","25":"product_tag-raccolta-di-racconti-brevi","26":"product_tag-raccolta-di-riacconti","27":"product_tag-racconti-brevi","28":"product_tag-rivisitazioni","29":"product_tag-scrittrici-friulane","31":"first","32":"instock","33":"shipping-taxable","34":"purchasable","35":"product-type-simple","36":"customify-col"},"_links":{"self":[{"href":"https:\/\/shop.kappavu.it\/KV\/wp-json\/wp\/v2\/product\/1605","targetHints":{"allow":["GET"]}}],"collection":[{"href":"https:\/\/shop.kappavu.it\/KV\/wp-json\/wp\/v2\/product"}],"about":[{"href":"https:\/\/shop.kappavu.it\/KV\/wp-json\/wp\/v2\/types\/product"}],"replies":[{"embeddable":true,"href":"https:\/\/shop.kappavu.it\/KV\/wp-json\/wp\/v2\/comments?post=1605"}],"wp:featuredmedia":[{"embeddable":true,"href":"https:\/\/shop.kappavu.it\/KV\/wp-json\/wp\/v2\/media\/1446"}],"wp:attachment":[{"href":"https:\/\/shop.kappavu.it\/KV\/wp-json\/wp\/v2\/media?parent=1605"}],"wp:term":[{"taxonomy":"product_brand","embeddable":true,"href":"https:\/\/shop.kappavu.it\/KV\/wp-json\/wp\/v2\/product_brand?post=1605"},{"taxonomy":"product_cat","embeddable":true,"href":"https:\/\/shop.kappavu.it\/KV\/wp-json\/wp\/v2\/product_cat?post=1605"},{"taxonomy":"product_tag","embeddable":true,"href":"https:\/\/shop.kappavu.it\/KV\/wp-json\/wp\/v2\/product_tag?post=1605"}],"curies":[{"name":"wp","href":"https:\/\/api.w.org\/{rel}","templated":true}]}}