{"id":1604,"date":"2022-02-27T22:10:49","date_gmt":"2022-02-27T21:10:49","guid":{"rendered":"https:\/\/shop.kappavu.it\/KV\/?post_type=product&#038;p=1604"},"modified":"2022-05-23T04:18:17","modified_gmt":"2022-05-23T02:18:17","slug":"eco","status":"publish","type":"product","link":"https:\/\/shop.kappavu.it\/KV\/prodotto\/eco\/","title":{"rendered":"\u00c8CO s. femminile, plurale"},"content":{"rendered":"<h4><\/h4>\n<h4>Esperimento molto interessante di due scrittrici che si mettono assieme in gioco, presentando ognuna le proprie storie (come loro amano chiamarle) ma in un intreccio di dialogo e narrazione che evidenzia una sintonia artistica notevole. Nei brevi dialoghi tra una storia e l\u2019altra, Carmen e Mariaelena raccontano anche se stesse, i corsi di scrittura creativa, le letture che le hanno ammaliate e guidate, le suggestioni ed emozioni che le spingono a scrivere: una originale riflessione sul \u201cmestiere\u201d del narrare.<\/h4>\n<p>&nbsp;<\/p>\n<p><strong>Recensione di Paolo Mosanghini sul \u201cMessaggero Veneto\u201d \u2013 febbraio 2017<\/strong><\/p>\n<p><img fetchpriority=\"high\" decoding=\"async\" class=\"alignnone size-full wp-image-2128\" src=\"https:\/\/shop.kappavu.it\/KV\/wp-content\/uploads\/2022\/02\/recensione-Eco-su-Messaggero-Veneto-6.2.2017.jpg\" alt=\"\" width=\"960\" height=\"306\" srcset=\"https:\/\/shop.kappavu.it\/KV\/wp-content\/uploads\/2022\/02\/recensione-Eco-su-Messaggero-Veneto-6.2.2017.jpg 960w, https:\/\/shop.kappavu.it\/KV\/wp-content\/uploads\/2022\/02\/recensione-Eco-su-Messaggero-Veneto-6.2.2017-300x96.jpg 300w, https:\/\/shop.kappavu.it\/KV\/wp-content\/uploads\/2022\/02\/recensione-Eco-su-Messaggero-Veneto-6.2.2017-768x245.jpg 768w, https:\/\/shop.kappavu.it\/KV\/wp-content\/uploads\/2022\/02\/recensione-Eco-su-Messaggero-Veneto-6.2.2017-600x191.jpg 600w\" sizes=\"(max-width: 960px) 100vw, 960px\" \/><\/p>\n<p>&nbsp;<\/p>\n<p><strong>Recensione su \u201cIl Piccolo\u201d \u2013 febbraio 2017<\/strong><\/p>\n<p><img decoding=\"async\" class=\"alignnone size-full wp-image-2129\" src=\"https:\/\/shop.kappavu.it\/KV\/wp-content\/uploads\/2022\/02\/recensione-Eco-su-Piccolo-16.2.2017.jpg\" alt=\"\" width=\"960\" height=\"220\" srcset=\"https:\/\/shop.kappavu.it\/KV\/wp-content\/uploads\/2022\/02\/recensione-Eco-su-Piccolo-16.2.2017.jpg 960w, https:\/\/shop.kappavu.it\/KV\/wp-content\/uploads\/2022\/02\/recensione-Eco-su-Piccolo-16.2.2017-300x69.jpg 300w, https:\/\/shop.kappavu.it\/KV\/wp-content\/uploads\/2022\/02\/recensione-Eco-su-Piccolo-16.2.2017-768x176.jpg 768w, https:\/\/shop.kappavu.it\/KV\/wp-content\/uploads\/2022\/02\/recensione-Eco-su-Piccolo-16.2.2017-600x138.jpg 600w\" sizes=\"(max-width: 960px) 100vw, 960px\" \/><\/p>\n<p>&nbsp;<\/p>\n<p><strong>Recensione di Antonio Errico su IUNCTURAE &#8211; aprile 2017<\/strong><\/p>\n<p><strong><a href=\"http:\/\/www.iuncturae.eu\/2017\/04\/17\/allo-specchio-della-memoria\/\">http:\/\/www.iuncturae.eu\/2017\/04\/17\/allo-specchio-della-memoria\/<\/a><\/strong><\/p>\n<p>&nbsp;<\/p>\n<p><strong>Recensione di Pierluigi Porazzi su ZONA DI DISAGIO &#8211; maggio 2017<\/strong><\/p>\n<p><strong><a href=\"https:\/\/zonadidisagio.wordpress.com\/2017\/05\/24\/tanti-mondi-tanta-vita\/\">https:\/\/zonadidisagio.wordpress.com\/2017\/05\/24\/tanti-mondi-tanta-vita\/<\/a><\/strong><\/p>\n<p>&nbsp;<\/p>\n","protected":false},"excerpt":{"rendered":"<p>&nbsp;<\/p>\n<h4>di <strong><a href=\"http:\/\/shop.kappavu.it\/KV\/autori-al\/#carmen-gasparotto\">CARMEN GASPAROTTO<\/a><\/strong>\u00a0e\u00a0<strong><a href=\"http:\/\/shop.kappavu.it\/KV\/autori-mz\/#mariaelena-porzio\">MARIAELENA PORZIO<\/a><\/strong><\/h4>\n<p><strong>Ventisei racconti in cui personaggi e ambienti sono indagati con i mezzi dell\u2019introspezione e delle conoscenze storiche, in un quadro accattivante e per certi versi sorprendente <\/strong><strong>dei destini dei protagonisti. Storie che non sono autobiografiche (se non per quanto di autobiografico chi scrive riversa sempre nella propria opera) ma che spaziano invece in tempi e ambiti molto diversi. Le unificano i luoghi, perch\u00e9 tutte hanno a che fare con gente del Friuli e della Venezia Giulia. E pur nella variet\u00e0 di genere e di stile narrativo, hanno la stessa scrittura asciutta, la stessa capacit\u00e0 immaginativa, per finali spesso folgoranti.<\/strong><\/p>\n<p>&nbsp;<\/p>\n","protected":false},"featured_media":1445,"comment_status":"open","ping_status":"closed","template":"","meta":[],"product_brand":[],"product_cat":[105,106,18],"product_tag":[455,456,457,458,459,261,260,460],"class_list":{"0":"post-1604","1":"product","2":"type-product","3":"status-publish","4":"has-post-thumbnail","6":"product_cat-carmen-gasparotto","7":"product_cat-mariaelena-porzio","8":"product_cat-narrativa","9":"product_tag-alberto-garlini","10":"product_tag-carmen-gasparotto","11":"product_tag-eco","12":"product_tag-mariaelena-porzio","13":"product_tag-narrativa-friulana","14":"product_tag-raccolta-di-racconti","15":"product_tag-racconti-brevi","16":"product_tag-racconti-di-introspezione","18":"first","19":"instock","20":"sale","21":"shipping-taxable","22":"purchasable","23":"product-type-simple","24":"customify-col"},"_links":{"self":[{"href":"https:\/\/shop.kappavu.it\/KV\/wp-json\/wp\/v2\/product\/1604","targetHints":{"allow":["GET"]}}],"collection":[{"href":"https:\/\/shop.kappavu.it\/KV\/wp-json\/wp\/v2\/product"}],"about":[{"href":"https:\/\/shop.kappavu.it\/KV\/wp-json\/wp\/v2\/types\/product"}],"replies":[{"embeddable":true,"href":"https:\/\/shop.kappavu.it\/KV\/wp-json\/wp\/v2\/comments?post=1604"}],"wp:featuredmedia":[{"embeddable":true,"href":"https:\/\/shop.kappavu.it\/KV\/wp-json\/wp\/v2\/media\/1445"}],"wp:attachment":[{"href":"https:\/\/shop.kappavu.it\/KV\/wp-json\/wp\/v2\/media?parent=1604"}],"wp:term":[{"taxonomy":"product_brand","embeddable":true,"href":"https:\/\/shop.kappavu.it\/KV\/wp-json\/wp\/v2\/product_brand?post=1604"},{"taxonomy":"product_cat","embeddable":true,"href":"https:\/\/shop.kappavu.it\/KV\/wp-json\/wp\/v2\/product_cat?post=1604"},{"taxonomy":"product_tag","embeddable":true,"href":"https:\/\/shop.kappavu.it\/KV\/wp-json\/wp\/v2\/product_tag?post=1604"}],"curies":[{"name":"wp","href":"https:\/\/api.w.org\/{rel}","templated":true}]}}