{"id":1602,"date":"2022-02-27T20:52:46","date_gmt":"2022-02-27T19:52:46","guid":{"rendered":"https:\/\/shop.kappavu.it\/KV\/?post_type=product&#038;p=1602"},"modified":"2022-05-23T02:52:31","modified_gmt":"2022-05-23T00:52:31","slug":"disvuedant-il-scansel","status":"publish","type":"product","link":"https:\/\/shop.kappavu.it\/KV\/prodotto\/disvuedant-il-scansel\/","title":{"rendered":"DISVUEDANT IL SCANSEL"},"content":{"rendered":"<h4><\/h4>\n<h4>In soffitta c\u2019era un vecchio com\u00f2 con una specchiera, un piano di marmo e quattro cassetti. I primi tre si\u00a0potevano aprire con la rispettiva chiave. Avevano dentro solo vecchi vestiti rosicchiati dalle tarme e dai\u00a0tarli quasi senza valore: un orologio fermo, occhiali da sole e da vista, riviste di sport. Max aveva preso\u00a0martello e scalpello per scardinare la serratura dell\u2019unico cassetto senza chiave, quello pi\u00f9 in basso\u2026\u00a0Cap\u00ec subito che si trovava di fronte alle memorie di suo zio. Lo zio era morto gi\u00e0 da tanti anni ma Max si\u00a0ricordava ancora della sua voce. Cominci\u00f2 a leggere con passione quel materiale scritto tutto in friulano:\u00a0gli sembrava che lo zio gli stesse parlando\u2026<\/h4>\n<p>&nbsp;<\/p>\n","protected":false},"excerpt":{"rendered":"<p>&nbsp;<\/p>\n<h4>di <strong><a href=\"http:\/\/shop.kappavu.it\/KV\/autori-al\/#checo-tam\">CHECO TAM<\/a><\/strong><\/h4>\n<p><strong>Sul cjast al jere un vecjo scrin cuntune specjere, un plan di marmul e cuatri scansei. I prins tr\u00ea si podevin vierzi cu la rispetive cl\u00e2f. A vevin dentri dome vecjos vistidats rose\u00e2ts des tarmis e dai catans cuasi cence val\u00f4r: un orloi fer, ocj\u00e2i di soreli e di viste, rivistis di sport. Max al veve cjapat in man martiel e scarpel par scantin\u00e2 la clavarie dal unic scansel cence cl\u00e2f, il plui in bas\u2026 Al cap\u00ec daurman che al jere di front a la memorie di so barbe. Il barbe al jere muart za di tancj agns ma Max si visave ancjem\u00f2 de s\u00f4 v\u00f4s. Al tac\u00e0 a lei cun passion chel materi\u00e2l dut scrit par furlan: alore i pareve che il barbe i stes fevelant\u2026<\/strong><\/p>\n<p>&nbsp;<\/p>\n","protected":false},"featured_media":1443,"comment_status":"open","ping_status":"closed","template":"","meta":[],"product_brand":[],"product_cat":[107,21,22],"product_tag":[421,254,255,313,422,258,261,316,259,260,317,318],"class_list":{"0":"post-1602","1":"product","2":"type-product","3":"status-publish","4":"has-post-thumbnail","6":"product_cat-checo-tam","7":"product_cat-friulano","8":"product_cat-la_comugne","9":"product_tag-checo-tam","10":"product_tag-contis","11":"product_tag-contis-curtis","12":"product_tag-contis-curtis-par-furlan","13":"product_tag-francesco-tami","14":"product_tag-la-comugne","15":"product_tag-raccolta-di-racconti","16":"product_tag-raccolta-di-racconti-in-friulano","17":"product_tag-racconti","18":"product_tag-racconti-brevi","19":"product_tag-racconti-in-friulano","20":"product_tag-racuelte-di-contis-par-furlan","22":"first","23":"instock","24":"shipping-taxable","25":"purchasable","26":"product-type-simple","27":"customify-col"},"_links":{"self":[{"href":"https:\/\/shop.kappavu.it\/KV\/wp-json\/wp\/v2\/product\/1602","targetHints":{"allow":["GET"]}}],"collection":[{"href":"https:\/\/shop.kappavu.it\/KV\/wp-json\/wp\/v2\/product"}],"about":[{"href":"https:\/\/shop.kappavu.it\/KV\/wp-json\/wp\/v2\/types\/product"}],"replies":[{"embeddable":true,"href":"https:\/\/shop.kappavu.it\/KV\/wp-json\/wp\/v2\/comments?post=1602"}],"wp:featuredmedia":[{"embeddable":true,"href":"https:\/\/shop.kappavu.it\/KV\/wp-json\/wp\/v2\/media\/1443"}],"wp:attachment":[{"href":"https:\/\/shop.kappavu.it\/KV\/wp-json\/wp\/v2\/media?parent=1602"}],"wp:term":[{"taxonomy":"product_brand","embeddable":true,"href":"https:\/\/shop.kappavu.it\/KV\/wp-json\/wp\/v2\/product_brand?post=1602"},{"taxonomy":"product_cat","embeddable":true,"href":"https:\/\/shop.kappavu.it\/KV\/wp-json\/wp\/v2\/product_cat?post=1602"},{"taxonomy":"product_tag","embeddable":true,"href":"https:\/\/shop.kappavu.it\/KV\/wp-json\/wp\/v2\/product_tag?post=1602"}],"curies":[{"name":"wp","href":"https:\/\/api.w.org\/{rel}","templated":true}]}}