{"id":1600,"date":"2022-02-27T20:31:16","date_gmt":"2022-02-27T19:31:16","guid":{"rendered":"https:\/\/shop.kappavu.it\/KV\/?post_type=product&#038;p=1600"},"modified":"2023-12-04T17:45:48","modified_gmt":"2023-12-04T16:45:48","slug":"dindarine-dindarone","status":"publish","type":"product","link":"https:\/\/shop.kappavu.it\/KV\/prodotto\/dindarine-dindarone\/","title":{"rendered":"DINDARINE DINDARONE"},"content":{"rendered":"<h4><\/h4>\n<h4>Cheste racuelte di \u201cDindarine Dindarone\u201d di Marisa Scuntaro e je nassude de s\u00f4 passion pe ricercje su la musiche popol\u00e2r e dai nestris resonaments intor di cetant che i zove al cerviel dai frutins a pene nass\u00fbts il contat cu la lenghe dal ambient indul\u00e0 che a nassin. Anzit o vin discut\u00fbt a dilunc su lis discuviertis dai specialiscj che nus mostravin la impuartance di svilup\u00e2 la percezion auditive, v\u00e2l a d\u00ee la capacit\u00e2t dal organisim che si svilupe tal grim de mari di scolt\u00e2 par jessi bon di invi\u00e2 pul\u00eet il proc\u00e8s di educazion in d\u00f4s o plui lenghis diferentis. Une capacit\u00e2t che e je ereditarie ma che per\u00f2 si sfante besvelte. Lu disin simpri i ricercjad\u00f4rs, precisant che la abilit\u00e2t distintive e scomence a cal\u00e2 jenfri i s\u00ees e i d\u00ees-dodis m\u00eas di vite dal frut e che la mancjance di stimui che i vegnin dal ambient e prod\u00fbs une sorte di sclerosi des sinapsis cerebr\u00e2ls. Cheste sorte di invecjament de potenzialit\u00e2t dal nestri cerviel par mancjance o par scjarset\u00e2t di stimui son\u00f4rs e rivuarde soredut la fonetiche, sei a d\u00ee la pronuncie. E va indenant planc a planc, in maniere gradu\u00e2l e progressive fintremai che la persone e devente un fantacin o une fantacine. Dopo di chest moment, defin\u00eet dai esperts \u201cpont critic\u201d, la persone e sar\u00e0 in st\u00e2t di impar\u00e2 pul\u00eet altris aspiets dal sisteme lenghistic come par esempli la gramatiche o il lessic ma e fasar\u00e0 fadie a f\u00e2si pass\u00e2 par un nat\u00eef: un nat\u00eef furlan, talian, ingl\u00eas o todesc. Si diseve dal lenghist Roman Jakobson che al jere un poliglot che al fevelave rus in d\u00ees lenghis par vie che lis veve imparadis dutis di grant cence pierdi mai l\u2019acent rus, la s\u00f4 marilenghe!<br \/>\nSu la fonde di chescj principis al \u00e8 part\u00eet un progjet di ricercje che al \u00e0 come obiet\u00eef chel di racuei une schirie di cjantis di scune, di nainis, di cjantarelis, di tiriteris e di filastrocjis tes variet\u00e2ts di furlan, di todesc, di sloven e di venit dal teritori regjon\u00e2l dopradis soredut par cuiet\u00e2 o indurmid\u00ee i pi\u00e7ui. La ricercje e \u00e0 domand\u00e2t une vore di timp pal fat che nol \u00e8 st\u00e2t facil cjat\u00e2 lis informadoris e convincilis a regjistr\u00e2. Ben disp\u00e8s, ancje parvie che al \u00e8 di dopo mai che lis nonis e lis maris si son lassadis convinci a no dopr\u00e2 plui la marilenghe in cjase specie cui pi\u00e7ui, chescj aspiets de tradizion popol\u00e2r a si son planc a planc sfant\u00e2ts. In ogni m\u00fbt Marisa Scuntaro e je rivade a f\u00e2 une \u201cgrande campagne di sgj\u00e2fs\u201d come che si d\u00ees tes ricercjis archeologjichis e e \u00e0 met\u00fbt adun une schirie di cjantis, par furlan; par venit (1 di Maran e 1 di Pordenon); 4 par sloven (2 di Rezja\/Resie, 1 di Plati\u0161\u010de\/Platischis , 1 di Ofian\/Pegliano), 3 par todesc (1 di Zahre\/Sauras e 2 di Tischlbong\/Tamau). La racuelte e \u00e0 dentri ancje cualchi tiritere recitade, une par bisiac e une unevore cognossude che e siere la racuelte. E je dite s\u00f9 di une frutine furlane e e ofr\u00ecs ai scuel\u00e2rs un biel esempli par l\u00e2i da\u00fbr.<br \/>\nAl covente rimarc\u00e2 che lis peraulis des nine-nanis, des filastrocjis e v.i. disp\u00e8s no \u00e0n un signific\u00e2t prec\u00ees. Si trate difat di formulis convenzion\u00e2ls: onomatopeis o creazions concepidis par f\u00e2 rime o par mantign\u00ee il ritmi. Nol \u00e8 il sens che al impuarte ma il sun\u00f4r che al conte.<br \/>\nChestis filastrocjis e tiriteris a jerin compagnadis di moviments prec\u00ees (il s\u00f9 e j\u00f9 de gjambe de mame o dal pai, come se a fossin cjavai; segns cul d\u00eat su la manute e v.i.) e chescj moviments a laressin conserv\u00e2ts cuant che si torne a proponilis ai fruts.<br \/>\nA son stadis di fat armonizadis ancje cuntun voli ae didatiche de lenghe e presentadis intun CD. Mi somee di pod\u00ea d\u00ee che la v\u00f4s di Marisa e rispuint ad implen ai criteris di fedelt\u00e2t ae tradizion popol\u00e2r e tal stes timp a lis esigjencis di une didatiche atente a cre\u00e2 chel ambient v\u00eef e plen di stimui che si diseve tal imprin.<\/h4>\n<h4><em>de Introduzion di Silvana Schiavi Fachin \/ Silvana Spajota dai Scl\u00e2s<\/em><\/h4>\n<p>&nbsp;<\/p>\n","protected":false},"excerpt":{"rendered":"<p>&nbsp;<\/p>\n<h4>di <strong><a href=\"http:\/\/shop.kappavu.it\/KV\/autori-mz\/#marisa-scuntaro\">MARISA SCUNTARO<\/a><\/strong><\/h4>\n<p><strong>Chest al \u00e8 un pi\u00e7ul via\u00e7 jenfri i sun\u00f4rs presints inte nestre regjon siore di lenghis e culturis diferentis, jenfri lis ninenanis, lis tiriteris, lis filastrocjis che dulinvie i agns a \u00e0n compagn\u00e2t frututis e frututs intai siums e intai z\u00fbcs e che a son testemoneancis di une memorie che par fortune no si \u00e8 ancjem\u00f2 sfantade dal dut. CD aleg\u00e2t!<\/strong><\/p>\n<p><strong><em>Questo \u00e8 un piccolo viaggio dentro i suoni presenti nella nostra regione ricca di lingue e culture differenti, fra le ninne nanne, le tiritere, le filastrocche che nel corso degli anni hanno accompagnato bambine e bambini nei sonni\/sogni e nei giochi e che sono testimonianze di una memoria che per fortuna non si \u00e8 ancora persa del tutto. CD allegato!<\/em><\/strong><\/p>\n<p>&nbsp;<\/p>\n<p><span style=\"color: #800080;\"><strong>Ilustrazions di Federica Pagnucco<\/strong><\/span><\/p>\n<p>&nbsp;<\/p>\n","protected":false},"featured_media":1442,"comment_status":"open","ping_status":"closed","template":"","meta":[],"product_brand":[],"product_cat":[24,21,179],"product_tag":[409,411,413,414,415,410,412,418,416,417],"class_list":{"0":"post-1600","1":"product","2":"type-product","3":"status-publish","4":"has-post-thumbnail","6":"product_cat-didatiche","7":"product_cat-friulano","8":"product_cat-marisa-scuntaro","9":"product_tag-canzoni-per-bambini","10":"product_tag-cjancons-pai-fruts","11":"product_tag-federica-pagnucco","12":"product_tag-filastrocche","13":"product_tag-filastrocche-in-friulano","14":"product_tag-frutins","15":"product_tag-marisa-scuntaro","16":"product_tag-michele-pucci","17":"product_tag-rimarolis","18":"product_tag-rimarolis-pai-frutins","20":"first","21":"outofstock","22":"shipping-taxable","23":"purchasable","24":"product-type-simple","25":"customify-col","26":"product-has-gallery"},"_links":{"self":[{"href":"https:\/\/shop.kappavu.it\/KV\/wp-json\/wp\/v2\/product\/1600","targetHints":{"allow":["GET"]}}],"collection":[{"href":"https:\/\/shop.kappavu.it\/KV\/wp-json\/wp\/v2\/product"}],"about":[{"href":"https:\/\/shop.kappavu.it\/KV\/wp-json\/wp\/v2\/types\/product"}],"replies":[{"embeddable":true,"href":"https:\/\/shop.kappavu.it\/KV\/wp-json\/wp\/v2\/comments?post=1600"}],"wp:featuredmedia":[{"embeddable":true,"href":"https:\/\/shop.kappavu.it\/KV\/wp-json\/wp\/v2\/media\/1442"}],"wp:attachment":[{"href":"https:\/\/shop.kappavu.it\/KV\/wp-json\/wp\/v2\/media?parent=1600"}],"wp:term":[{"taxonomy":"product_brand","embeddable":true,"href":"https:\/\/shop.kappavu.it\/KV\/wp-json\/wp\/v2\/product_brand?post=1600"},{"taxonomy":"product_cat","embeddable":true,"href":"https:\/\/shop.kappavu.it\/KV\/wp-json\/wp\/v2\/product_cat?post=1600"},{"taxonomy":"product_tag","embeddable":true,"href":"https:\/\/shop.kappavu.it\/KV\/wp-json\/wp\/v2\/product_tag?post=1600"}],"curies":[{"name":"wp","href":"https:\/\/api.w.org\/{rel}","templated":true}]}}